{"id":1319,"date":"2023-03-07T11:17:58","date_gmt":"2023-03-07T10:17:58","guid":{"rendered":"http:\/\/sotransbois.com\/?page_id=1319"},"modified":"2023-08-10T14:21:44","modified_gmt":"2023-08-10T13:21:44","slug":"juridische-informatie","status":"publish","type":"page","link":"https:\/\/sotransbois.com\/nl\/mentions-legales\/","title":{"rendered":"Juridische informatie"},"content":{"rendered":"<div data-elementor-type=\"wp-page\" data-elementor-id=\"1319\" class=\"elementor elementor-1319\" data-elementor-post-type=\"page\">\n\t\t\t\t\t\t<section class=\"elementor-section elementor-top-section elementor-element elementor-element-8c924eb elementor-section-boxed elementor-section-height-default elementor-section-height-default\" data-id=\"8c924eb\" data-element_type=\"section\" data-e-type=\"section\">\n\t\t\t\t\t\t<div class=\"elementor-container elementor-column-gap-default\">\n\t\t\t\t\t<div class=\"elementor-column elementor-col-100 elementor-top-column elementor-element elementor-element-64f85da\" data-id=\"64f85da\" data-element_type=\"column\" data-e-type=\"column\">\n\t\t\t<div class=\"elementor-widget-wrap elementor-element-populated\">\n\t\t\t\t\t\t<div class=\"elementor-element elementor-element-d095404 elementor-widget elementor-widget-heading\" data-id=\"d095404\" data-element_type=\"widget\" data-e-type=\"widget\" data-widget_type=\"heading.default\">\n\t\t\t\t<div class=\"elementor-widget-container\">\n\t\t\t\t\t<h1 class=\"elementor-heading-title elementor-size-default\">Juridische informatie<\/h1>\t\t\t\t<\/div>\n\t\t\t\t<\/div>\n\t\t\t\t<div class=\"elementor-element elementor-element-7055740 elementor-widget elementor-widget-text-editor\" data-id=\"7055740\" data-element_type=\"widget\" data-e-type=\"widget\" data-widget_type=\"text-editor.default\">\n\t\t\t\t<div class=\"elementor-widget-container\">\n\t\t\t\t\t\t\t\t\t<p><a class=\"ft-bold grey7\" href=\"https:\/\/www.societe.com\/societe\/sotransbois-353877707.html\">SOTRANSBOIS<\/a>een vennootschap met beperkte aansprakelijkheid<\/p><p>SIREN : 353877707<\/p><p>2475 Route de Fumay, 08230 Gu\u00e9-D'Hossus<\/p><p>Contact: 03 24 54 22 66 of contact@sotransbois.com<\/p>\t\t\t\t\t\t\t\t<\/div>\n\t\t\t\t<\/div>\n\t\t\t\t<div class=\"elementor-element elementor-element-78a7f48 elementor-widget elementor-widget-heading\" data-id=\"78a7f48\" data-element_type=\"widget\" data-e-type=\"widget\" data-widget_type=\"heading.default\">\n\t\t\t\t<div class=\"elementor-widget-container\">\n\t\t\t\t\t<h2 class=\"elementor-heading-title elementor-size-default\">Website<\/h2>\t\t\t\t<\/div>\n\t\t\t\t<\/div>\n\t\t\t\t<div class=\"elementor-element elementor-element-3dd0e50 elementor-widget elementor-widget-text-editor\" data-id=\"3dd0e50\" data-element_type=\"widget\" data-e-type=\"widget\" data-widget_type=\"text-editor.default\">\n\t\t\t\t<div class=\"elementor-widget-container\">\n\t\t\t\t\t\t\t\t\t<p>Publicatie : Ugo Minucci<\/p><p>De afbeeldingen op de website zijn eigendom van Sotransbois.<\/p><p>Site gehost door Flywheel, een datacenter in Belgi\u00eb.<\/p>\t\t\t\t\t\t\t\t<\/div>\n\t\t\t\t<\/div>\n\t\t\t\t<div class=\"elementor-element elementor-element-33fda94 elementor-widget elementor-widget-heading\" data-id=\"33fda94\" data-element_type=\"widget\" data-e-type=\"widget\" data-widget_type=\"heading.default\">\n\t\t\t\t<div class=\"elementor-widget-container\">\n\t\t\t\t\t<h2 class=\"elementor-heading-title elementor-size-default\">Tarieven<\/h2>\t\t\t\t<\/div>\n\t\t\t\t<\/div>\n\t\t\t\t<div class=\"elementor-element elementor-element-9f2b6b3 elementor-widget elementor-widget-text-editor\" data-id=\"9f2b6b3\" data-element_type=\"widget\" data-e-type=\"widget\" data-widget_type=\"text-editor.default\">\n\t\t\t\t<div class=\"elementor-widget-container\">\n\t\t\t\t\t\t\t\t\t<p>De prijzen op de informatiepagina zijn niet contractueel.\u00a0<\/p><p>Professionals en detailhandelaren worden uitgenodigd om contact met ons op te nemen.<\/p>\t\t\t\t\t\t\t\t<\/div>\n\t\t\t\t<\/div>\n\t\t\t\t\t<\/div>\n\t\t<\/div>\n\t\t\t\t\t<\/div>\n\t\t<\/section>\n\t\t\t\t<\/div>","protected":false},"excerpt":{"rendered":"<p>Mentions l\u00e9gales SOTRANSBOIS, soci\u00e9t\u00e9 \u00e0 responsabilit\u00e9 limit\u00e9e SIREN : 353877707 2475 Route de Fumay, 08230 Gu\u00e9-D&rsquo;Hossus Contact : 03 24 54 22 66 ou contact@sotransbois.com Site web Publication : Ugo Minucci Les images du site web appartiennent \u00e0 la soci\u00e9t\u00e9 Sotransbois. Site h\u00e9berg\u00e9 par Flywheel, centre de donn\u00e9es situ\u00e9 en Belgique. Tarifs Les tarifs affich\u00e9s [&hellip;]<\/p>\n","protected":false},"author":1,"featured_media":0,"parent":0,"menu_order":0,"comment_status":"closed","ping_status":"closed","template":"","meta":{"footnotes":""},"class_list":["post-1319","page","type-page","status-publish","hentry"],"_links":{"self":[{"href":"https:\/\/sotransbois.com\/nl\/wp-json\/wp\/v2\/pages\/1319","targetHints":{"allow":["GET"]}}],"collection":[{"href":"https:\/\/sotransbois.com\/nl\/wp-json\/wp\/v2\/pages"}],"about":[{"href":"https:\/\/sotransbois.com\/nl\/wp-json\/wp\/v2\/types\/page"}],"author":[{"embeddable":true,"href":"https:\/\/sotransbois.com\/nl\/wp-json\/wp\/v2\/users\/1"}],"replies":[{"embeddable":true,"href":"https:\/\/sotransbois.com\/nl\/wp-json\/wp\/v2\/comments?post=1319"}],"version-history":[{"count":10,"href":"https:\/\/sotransbois.com\/nl\/wp-json\/wp\/v2\/pages\/1319\/revisions"}],"predecessor-version":[{"id":2106,"href":"https:\/\/sotransbois.com\/nl\/wp-json\/wp\/v2\/pages\/1319\/revisions\/2106"}],"wp:attachment":[{"href":"https:\/\/sotransbois.com\/nl\/wp-json\/wp\/v2\/media?parent=1319"}],"curies":[{"name":"wp","href":"https:\/\/api.w.org\/{rel}","templated":true}]}}