{"id":21186,"date":"2025-02-22T14:25:58","date_gmt":"2025-02-22T13:25:58","guid":{"rendered":"https:\/\/sotransbois.com\/?page_id=21186"},"modified":"2026-04-06T12:34:24","modified_gmt":"2026-04-06T11:34:24","slug":"dozen-van-stortsteen","status":"publish","type":"page","link":"https:\/\/sotransbois.com\/nl\/boxs-fers-bascules-en-vrac\/","title":{"rendered":"Bulk gekantelde ijzeren dozen"},"content":{"rendered":"<div data-elementor-type=\"wp-page\" data-elementor-id=\"21186\" class=\"elementor elementor-21186\" data-elementor-post-type=\"page\">\n\t\t\t\t<div class=\"elementor-element elementor-element-6fb1538 e-flex e-con-boxed e-con e-parent\" data-id=\"6fb1538\" data-element_type=\"container\" data-e-type=\"container\">\n\t\t\t\t\t<div class=\"e-con-inner\">\n\t\t\t\t<div class=\"elementor-element elementor-element-5b92a4b elementor-widget elementor-widget-heading\" data-id=\"5b92a4b\" data-element_type=\"widget\" data-e-type=\"widget\" data-widget_type=\"heading.default\">\n\t\t\t\t<div class=\"elementor-widget-container\">\n\t\t\t\t\t<h1 class=\"elementor-heading-title elementor-size-default\">Kiepbak in bulk<\/h1>\t\t\t\t<\/div>\n\t\t\t\t<\/div>\n\t\t\t\t<div class=\"elementor-element elementor-element-5accabc elementor-widget elementor-widget-image\" data-id=\"5accabc\" data-element_type=\"widget\" data-e-type=\"widget\" data-widget_type=\"image.default\">\n\t\t\t\t<div class=\"elementor-widget-container\">\n\t\t\t\t\t\t\t\t\t\t\t\t\t\t\t<img fetchpriority=\"high\" decoding=\"async\" width=\"640\" height=\"361\" src=\"https:\/\/sotransbois.com\/wp-content\/uploads\/2023\/04\/livraison-vrac-bois-de-chauffage-buches-e1739284546826.webp\" class=\"attachment-medium_large size-medium_large wp-image-1492\" alt=\"bulklevering van brandhout sotransbois\" srcset=\"https:\/\/sotransbois.com\/wp-content\/uploads\/2023\/04\/livraison-vrac-bois-de-chauffage-buches-e1739284546826.webp 640w, https:\/\/sotransbois.com\/wp-content\/uploads\/2023\/04\/livraison-vrac-bois-de-chauffage-buches-e1739284546826-300x169.webp 300w, https:\/\/sotransbois.com\/wp-content\/uploads\/2023\/04\/livraison-vrac-bois-de-chauffage-buches-e1739284546826-18x10.webp 18w\" sizes=\"(max-width: 640px) 100vw, 640px\" \/>\t\t\t\t\t\t\t\t\t\t\t\t\t\t\t<\/div>\n\t\t\t\t<\/div>\n\t\t\t\t<div class=\"elementor-element elementor-element-4f3af51 elementor-widget elementor-widget-text-editor\" data-id=\"4f3af51\" data-element_type=\"widget\" data-e-type=\"widget\" data-widget_type=\"text-editor.default\">\n\t\t\t\t<div class=\"elementor-widget-container\">\n\t\t\t\t\t\t\t\t\t<p>Deze leveringsmethode wordt voornamelijk gebruikt om particulieren te leveren die bulkleveringen wensen. We gebruiken onze ijzeren boxen, die we zelf lossen en weer ophalen. Indien gewenst kunt u de boxen ook behouden in ruil voor een borgsom.<\/p><p>We gebruiken een telescopische machine, achterop de vrachtwagen gemonteerd. Onze driewieler is imposanter dan een simpel stapelbord. Hij is ongeveer 2,3 meter breed en hoog, maar er is dus minimaal 2,5 meter nodig om hem te laten passeren.\u00a0<\/p><p>De levering duurt per klant ongeveer 20 tot 30 minuten, wat iets langer is dan een levering in big bags. Hierbij moet de chauffeur zijn vrachtwagen parkeren en de afdekking verwijderen, vervolgens de machine pakken en de bakken zo veel mogelijk naar uw opslagplaats brengen. Ten slotte kantelt hij elke bak en plaatst hij ze terug in zijn vrachtwagen.<\/p><p>De boxen van 1,20m\u00b3 zijn verkrijgbaar in <strong>50cm (1.50 st\u00e8res)<\/strong>, <strong>40cm (1,60 m\u00b3)<\/strong>, <strong>30 cm (1,80 st\u00e8re)<\/strong> en <strong>25 cm (2,00 m\u00b3)<\/strong>.<\/p>\t\t\t\t\t\t\t\t<\/div>\n\t\t\t\t<\/div>\n\t\t\t\t\t<\/div>\n\t\t\t\t<\/div>\n\t\t<div class=\"elementor-element elementor-element-6054691 e-flex e-con-boxed e-con e-parent\" data-id=\"6054691\" data-element_type=\"container\" data-e-type=\"container\">\n\t\t\t\t\t<div class=\"e-con-inner\">\n\t\t\t\t<div class=\"elementor-element elementor-element-0b799ca elementor-widget elementor-widget-heading\" data-id=\"0b799ca\" data-element_type=\"widget\" data-e-type=\"widget\" data-widget_type=\"heading.default\">\n\t\t\t\t<div class=\"elementor-widget-container\">\n\t\t\t\t\t<h2 class=\"elementor-heading-title elementor-size-default\">Foto's<\/h2>\t\t\t\t<\/div>\n\t\t\t\t<\/div>\n\t\t\t\t<div class=\"elementor-element elementor-element-4015eb2 elementor-widget elementor-widget-image\" data-id=\"4015eb2\" data-element_type=\"widget\" data-e-type=\"widget\" data-widget_type=\"image.default\">\n\t\t\t\t<div class=\"elementor-widget-container\">\n\t\t\t\t\t\t\t\t\t\t\t\t<figure class=\"wp-caption\">\n\t\t\t\t\t\t\t\t\t\t<img decoding=\"async\" width=\"640\" height=\"361\" src=\"https:\/\/sotransbois.com\/wp-content\/uploads\/2023\/04\/bois-de-chauffage-par-camion-complet-sotransbois-e1742294049575.webp\" class=\"attachment-medium_large size-medium_large wp-image-1766\" alt=\"levering van een volle vrachtwagen sotransbois brandhout\" srcset=\"https:\/\/sotransbois.com\/wp-content\/uploads\/2023\/04\/bois-de-chauffage-par-camion-complet-sotransbois-e1742294049575.webp 640w, https:\/\/sotransbois.com\/wp-content\/uploads\/2023\/04\/bois-de-chauffage-par-camion-complet-sotransbois-e1742294049575-300x169.webp 300w, https:\/\/sotransbois.com\/wp-content\/uploads\/2023\/04\/bois-de-chauffage-par-camion-complet-sotransbois-e1742294049575-18x10.webp 18w\" sizes=\"(max-width: 640px) 100vw, 640px\" \/>\t\t\t\t\t\t\t\t\t\t\t<figcaption class=\"widget-image-caption wp-caption-text\">Dit is de oplegger die we gebruiken voor deze leveringsmethode.<\/figcaption>\n\t\t\t\t\t\t\t\t\t\t<\/figure>\n\t\t\t\t\t\t\t\t\t<\/div>\n\t\t\t\t<\/div>\n\t\t\t\t<div class=\"elementor-element elementor-element-63217b8 elementor-widget elementor-widget-image\" data-id=\"63217b8\" data-element_type=\"widget\" data-e-type=\"widget\" data-widget_type=\"image.default\">\n\t\t\t\t<div class=\"elementor-widget-container\">\n\t\t\t\t\t\t\t\t\t\t\t\t<figure class=\"wp-caption\">\n\t\t\t\t\t\t\t\t\t\t<img decoding=\"async\" width=\"640\" height=\"480\" src=\"https:\/\/sotransbois.com\/wp-content\/uploads\/2023\/04\/livraison-camion-bois-de-chauffage-fenwick-embarque.webp\" class=\"attachment-medium_large size-medium_large wp-image-1491\" alt=\"sotransbois vrachtwagen met vorkheftruck\" srcset=\"https:\/\/sotransbois.com\/wp-content\/uploads\/2023\/04\/livraison-camion-bois-de-chauffage-fenwick-embarque.webp 640w, https:\/\/sotransbois.com\/wp-content\/uploads\/2023\/04\/livraison-camion-bois-de-chauffage-fenwick-embarque-300x225.webp 300w\" sizes=\"(max-width: 640px) 100vw, 640px\" \/>\t\t\t\t\t\t\t\t\t\t\t<figcaption class=\"widget-image-caption wp-caption-text\">Deze oplegger bevat een fenwick aan boord.<\/figcaption>\n\t\t\t\t\t\t\t\t\t\t<\/figure>\n\t\t\t\t\t\t\t\t\t<\/div>\n\t\t\t\t<\/div>\n\t\t\t\t<div class=\"elementor-element elementor-element-604ab5e elementor-widget elementor-widget-image\" data-id=\"604ab5e\" data-element_type=\"widget\" data-e-type=\"widget\" data-widget_type=\"image.default\">\n\t\t\t\t<div class=\"elementor-widget-container\">\n\t\t\t\t\t\t\t\t\t\t\t\t<figure class=\"wp-caption\">\n\t\t\t\t\t\t\t\t\t\t<img loading=\"lazy\" decoding=\"async\" width=\"640\" height=\"480\" src=\"https:\/\/sotransbois.com\/wp-content\/uploads\/2023\/04\/box-fer-bois-de-chauffage-livraison-fenwick.webp\" class=\"attachment-medium_large size-medium_large wp-image-1488\" alt=\"vrachtwagen voor levering van brandhout sotransbois\" srcset=\"https:\/\/sotransbois.com\/wp-content\/uploads\/2023\/04\/box-fer-bois-de-chauffage-livraison-fenwick.webp 640w, https:\/\/sotransbois.com\/wp-content\/uploads\/2023\/04\/box-fer-bois-de-chauffage-livraison-fenwick-300x225.webp 300w\" sizes=\"(max-width: 640px) 100vw, 640px\" \/>\t\t\t\t\t\t\t\t\t\t\t<figcaption class=\"widget-image-caption wp-caption-text\">Wanneer onze chauffeur bij u aankomt, maakt hij zijn vrachtwagen los en haalt hij de dozen op.<\/figcaption>\n\t\t\t\t\t\t\t\t\t\t<\/figure>\n\t\t\t\t\t\t\t\t\t<\/div>\n\t\t\t\t<\/div>\n\t\t\t\t<div class=\"elementor-element elementor-element-f5a0ea5 elementor-widget elementor-widget-image\" data-id=\"f5a0ea5\" data-element_type=\"widget\" data-e-type=\"widget\" data-widget_type=\"image.default\">\n\t\t\t\t<div class=\"elementor-widget-container\">\n\t\t\t\t\t\t\t\t\t\t\t\t<figure class=\"wp-caption\">\n\t\t\t\t\t\t\t\t\t\t<img loading=\"lazy\" decoding=\"async\" width=\"640\" height=\"361\" src=\"https:\/\/sotransbois.com\/wp-content\/uploads\/2023\/04\/box-bois-de-chauffage-buches-50cm-livraison-e1742294000363.webp\" class=\"attachment-medium_large size-medium_large wp-image-1487\" alt=\"steres brandhout stammen\" srcset=\"https:\/\/sotransbois.com\/wp-content\/uploads\/2023\/04\/box-bois-de-chauffage-buches-50cm-livraison-e1742294000363.webp 640w, https:\/\/sotransbois.com\/wp-content\/uploads\/2023\/04\/box-bois-de-chauffage-buches-50cm-livraison-e1742294000363-300x169.webp 300w, https:\/\/sotransbois.com\/wp-content\/uploads\/2023\/04\/box-bois-de-chauffage-buches-50cm-livraison-e1742294000363-18x10.webp 18w\" sizes=\"(max-width: 640px) 100vw, 640px\" \/>\t\t\t\t\t\t\t\t\t\t\t<figcaption class=\"widget-image-caption wp-caption-text\">Hij vervoert de boxen naar uw huis met het voertuig.<\/figcaption>\n\t\t\t\t\t\t\t\t\t\t<\/figure>\n\t\t\t\t\t\t\t\t\t<\/div>\n\t\t\t\t<\/div>\n\t\t\t\t<div class=\"elementor-element elementor-element-ca0101f elementor-widget elementor-widget-image\" data-id=\"ca0101f\" data-element_type=\"widget\" data-e-type=\"widget\" data-widget_type=\"image.default\">\n\t\t\t\t<div class=\"elementor-widget-container\">\n\t\t\t\t\t\t\t\t\t\t\t\t<figure class=\"wp-caption\">\n\t\t\t\t\t\t\t\t\t\t<img loading=\"lazy\" decoding=\"async\" width=\"640\" height=\"361\" src=\"https:\/\/sotransbois.com\/wp-content\/uploads\/2023\/04\/dechargement-buches-vrac-bois-e1740490865369.webp\" class=\"attachment-medium_large size-medium_large wp-image-1489\" alt=\"boomstammen levering sotransbois box\" srcset=\"https:\/\/sotransbois.com\/wp-content\/uploads\/2023\/04\/dechargement-buches-vrac-bois-e1740490865369.webp 640w, https:\/\/sotransbois.com\/wp-content\/uploads\/2023\/04\/dechargement-buches-vrac-bois-e1740490865369-300x169.webp 300w, https:\/\/sotransbois.com\/wp-content\/uploads\/2023\/04\/dechargement-buches-vrac-bois-e1740490865369-18x10.webp 18w\" sizes=\"(max-width: 640px) 100vw, 640px\" \/>\t\t\t\t\t\t\t\t\t\t\t<figcaption class=\"widget-image-caption wp-caption-text\">Elke doos wordt in bulk gekiept. Onze chauffeur neemt de lege doos dan mee terug in zijn vrachtwagen.<\/figcaption>\n\t\t\t\t\t\t\t\t\t\t<\/figure>\n\t\t\t\t\t\t\t\t\t<\/div>\n\t\t\t\t<\/div>\n\t\t\t\t\t<\/div>\n\t\t\t\t<\/div>\n\t\t<div class=\"elementor-element elementor-element-fd8b058 e-flex e-con-boxed e-con e-parent\" data-id=\"fd8b058\" data-element_type=\"container\" data-e-type=\"container\">\n\t\t\t\t\t<div class=\"e-con-inner\">\n\t\t\t\t<div class=\"elementor-element elementor-element-6311637 elementor-widget elementor-widget-heading\" data-id=\"6311637\" data-element_type=\"widget\" data-e-type=\"widget\" data-widget_type=\"heading.default\">\n\t\t\t\t<div class=\"elementor-widget-container\">\n\t\t\t\t\t<h2 class=\"elementor-heading-title elementor-size-default\">Video<\/h2>\t\t\t\t<\/div>\n\t\t\t\t<\/div>\n\t\t\t\t<div class=\"elementor-element elementor-element-ccf776a elementor-widget__width-initial elementor-widget elementor-widget-video\" data-id=\"ccf776a\" data-element_type=\"widget\" data-e-type=\"widget\" data-settings=\"{&quot;youtube_url&quot;:&quot;https:\\\/\\\/youtube.com\\\/shorts\\\/zttuAcd7cTE?feature=share&quot;,&quot;video_type&quot;:&quot;youtube&quot;,&quot;controls&quot;:&quot;yes&quot;}\" data-widget_type=\"video.default\">\n\t\t\t\t<div class=\"elementor-widget-container\">\n\t\t\t\t\t\t\t<div class=\"elementor-wrapper elementor-open-inline\">\n\t\t\t<div class=\"elementor-video\"><\/div>\t\t<\/div>\n\t\t\t\t\t\t<\/div>\n\t\t\t\t<\/div>\n\t\t\t\t\t<\/div>\n\t\t\t\t<\/div>\n\t\t<div class=\"elementor-element elementor-element-574e50b8 e-flex e-con-boxed e-con e-parent\" data-id=\"574e50b8\" data-element_type=\"container\" data-e-type=\"container\">\n\t\t\t\t\t<div class=\"e-con-inner\">\n\t\t\t\t<div class=\"elementor-element elementor-element-1bfd5664 elementor-widget elementor-widget-button\" data-id=\"1bfd5664\" data-element_type=\"widget\" data-e-type=\"widget\" data-widget_type=\"button.default\">\n\t\t\t\t<div class=\"elementor-widget-container\">\n\t\t\t\t\t\t\t\t\t<div class=\"elementor-button-wrapper\">\n\t\t\t\t\t<a class=\"elementor-button elementor-button-link elementor-size-sm\" href=\"https:\/\/sotransbois.com\/nl\/tarieven\/\">\n\t\t\t\t\t\t<span class=\"elementor-button-content-wrapper\">\n\t\t\t\t\t\t<span class=\"elementor-button-icon\">\n\t\t\t\t<i aria-hidden=\"true\" class=\"fas fa-arrow-alt-circle-right\"><\/i>\t\t\t<\/span>\n\t\t\t\t\t\t\t\t\t<span class=\"elementor-button-text\">Prijzen Incl. BTW<\/span>\n\t\t\t\t\t<\/span>\n\t\t\t\t\t<\/a>\n\t\t\t\t<\/div>\n\t\t\t\t\t\t\t\t<\/div>\n\t\t\t\t<\/div>\n\t\t\t\t<div class=\"elementor-element elementor-element-7a85be5b elementor-widget elementor-widget-button\" data-id=\"7a85be5b\" data-element_type=\"widget\" data-e-type=\"widget\" data-widget_type=\"button.default\">\n\t\t\t\t<div class=\"elementor-widget-container\">\n\t\t\t\t\t\t\t\t\t<div class=\"elementor-button-wrapper\">\n\t\t\t\t\t<a class=\"elementor-button elementor-button-link elementor-size-sm\" href=\"https:\/\/sotransbois.com\/nl\/pro-contact\/\">\n\t\t\t\t\t\t<span class=\"elementor-button-content-wrapper\">\n\t\t\t\t\t\t<span class=\"elementor-button-icon\">\n\t\t\t\t<i aria-hidden=\"true\" class=\"fas fa-arrow-alt-circle-right\"><\/i>\t\t\t<\/span>\n\t\t\t\t\t\t\t\t\t<span class=\"elementor-button-text\">Prijzen Excl. BTW (Professionals)<\/span>\n\t\t\t\t\t<\/span>\n\t\t\t\t\t<\/a>\n\t\t\t\t<\/div>\n\t\t\t\t\t\t\t\t<\/div>\n\t\t\t\t<\/div>\n\t\t\t\t\t<\/div>\n\t\t\t\t<\/div>\n\t\t\t\t<\/div>","protected":false},"excerpt":{"rendered":"<p>Box bascul\u00e9 en vrac Ce mode de livraison est utilis\u00e9 principalement pour livrer des particuliers qui souhaitent une livraison en vrac. Nous utilisons nos boxs en fer, que nous basculons en vrac et que nous reprenons. Si vous souhaitez, vous pouvez aussi garder les boxs, en \u00e9change d&rsquo;une consigne. Nous utilisons un engin t\u00e9lescopique, embarqu\u00e9 [&hellip;]<\/p>\n","protected":false},"author":1,"featured_media":0,"parent":0,"menu_order":0,"comment_status":"closed","ping_status":"closed","template":"","meta":{"footnotes":""},"class_list":["post-21186","page","type-page","status-publish","hentry"],"_links":{"self":[{"href":"https:\/\/sotransbois.com\/nl\/wp-json\/wp\/v2\/pages\/21186","targetHints":{"allow":["GET"]}}],"collection":[{"href":"https:\/\/sotransbois.com\/nl\/wp-json\/wp\/v2\/pages"}],"about":[{"href":"https:\/\/sotransbois.com\/nl\/wp-json\/wp\/v2\/types\/page"}],"author":[{"embeddable":true,"href":"https:\/\/sotransbois.com\/nl\/wp-json\/wp\/v2\/users\/1"}],"replies":[{"embeddable":true,"href":"https:\/\/sotransbois.com\/nl\/wp-json\/wp\/v2\/comments?post=21186"}],"version-history":[{"count":119,"href":"https:\/\/sotransbois.com\/nl\/wp-json\/wp\/v2\/pages\/21186\/revisions"}],"predecessor-version":[{"id":32006,"href":"https:\/\/sotransbois.com\/nl\/wp-json\/wp\/v2\/pages\/21186\/revisions\/32006"}],"wp:attachment":[{"href":"https:\/\/sotransbois.com\/nl\/wp-json\/wp\/v2\/media?parent=21186"}],"curies":[{"name":"wp","href":"https:\/\/api.w.org\/{rel}","templated":true}]}}