{"id":30613,"date":"2026-01-27T11:45:47","date_gmt":"2026-01-27T10:45:47","guid":{"rendered":"https:\/\/sotransbois.com\/?page_id=30613"},"modified":"2026-04-06T18:22:52","modified_gmt":"2026-04-06T17:22:52","slug":"grossiste-en-pellet","status":"publish","type":"page","link":"https:\/\/sotransbois.com\/nl\/grossiste-en-pellet\/","title":{"rendered":"Pellet groothandelaren"},"content":{"rendered":"<div data-elementor-type=\"wp-page\" data-elementor-id=\"30613\" class=\"elementor elementor-30613\" data-elementor-post-type=\"page\">\n\t\t\t\t<div class=\"elementor-element elementor-element-62cbfb3 e-flex e-con-boxed e-con e-parent\" data-id=\"62cbfb3\" data-element_type=\"container\" data-e-type=\"container\">\n\t\t\t\t\t<div class=\"e-con-inner\">\n\t\t\t\t<div class=\"elementor-element elementor-element-72b416f elementor-widget elementor-widget-heading\" data-id=\"72b416f\" data-element_type=\"widget\" data-e-type=\"widget\" data-widget_type=\"heading.default\">\n\t\t\t\t<div class=\"elementor-widget-container\">\n\t\t\t\t\t<h1 class=\"elementor-heading-title elementor-size-default\">Pellet groothandelaren<\/h1>\t\t\t\t<\/div>\n\t\t\t\t<\/div>\n\t\t\t\t<div class=\"elementor-element elementor-element-7ec7b60 elementor-widget elementor-widget-image\" data-id=\"7ec7b60\" data-element_type=\"widget\" data-e-type=\"widget\" data-widget_type=\"image.default\">\n\t\t\t\t<div class=\"elementor-widget-container\">\n\t\t\t\t\t\t\t\t\t\t\t\t\t\t\t<img fetchpriority=\"high\" decoding=\"async\" width=\"768\" height=\"432\" src=\"https:\/\/sotransbois.com\/wp-content\/uploads\/2024\/06\/pellet-grossiste-768x432.webp\" class=\"attachment-medium_large size-medium_large wp-image-13494\" alt=\"groothandel in pellets\" srcset=\"https:\/\/sotransbois.com\/wp-content\/uploads\/2024\/06\/pellet-grossiste-768x432.webp 768w, https:\/\/sotransbois.com\/wp-content\/uploads\/2024\/06\/pellet-grossiste-300x169.webp 300w, https:\/\/sotransbois.com\/wp-content\/uploads\/2024\/06\/pellet-grossiste-1024x576.webp 1024w, https:\/\/sotransbois.com\/wp-content\/uploads\/2024\/06\/pellet-grossiste-18x10.webp 18w, https:\/\/sotransbois.com\/wp-content\/uploads\/2024\/06\/pellet-grossiste.webp 1280w\" sizes=\"(max-width: 768px) 100vw, 768px\" \/>\t\t\t\t\t\t\t\t\t\t\t\t\t\t\t<\/div>\n\t\t\t\t<\/div>\n\t\t\t\t<div class=\"elementor-element elementor-element-802e168 elementor-widget elementor-widget-text-editor\" data-id=\"802e168\" data-element_type=\"widget\" data-e-type=\"widget\" data-widget_type=\"text-editor.default\">\n\t\t\t\t<div class=\"elementor-widget-container\">\n\t\t\t\t\t\t\t\t\t<p>Wij bieden voornamelijk premium pellets aan, gecertificeerd EN+ A1. Dit is de hoogste certificering voor pellets.<\/p><p>Van de EN+A1 pellets bieden we met name het merk L\u2019P\u00c9TON ARDEUN\u00c9 aan. Dit is de enige Ardennenpellet die gecertificeerd is volgens EN+A1. De pallets bevatten 70 zakken van 15 kg, wat een totaal van 1050 kg is. Een volle vrachtwagen kan 24 tot 26 pallets bevatten.\u00a0<\/p><p>Wij leveren aan meerdere wederverkopers, waaronder winkels.<\/p><p>Wij leveren ook aan particulieren. De pellet is af te halen per minimaal \u00e9\u00e9n pallet. Of in levering per minimaal twee pallets.<\/p>\t\t\t\t\t\t\t\t<\/div>\n\t\t\t\t<\/div>\n\t\t\t\t\t<\/div>\n\t\t\t\t<\/div>\n\t\t<div class=\"elementor-element elementor-element-6749c98 e-flex e-con-boxed e-con e-parent\" data-id=\"6749c98\" data-element_type=\"container\" data-e-type=\"container\">\n\t\t\t\t\t<div class=\"e-con-inner\">\n\t\t\t\t<div class=\"elementor-element elementor-element-6c0c316 elementor-widget elementor-widget-heading\" data-id=\"6c0c316\" data-element_type=\"widget\" data-e-type=\"widget\" data-widget_type=\"heading.default\">\n\t\t\t\t<div class=\"elementor-widget-container\">\n\t\t\t\t\t<h2 class=\"elementor-heading-title elementor-size-default\">Foto's<\/h2>\t\t\t\t<\/div>\n\t\t\t\t<\/div>\n\t\t\t\t<div class=\"elementor-element elementor-element-8cbbf72 elementor-widget elementor-widget-image\" data-id=\"8cbbf72\" data-element_type=\"widget\" data-e-type=\"widget\" data-widget_type=\"image.default\">\n\t\t\t\t<div class=\"elementor-widget-container\">\n\t\t\t\t\t\t\t\t\t\t\t\t<figure class=\"wp-caption\">\n\t\t\t\t\t\t\t\t\t\t<img decoding=\"async\" width=\"768\" height=\"432\" src=\"https:\/\/sotransbois.com\/wp-content\/uploads\/2024\/08\/drive-pellet-768x432.webp\" class=\"attachment-medium_large size-medium_large wp-image-13768\" alt=\"aandrijfkorrel\" srcset=\"https:\/\/sotransbois.com\/wp-content\/uploads\/2024\/08\/drive-pellet-768x432.webp 768w, https:\/\/sotransbois.com\/wp-content\/uploads\/2024\/08\/drive-pellet-300x169.webp 300w, https:\/\/sotransbois.com\/wp-content\/uploads\/2024\/08\/drive-pellet-1024x576.webp 1024w, https:\/\/sotransbois.com\/wp-content\/uploads\/2024\/08\/drive-pellet-18x10.webp 18w, https:\/\/sotransbois.com\/wp-content\/uploads\/2024\/08\/drive-pellet.webp 1280w\" sizes=\"(max-width: 768px) 100vw, 768px\" \/>\t\t\t\t\t\t\t\t\t\t\t<figcaption class=\"widget-image-caption wp-caption-text\">Afhalen uit ons depot<\/figcaption>\n\t\t\t\t\t\t\t\t\t\t<\/figure>\n\t\t\t\t\t\t\t\t\t<\/div>\n\t\t\t\t<\/div>\n\t\t\t\t<div class=\"elementor-element elementor-element-43c5523 elementor-widget elementor-widget-image\" data-id=\"43c5523\" data-element_type=\"widget\" data-e-type=\"widget\" data-widget_type=\"image.default\">\n\t\t\t\t<div class=\"elementor-widget-container\">\n\t\t\t\t\t\t\t\t\t\t\t\t<figure class=\"wp-caption\">\n\t\t\t\t\t\t\t\t\t\t<img decoding=\"async\" width=\"768\" height=\"432\" src=\"https:\/\/sotransbois.com\/wp-content\/uploads\/2024\/06\/achat-groupe-pellet-768x432.webp\" class=\"attachment-medium_large size-medium_large wp-image-13401\" alt=\"Groepsaankoop van brandhout en pellets\" srcset=\"https:\/\/sotransbois.com\/wp-content\/uploads\/2024\/06\/achat-groupe-pellet-768x432.webp 768w, https:\/\/sotransbois.com\/wp-content\/uploads\/2024\/06\/achat-groupe-pellet-300x169.webp 300w, https:\/\/sotransbois.com\/wp-content\/uploads\/2024\/06\/achat-groupe-pellet-1024x576.webp 1024w, https:\/\/sotransbois.com\/wp-content\/uploads\/2024\/06\/achat-groupe-pellet-18x10.webp 18w, https:\/\/sotransbois.com\/wp-content\/uploads\/2024\/06\/achat-groupe-pellet.webp 1280w\" sizes=\"(max-width: 768px) 100vw, 768px\" \/>\t\t\t\t\t\t\t\t\t\t\t<figcaption class=\"widget-image-caption wp-caption-text\">Mengen mogelijk met brandhoutkisten<\/figcaption>\n\t\t\t\t\t\t\t\t\t\t<\/figure>\n\t\t\t\t\t\t\t\t\t<\/div>\n\t\t\t\t<\/div>\n\t\t\t\t<div class=\"elementor-element elementor-element-c63aeed elementor-widget elementor-widget-image\" data-id=\"c63aeed\" data-element_type=\"widget\" data-e-type=\"widget\" data-widget_type=\"image.default\">\n\t\t\t\t<div class=\"elementor-widget-container\">\n\t\t\t\t\t\t\t\t\t\t\t\t\t\t\t<img loading=\"lazy\" decoding=\"async\" width=\"768\" height=\"432\" src=\"https:\/\/sotransbois.com\/wp-content\/uploads\/2024\/06\/pellet-768x432.webp\" class=\"attachment-medium_large size-medium_large wp-image-13339\" alt=\"groothandel in pellets\" srcset=\"https:\/\/sotransbois.com\/wp-content\/uploads\/2024\/06\/pellet-768x432.webp 768w, https:\/\/sotransbois.com\/wp-content\/uploads\/2024\/06\/pellet-300x169.webp 300w, https:\/\/sotransbois.com\/wp-content\/uploads\/2024\/06\/pellet-1024x576.webp 1024w, https:\/\/sotransbois.com\/wp-content\/uploads\/2024\/06\/pellet-18x10.webp 18w, https:\/\/sotransbois.com\/wp-content\/uploads\/2024\/06\/pellet.webp 1280w\" sizes=\"(max-width: 768px) 100vw, 768px\" \/>\t\t\t\t\t\t\t\t\t\t\t\t\t\t\t<\/div>\n\t\t\t\t<\/div>\n\t\t\t\t\t<\/div>\n\t\t\t\t<\/div>\n\t\t<div class=\"elementor-element elementor-element-34cf684 e-flex e-con-boxed e-con e-parent\" data-id=\"34cf684\" data-element_type=\"container\" data-e-type=\"container\">\n\t\t\t\t\t<div class=\"e-con-inner\">\n\t\t\t\t<div class=\"elementor-element elementor-element-a450310 elementor-widget elementor-widget-button\" data-id=\"a450310\" data-element_type=\"widget\" data-e-type=\"widget\" data-widget_type=\"button.default\">\n\t\t\t\t<div class=\"elementor-widget-container\">\n\t\t\t\t\t\t\t\t\t<div class=\"elementor-button-wrapper\">\n\t\t\t\t\t<a class=\"elementor-button elementor-button-link elementor-size-sm\" href=\"https:\/\/sotransbois.com\/nl\/tarieven\/\">\n\t\t\t\t\t\t<span class=\"elementor-button-content-wrapper\">\n\t\t\t\t\t\t<span class=\"elementor-button-icon\">\n\t\t\t\t<i aria-hidden=\"true\" class=\"fas fa-arrow-alt-circle-right\"><\/i>\t\t\t<\/span>\n\t\t\t\t\t\t\t\t\t<span class=\"elementor-button-text\">Prijzen Incl. BTW<\/span>\n\t\t\t\t\t<\/span>\n\t\t\t\t\t<\/a>\n\t\t\t\t<\/div>\n\t\t\t\t\t\t\t\t<\/div>\n\t\t\t\t<\/div>\n\t\t\t\t<div class=\"elementor-element elementor-element-781e27f elementor-widget elementor-widget-button\" data-id=\"781e27f\" data-element_type=\"widget\" data-e-type=\"widget\" data-widget_type=\"button.default\">\n\t\t\t\t<div class=\"elementor-widget-container\">\n\t\t\t\t\t\t\t\t\t<div class=\"elementor-button-wrapper\">\n\t\t\t\t\t<a class=\"elementor-button elementor-button-link elementor-size-sm\" href=\"https:\/\/sotransbois.com\/nl\/pro-contact\/\">\n\t\t\t\t\t\t<span class=\"elementor-button-content-wrapper\">\n\t\t\t\t\t\t<span class=\"elementor-button-icon\">\n\t\t\t\t<i aria-hidden=\"true\" class=\"fas fa-arrow-alt-circle-right\"><\/i>\t\t\t<\/span>\n\t\t\t\t\t\t\t\t\t<span class=\"elementor-button-text\">Prijzen Excl. BTW (Professionals)<\/span>\n\t\t\t\t\t<\/span>\n\t\t\t\t\t<\/a>\n\t\t\t\t<\/div>\n\t\t\t\t\t\t\t\t<\/div>\n\t\t\t\t<\/div>\n\t\t\t\t\t<\/div>\n\t\t\t\t<\/div>\n\t\t\t\t<\/div>","protected":false},"excerpt":{"rendered":"<p>Grossiste en pellet Nous proposons principalement du pellet haut-de-gamme, certifi\u00e9 EN+ A1. C&rsquo;est la plus haute certification pour le pellet. Parmi les pellets EN+A1, nous proposons notamment la marque L&rsquo;P\u00c9TON ARDEUN\u00c9. Il s&rsquo;agit du seul pellet ardennais certifi\u00e9 EN+A1. Les palettes contiennent 70 sacs de 15kg, soit 1050kg au total. Un camion complet peut contenir [&hellip;]<\/p>\n","protected":false},"author":1,"featured_media":0,"parent":0,"menu_order":0,"comment_status":"closed","ping_status":"closed","template":"","meta":{"footnotes":""},"class_list":["post-30613","page","type-page","status-publish","hentry"],"_links":{"self":[{"href":"https:\/\/sotransbois.com\/nl\/wp-json\/wp\/v2\/pages\/30613","targetHints":{"allow":["GET"]}}],"collection":[{"href":"https:\/\/sotransbois.com\/nl\/wp-json\/wp\/v2\/pages"}],"about":[{"href":"https:\/\/sotransbois.com\/nl\/wp-json\/wp\/v2\/types\/page"}],"author":[{"embeddable":true,"href":"https:\/\/sotransbois.com\/nl\/wp-json\/wp\/v2\/users\/1"}],"replies":[{"embeddable":true,"href":"https:\/\/sotransbois.com\/nl\/wp-json\/wp\/v2\/comments?post=30613"}],"version-history":[{"count":7,"href":"https:\/\/sotransbois.com\/nl\/wp-json\/wp\/v2\/pages\/30613\/revisions"}],"predecessor-version":[{"id":32089,"href":"https:\/\/sotransbois.com\/nl\/wp-json\/wp\/v2\/pages\/30613\/revisions\/32089"}],"wp:attachment":[{"href":"https:\/\/sotransbois.com\/nl\/wp-json\/wp\/v2\/media?parent=30613"}],"curies":[{"name":"wp","href":"https:\/\/api.w.org\/{rel}","templated":true}]}}