{"id":30966,"date":"2026-02-18T13:12:08","date_gmt":"2026-02-18T12:12:08","guid":{"rendered":"https:\/\/sotransbois.com\/?page_id=30966"},"modified":"2026-04-06T13:56:10","modified_gmt":"2026-04-06T12:56:10","slug":"stortkokers","status":"publish","type":"page","link":"https:\/\/sotransbois.com\/nl\/chutes-de-grumes\/","title":{"rendered":"Vallende boomstammen"},"content":{"rendered":"<div data-elementor-type=\"wp-page\" data-elementor-id=\"30966\" class=\"elementor elementor-30966\" data-elementor-post-type=\"page\">\n\t\t\t\t<div class=\"elementor-element elementor-element-7b1304b e-flex e-con-boxed e-con e-parent\" data-id=\"7b1304b\" data-element_type=\"container\" data-e-type=\"container\">\n\t\t\t\t\t<div class=\"e-con-inner\">\n\t\t\t\t<div class=\"elementor-element elementor-element-fb318cb elementor-widget elementor-widget-heading\" data-id=\"fb318cb\" data-element_type=\"widget\" data-e-type=\"widget\" data-widget_type=\"heading.default\">\n\t\t\t\t<div class=\"elementor-widget-container\">\n\t\t\t\t\t<h1 class=\"elementor-heading-title elementor-size-default\">Vallende boomstammen<\/h1>\t\t\t\t<\/div>\n\t\t\t\t<\/div>\n\t\t\t\t<div class=\"elementor-element elementor-element-34467a7 elementor-widget elementor-widget-image\" data-id=\"34467a7\" data-element_type=\"widget\" data-e-type=\"widget\" data-widget_type=\"image.default\">\n\t\t\t\t<div class=\"elementor-widget-container\">\n\t\t\t\t\t\t\t\t\t\t\t\t\t\t\t<img fetchpriority=\"high\" decoding=\"async\" width=\"768\" height=\"432\" src=\"https:\/\/sotransbois.com\/wp-content\/uploads\/2025\/12\/STB-1280\u00d7720PX-bis-6-768x432.webp\" class=\"attachment-medium_large size-medium_large wp-image-30029\" alt=\"\" srcset=\"https:\/\/sotransbois.com\/wp-content\/uploads\/2025\/12\/STB-1280\u00d7720PX-bis-6-768x432.webp 768w, https:\/\/sotransbois.com\/wp-content\/uploads\/2025\/12\/STB-1280\u00d7720PX-bis-6-300x169.webp 300w, https:\/\/sotransbois.com\/wp-content\/uploads\/2025\/12\/STB-1280\u00d7720PX-bis-6-1024x576.webp 1024w, https:\/\/sotransbois.com\/wp-content\/uploads\/2025\/12\/STB-1280\u00d7720PX-bis-6-18x10.jpg 18w, https:\/\/sotransbois.com\/wp-content\/uploads\/2025\/12\/STB-1280\u00d7720PX-bis-6.webp 1280w\" sizes=\"(max-width: 768px) 100vw, 768px\" \/>\t\t\t\t\t\t\t\t\t\t\t\t\t\t\t<\/div>\n\t\t\t\t<\/div>\n\t\t\t\t<div class=\"elementor-element elementor-element-faedbf3 elementor-widget elementor-widget-text-editor\" data-id=\"faedbf3\" data-element_type=\"widget\" data-e-type=\"widget\" data-widget_type=\"text-editor.default\">\n\t\t\t\t<div class=\"elementor-widget-container\">\n\t\t\t\t\t\t\t\t\t<p>Boomstamkloven zijn grote stukken die voortkomen uit het zagen van boomstammen, voornamelijk eiken en essen. De gemiddelde diameter is 30 tot 70 cm en de gemiddelde lengte is 60 tot 110 cm.<\/p><p>Dit is het goedkoopste product. Ideaal als je een verticale klover hebt.<\/p><p>Levering door 30m3 bulk kiep- of 55m3 bulk graan kiepwagen.<\/p><p>Als je een horizontale kloofklief of houtklover hebt, geef je de voorkeur aan <a href=\"https:\/\/sotransbois.com\/nl\/brandhout-2-meter\/\">hout in 2m<\/a>.<\/p>\t\t\t\t\t\t\t\t<\/div>\n\t\t\t\t<\/div>\n\t\t\t\t\t<\/div>\n\t\t\t\t<\/div>\n\t\t<div class=\"elementor-element elementor-element-2f30120 e-flex e-con-boxed e-con e-parent\" data-id=\"2f30120\" data-element_type=\"container\" data-e-type=\"container\">\n\t\t\t\t\t<div class=\"e-con-inner\">\n\t\t\t\t<div class=\"elementor-element elementor-element-5a41de4 elementor-widget elementor-widget-heading\" data-id=\"5a41de4\" data-element_type=\"widget\" data-e-type=\"widget\" data-widget_type=\"heading.default\">\n\t\t\t\t<div class=\"elementor-widget-container\">\n\t\t\t\t\t<h2 class=\"elementor-heading-title elementor-size-default\">Foto's<\/h2>\t\t\t\t<\/div>\n\t\t\t\t<\/div>\n\t\t\t\t<div class=\"elementor-element elementor-element-ff8f246 elementor-widget elementor-widget-image\" data-id=\"ff8f246\" data-element_type=\"widget\" data-e-type=\"widget\" data-widget_type=\"image.default\">\n\t\t\t\t<div class=\"elementor-widget-container\">\n\t\t\t\t\t\t\t\t\t\t\t\t<figure class=\"wp-caption\">\n\t\t\t\t\t\t\t\t\t\t<img decoding=\"async\" width=\"768\" height=\"432\" src=\"https:\/\/sotransbois.com\/wp-content\/uploads\/2026\/02\/Img-sotransbois-1280\u00d7720PX-1-768x432.webp\" class=\"attachment-medium_large size-medium_large wp-image-30874\" alt=\"\" srcset=\"https:\/\/sotransbois.com\/wp-content\/uploads\/2026\/02\/Img-sotransbois-1280\u00d7720PX-1-768x432.webp 768w, https:\/\/sotransbois.com\/wp-content\/uploads\/2026\/02\/Img-sotransbois-1280\u00d7720PX-1-300x169.webp 300w, https:\/\/sotransbois.com\/wp-content\/uploads\/2026\/02\/Img-sotransbois-1280\u00d7720PX-1-1024x576.webp 1024w, https:\/\/sotransbois.com\/wp-content\/uploads\/2026\/02\/Img-sotransbois-1280\u00d7720PX-1-18x10.jpg 18w, https:\/\/sotransbois.com\/wp-content\/uploads\/2026\/02\/Img-sotransbois-1280\u00d7720PX-1.webp 1280w\" sizes=\"(max-width: 768px) 100vw, 768px\" \/>\t\t\t\t\t\t\t\t\t\t\t<figcaption class=\"widget-image-caption wp-caption-text\">Benne 30m3 bulk<\/figcaption>\n\t\t\t\t\t\t\t\t\t\t<\/figure>\n\t\t\t\t\t\t\t\t\t<\/div>\n\t\t\t\t<\/div>\n\t\t\t\t<div class=\"elementor-element elementor-element-1d2154c elementor-widget elementor-widget-image\" data-id=\"1d2154c\" data-element_type=\"widget\" data-e-type=\"widget\" data-widget_type=\"image.default\">\n\t\t\t\t<div class=\"elementor-widget-container\">\n\t\t\t\t\t\t\t\t\t\t\t\t<figure class=\"wp-caption\">\n\t\t\t\t\t\t\t\t\t\t<img decoding=\"async\" width=\"768\" height=\"432\" src=\"https:\/\/sotransbois.com\/wp-content\/uploads\/2025\/12\/STB-1280\u00d7720PX-bis-5-768x432.webp\" class=\"attachment-medium_large size-medium_large wp-image-30016\" alt=\"\" srcset=\"https:\/\/sotransbois.com\/wp-content\/uploads\/2025\/12\/STB-1280\u00d7720PX-bis-5-768x432.webp 768w, https:\/\/sotransbois.com\/wp-content\/uploads\/2025\/12\/STB-1280\u00d7720PX-bis-5-300x169.webp 300w, https:\/\/sotransbois.com\/wp-content\/uploads\/2025\/12\/STB-1280\u00d7720PX-bis-5-1024x576.webp 1024w, https:\/\/sotransbois.com\/wp-content\/uploads\/2025\/12\/STB-1280\u00d7720PX-bis-5-18x10.jpg 18w, https:\/\/sotransbois.com\/wp-content\/uploads\/2025\/12\/STB-1280\u00d7720PX-bis-5.webp 1280w\" sizes=\"(max-width: 768px) 100vw, 768px\" \/>\t\t\t\t\t\t\t\t\t\t\t<figcaption class=\"widget-image-caption wp-caption-text\">30 m\u00b3 stortbak<\/figcaption>\n\t\t\t\t\t\t\t\t\t\t<\/figure>\n\t\t\t\t\t\t\t\t\t<\/div>\n\t\t\t\t<\/div>\n\t\t\t\t<div class=\"elementor-element elementor-element-a30f792 elementor-widget elementor-widget-image\" data-id=\"a30f792\" data-element_type=\"widget\" data-e-type=\"widget\" data-widget_type=\"image.default\">\n\t\t\t\t<div class=\"elementor-widget-container\">\n\t\t\t\t\t\t\t\t\t\t\t\t<figure class=\"wp-caption\">\n\t\t\t\t\t\t\t\t\t\t<img loading=\"lazy\" decoding=\"async\" width=\"768\" height=\"432\" src=\"https:\/\/sotransbois.com\/wp-content\/uploads\/2025\/07\/benne-de-purges-chutes-de-grumes-1-768x432.webp\" class=\"attachment-medium_large size-medium_large wp-image-23401\" alt=\"spoelemmer (resthout) (1)\" srcset=\"https:\/\/sotransbois.com\/wp-content\/uploads\/2025\/07\/benne-de-purges-chutes-de-grumes-1-768x432.webp 768w, https:\/\/sotransbois.com\/wp-content\/uploads\/2025\/07\/benne-de-purges-chutes-de-grumes-1-300x169.webp 300w, https:\/\/sotransbois.com\/wp-content\/uploads\/2025\/07\/benne-de-purges-chutes-de-grumes-1-1024x576.webp 1024w, https:\/\/sotransbois.com\/wp-content\/uploads\/2025\/07\/benne-de-purges-chutes-de-grumes-1-18x10.webp 18w, https:\/\/sotransbois.com\/wp-content\/uploads\/2025\/07\/benne-de-purges-chutes-de-grumes-1.webp 1280w\" sizes=\"(max-width: 768px) 100vw, 768px\" \/>\t\t\t\t\t\t\t\t\t\t\t<figcaption class=\"widget-image-caption wp-caption-text\">30 m\u00b3 stortbak<\/figcaption>\n\t\t\t\t\t\t\t\t\t\t<\/figure>\n\t\t\t\t\t\t\t\t\t<\/div>\n\t\t\t\t<\/div>\n\t\t\t\t<div class=\"elementor-element elementor-element-9b2b36f elementor-widget elementor-widget-image\" data-id=\"9b2b36f\" data-element_type=\"widget\" data-e-type=\"widget\" data-widget_type=\"image.default\">\n\t\t\t\t<div class=\"elementor-widget-container\">\n\t\t\t\t\t\t\t\t\t\t\t\t<figure class=\"wp-caption\">\n\t\t\t\t\t\t\t\t\t\t<img loading=\"lazy\" decoding=\"async\" width=\"768\" height=\"432\" src=\"https:\/\/sotransbois.com\/wp-content\/uploads\/2025\/07\/benne-de-purges-chutes-de-grumes-768x432.webp\" class=\"attachment-medium_large size-medium_large wp-image-23400\" alt=\"overslaan (afsnijdsels)\" srcset=\"https:\/\/sotransbois.com\/wp-content\/uploads\/2025\/07\/benne-de-purges-chutes-de-grumes-768x432.webp 768w, https:\/\/sotransbois.com\/wp-content\/uploads\/2025\/07\/benne-de-purges-chutes-de-grumes-300x169.webp 300w, https:\/\/sotransbois.com\/wp-content\/uploads\/2025\/07\/benne-de-purges-chutes-de-grumes-1024x576.webp 1024w, https:\/\/sotransbois.com\/wp-content\/uploads\/2025\/07\/benne-de-purges-chutes-de-grumes-18x10.webp 18w, https:\/\/sotransbois.com\/wp-content\/uploads\/2025\/07\/benne-de-purges-chutes-de-grumes.webp 1280w\" sizes=\"(max-width: 768px) 100vw, 768px\" \/>\t\t\t\t\t\t\t\t\t\t\t<figcaption class=\"widget-image-caption wp-caption-text\">30 m\u00b3 stortbak<\/figcaption>\n\t\t\t\t\t\t\t\t\t\t<\/figure>\n\t\t\t\t\t\t\t\t\t<\/div>\n\t\t\t\t<\/div>\n\t\t\t\t<div class=\"elementor-element elementor-element-94dcc49 elementor-widget elementor-widget-image\" data-id=\"94dcc49\" data-element_type=\"widget\" data-e-type=\"widget\" data-widget_type=\"image.default\">\n\t\t\t\t<div class=\"elementor-widget-container\">\n\t\t\t\t\t\t\t\t\t\t\t\t<figure class=\"wp-caption\">\n\t\t\t\t\t\t\t\t\t\t<img loading=\"lazy\" decoding=\"async\" width=\"768\" height=\"432\" src=\"https:\/\/sotransbois.com\/wp-content\/uploads\/2026\/02\/Img-sotransbois-1280\u00d7720PX-5-768x432.webp\" class=\"attachment-medium_large size-medium_large wp-image-31147\" alt=\"\" srcset=\"https:\/\/sotransbois.com\/wp-content\/uploads\/2026\/02\/Img-sotransbois-1280\u00d7720PX-5-768x432.webp 768w, https:\/\/sotransbois.com\/wp-content\/uploads\/2026\/02\/Img-sotransbois-1280\u00d7720PX-5-300x169.webp 300w, https:\/\/sotransbois.com\/wp-content\/uploads\/2026\/02\/Img-sotransbois-1280\u00d7720PX-5-1024x576.webp 1024w, https:\/\/sotransbois.com\/wp-content\/uploads\/2026\/02\/Img-sotransbois-1280\u00d7720PX-5-18x10.jpg 18w, https:\/\/sotransbois.com\/wp-content\/uploads\/2026\/02\/Img-sotransbois-1280\u00d7720PX-5.webp 1280w\" sizes=\"(max-width: 768px) 100vw, 768px\" \/>\t\t\t\t\t\t\t\t\t\t\t<figcaption class=\"widget-image-caption wp-caption-text\">30m\u00b3 bulkcontainer<\/figcaption>\n\t\t\t\t\t\t\t\t\t\t<\/figure>\n\t\t\t\t\t\t\t\t\t<\/div>\n\t\t\t\t<\/div>\n\t\t\t\t<div class=\"elementor-element elementor-element-12abd9c elementor-widget elementor-widget-image\" data-id=\"12abd9c\" data-element_type=\"widget\" data-e-type=\"widget\" data-widget_type=\"image.default\">\n\t\t\t\t<div class=\"elementor-widget-container\">\n\t\t\t\t\t\t\t\t\t\t\t\t<figure class=\"wp-caption\">\n\t\t\t\t\t\t\t\t\t\t<img loading=\"lazy\" decoding=\"async\" width=\"768\" height=\"432\" src=\"https:\/\/sotransbois.com\/wp-content\/uploads\/2026\/02\/STB-1280\u00d7720PX-bis-12-768x432.webp\" class=\"attachment-medium_large size-medium_large wp-image-30972\" alt=\"\" srcset=\"https:\/\/sotransbois.com\/wp-content\/uploads\/2026\/02\/STB-1280\u00d7720PX-bis-12-768x432.webp 768w, https:\/\/sotransbois.com\/wp-content\/uploads\/2026\/02\/STB-1280\u00d7720PX-bis-12-300x169.webp 300w, https:\/\/sotransbois.com\/wp-content\/uploads\/2026\/02\/STB-1280\u00d7720PX-bis-12-1024x576.webp 1024w, https:\/\/sotransbois.com\/wp-content\/uploads\/2026\/02\/STB-1280\u00d7720PX-bis-12-18x10.jpg 18w, https:\/\/sotransbois.com\/wp-content\/uploads\/2026\/02\/STB-1280\u00d7720PX-bis-12.webp 1280w\" sizes=\"(max-width: 768px) 100vw, 768px\" \/>\t\t\t\t\t\t\t\t\t\t\t<figcaption class=\"widget-image-caption wp-caption-text\">En de 55m3 bulklading<\/figcaption>\n\t\t\t\t\t\t\t\t\t\t<\/figure>\n\t\t\t\t\t\t\t\t\t<\/div>\n\t\t\t\t<\/div>\n\t\t\t\t<div class=\"elementor-element elementor-element-ac04c76 elementor-widget elementor-widget-image\" data-id=\"ac04c76\" data-element_type=\"widget\" data-e-type=\"widget\" data-widget_type=\"image.default\">\n\t\t\t\t<div class=\"elementor-widget-container\">\n\t\t\t\t\t\t\t\t\t\t\t\t<figure class=\"wp-caption\">\n\t\t\t\t\t\t\t\t\t\t<img loading=\"lazy\" decoding=\"async\" width=\"768\" height=\"433\" src=\"https:\/\/sotransbois.com\/wp-content\/uploads\/2026\/02\/coulon-photo-purges-e1770387880168-768x433.webp\" class=\"attachment-medium_large size-medium_large wp-image-30768\" alt=\"\" srcset=\"https:\/\/sotransbois.com\/wp-content\/uploads\/2026\/02\/coulon-photo-purges-e1770387880168-768x433.webp 768w, https:\/\/sotransbois.com\/wp-content\/uploads\/2026\/02\/coulon-photo-purges-e1770387880168-300x169.webp 300w, https:\/\/sotransbois.com\/wp-content\/uploads\/2026\/02\/coulon-photo-purges-e1770387880168-1024x577.webp 1024w, https:\/\/sotransbois.com\/wp-content\/uploads\/2026\/02\/coulon-photo-purges-e1770387880168-1536x866.webp 1536w, https:\/\/sotransbois.com\/wp-content\/uploads\/2026\/02\/coulon-photo-purges-e1770387880168-18x10.webp 18w, https:\/\/sotransbois.com\/wp-content\/uploads\/2026\/02\/coulon-photo-purges-e1770387880168.webp 1920w\" sizes=\"(max-width: 768px) 100vw, 768px\" \/>\t\t\t\t\t\t\t\t\t\t\t<figcaption class=\"widget-image-caption wp-caption-text\">En de 55m3 bulklading<\/figcaption>\n\t\t\t\t\t\t\t\t\t\t<\/figure>\n\t\t\t\t\t\t\t\t\t<\/div>\n\t\t\t\t<\/div>\n\t\t\t\t<div class=\"elementor-element elementor-element-016b4f6 elementor-widget elementor-widget-image\" data-id=\"016b4f6\" data-element_type=\"widget\" data-e-type=\"widget\" data-widget_type=\"image.default\">\n\t\t\t\t<div class=\"elementor-widget-container\">\n\t\t\t\t\t\t\t\t\t\t\t\t<figure class=\"wp-caption\">\n\t\t\t\t\t\t\t\t\t\t<img loading=\"lazy\" decoding=\"async\" width=\"768\" height=\"432\" src=\"https:\/\/sotransbois.com\/wp-content\/uploads\/2026\/02\/Img-sotransbois-1280\u00d7720PX-4-768x432.jpg\" class=\"attachment-medium_large size-medium_large wp-image-30876\" alt=\"\" srcset=\"https:\/\/sotransbois.com\/wp-content\/uploads\/2026\/02\/Img-sotransbois-1280\u00d7720PX-4-768x432.jpg 768w, https:\/\/sotransbois.com\/wp-content\/uploads\/2026\/02\/Img-sotransbois-1280\u00d7720PX-4-300x169.jpg 300w, https:\/\/sotransbois.com\/wp-content\/uploads\/2026\/02\/Img-sotransbois-1280\u00d7720PX-4-1024x576.jpg 1024w, https:\/\/sotransbois.com\/wp-content\/uploads\/2026\/02\/Img-sotransbois-1280\u00d7720PX-4-18x10.jpg 18w, https:\/\/sotransbois.com\/wp-content\/uploads\/2026\/02\/Img-sotransbois-1280\u00d7720PX-4.jpg 1280w\" sizes=\"(max-width: 768px) 100vw, 768px\" \/>\t\t\t\t\t\t\t\t\t\t\t<figcaption class=\"widget-image-caption wp-caption-text\">En de 55m3 bulklading<\/figcaption>\n\t\t\t\t\t\t\t\t\t\t<\/figure>\n\t\t\t\t\t\t\t\t\t<\/div>\n\t\t\t\t<\/div>\n\t\t\t\t\t<\/div>\n\t\t\t\t<\/div>\n\t\t\t\t<\/div>","protected":false},"excerpt":{"rendered":"<p>Chutes de grumes Les chutes de grumes sont des gros morceaux issus de la d\u00e9coupe de grumes, principalement du ch\u00eane et du fr\u00eane. Le diam\u00e8tre moyen est de 30 \u00e0 70cm et la longueur moyenne est de 60 \u00e0 110cm. C&rsquo;est le produit le moins cher. Id\u00e9al si vous avez un fendeur vertical. Livraison par [&hellip;]<\/p>\n","protected":false},"author":1,"featured_media":0,"parent":0,"menu_order":0,"comment_status":"closed","ping_status":"closed","template":"","meta":{"footnotes":""},"class_list":["post-30966","page","type-page","status-publish","hentry"],"_links":{"self":[{"href":"https:\/\/sotransbois.com\/nl\/wp-json\/wp\/v2\/pages\/30966","targetHints":{"allow":["GET"]}}],"collection":[{"href":"https:\/\/sotransbois.com\/nl\/wp-json\/wp\/v2\/pages"}],"about":[{"href":"https:\/\/sotransbois.com\/nl\/wp-json\/wp\/v2\/types\/page"}],"author":[{"embeddable":true,"href":"https:\/\/sotransbois.com\/nl\/wp-json\/wp\/v2\/users\/1"}],"replies":[{"embeddable":true,"href":"https:\/\/sotransbois.com\/nl\/wp-json\/wp\/v2\/comments?post=30966"}],"version-history":[{"count":31,"href":"https:\/\/sotransbois.com\/nl\/wp-json\/wp\/v2\/pages\/30966\/revisions"}],"predecessor-version":[{"id":32031,"href":"https:\/\/sotransbois.com\/nl\/wp-json\/wp\/v2\/pages\/30966\/revisions\/32031"}],"wp:attachment":[{"href":"https:\/\/sotransbois.com\/nl\/wp-json\/wp\/v2\/media?parent=30966"}],"curies":[{"name":"wp","href":"https:\/\/api.w.org\/{rel}","templated":true}]}}