{"id":6053,"date":"2024-02-25T10:22:39","date_gmt":"2024-02-25T09:22:39","guid":{"rendered":"http:\/\/sotransbois.com\/?page_id=6053"},"modified":"2026-04-06T14:06:35","modified_gmt":"2026-04-06T13:06:35","slug":"hout-om-te-koken","status":"publish","type":"page","link":"https:\/\/sotransbois.com\/nl\/bois-pour-cuisson\/","title":{"rendered":"Hout om te koken"},"content":{"rendered":"<div data-elementor-type=\"wp-page\" data-elementor-id=\"6053\" class=\"elementor elementor-6053\" data-elementor-post-type=\"page\">\n\t\t\t\t<div class=\"elementor-element elementor-element-16fc41d e-flex e-con-boxed e-con e-parent\" data-id=\"16fc41d\" data-element_type=\"container\" data-e-type=\"container\">\n\t\t\t\t\t<div class=\"e-con-inner\">\n\t\t\t\t<div class=\"elementor-element elementor-element-75e933c elementor-widget elementor-widget-heading\" data-id=\"75e933c\" data-element_type=\"widget\" data-e-type=\"widget\" data-widget_type=\"heading.default\">\n\t\t\t\t<div class=\"elementor-widget-container\">\n\t\t\t\t\t<h1 class=\"elementor-heading-title elementor-size-default\">Hout om te koken<\/h1>\t\t\t\t<\/div>\n\t\t\t\t<\/div>\n\t\t\t\t<div class=\"elementor-element elementor-element-1f228fe elementor-widget elementor-widget-image\" data-id=\"1f228fe\" data-element_type=\"widget\" data-e-type=\"widget\" data-widget_type=\"image.default\">\n\t\t\t\t<div class=\"elementor-widget-container\">\n\t\t\t\t\t\t\t\t\t\t\t\t<figure class=\"wp-caption\">\n\t\t\t\t\t\t\t\t\t\t<img fetchpriority=\"high\" decoding=\"async\" width=\"768\" height=\"432\" src=\"https:\/\/sotransbois.com\/wp-content\/uploads\/2024\/02\/Charbonnettes-bois-de-chauffage-768x432.webp\" class=\"attachment-medium_large size-medium_large wp-image-6036\" alt=\"Brandhout houtskool\" srcset=\"https:\/\/sotransbois.com\/wp-content\/uploads\/2024\/02\/Charbonnettes-bois-de-chauffage-768x432.webp 768w, https:\/\/sotransbois.com\/wp-content\/uploads\/2024\/02\/Charbonnettes-bois-de-chauffage-300x169.webp 300w, https:\/\/sotransbois.com\/wp-content\/uploads\/2024\/02\/Charbonnettes-bois-de-chauffage-1024x576.webp 1024w, https:\/\/sotransbois.com\/wp-content\/uploads\/2024\/02\/Charbonnettes-bois-de-chauffage.webp 1280w\" sizes=\"(max-width: 768px) 100vw, 768px\" \/>\t\t\t\t\t\t\t\t\t\t\t<figcaption class=\"widget-image-caption wp-caption-text\"><\/figcaption>\n\t\t\t\t\t\t\t\t\t\t<\/figure>\n\t\t\t\t\t\t\t\t\t<\/div>\n\t\t\t\t<\/div>\n\t\t\t\t<div class=\"elementor-element elementor-element-ec51e9a elementor-widget elementor-widget-text-editor\" data-id=\"ec51e9a\" data-element_type=\"widget\" data-e-type=\"widget\" data-widget_type=\"text-editor.default\">\n\t\t\t\t<div class=\"elementor-widget-container\">\n\t\t\t\t\t\t\t\t\t<p>Sotransbois, dat is niet alleen brandhout. We produceren ook hout voor koken en voor elke andere behoefte.<\/p><p>Wij produceren op aanvraag. U kiest de lengte, de diameter en de houtsoorten.<\/p><p>De meeste kookprofessionals vragen om zachthout, maar dat hangt ervan af. Wij passen ons aan uw behoeften aan. We werken met diverse professionals: restaurants, pizzeria's, visrokerijen\u2026\u00a0<\/p>\t\t\t\t\t\t\t\t<\/div>\n\t\t\t\t<\/div>\n\t\t\t\t\t<\/div>\n\t\t\t\t<\/div>\n\t\t<div class=\"elementor-element elementor-element-7bd75b2 e-flex e-con-boxed e-con e-parent\" data-id=\"7bd75b2\" data-element_type=\"container\" data-e-type=\"container\">\n\t\t\t\t\t<div class=\"e-con-inner\">\n\t\t\t\t<div class=\"elementor-element elementor-element-31c1c2b elementor-widget elementor-widget-heading\" data-id=\"31c1c2b\" data-element_type=\"widget\" data-e-type=\"widget\" data-widget_type=\"heading.default\">\n\t\t\t\t<div class=\"elementor-widget-container\">\n\t\t\t\t\t<h2 class=\"elementor-heading-title elementor-size-default\">Foto's<\/h2>\t\t\t\t<\/div>\n\t\t\t\t<\/div>\n\t\t\t\t<div class=\"elementor-element elementor-element-126674b elementor-widget elementor-widget-image\" data-id=\"126674b\" data-element_type=\"widget\" data-e-type=\"widget\" data-widget_type=\"image.default\">\n\t\t\t\t<div class=\"elementor-widget-container\">\n\t\t\t\t\t\t\t\t\t\t\t\t<figure class=\"wp-caption\">\n\t\t\t\t\t\t\t\t\t\t<img decoding=\"async\" width=\"768\" height=\"432\" src=\"https:\/\/sotransbois.com\/wp-content\/uploads\/2024\/09\/bois-pour-pizzeria-768x432.webp\" class=\"attachment-medium_large size-medium_large wp-image-14593\" alt=\"hout voor pizzeria\" srcset=\"https:\/\/sotransbois.com\/wp-content\/uploads\/2024\/09\/bois-pour-pizzeria-768x432.webp 768w, https:\/\/sotransbois.com\/wp-content\/uploads\/2024\/09\/bois-pour-pizzeria-300x169.webp 300w, https:\/\/sotransbois.com\/wp-content\/uploads\/2024\/09\/bois-pour-pizzeria-1024x576.webp 1024w, https:\/\/sotransbois.com\/wp-content\/uploads\/2024\/09\/bois-pour-pizzeria-18x10.webp 18w, https:\/\/sotransbois.com\/wp-content\/uploads\/2024\/09\/bois-pour-pizzeria.webp 1280w\" sizes=\"(max-width: 768px) 100vw, 768px\" \/>\t\t\t\t\t\t\t\t\t\t\t<figcaption class=\"widget-image-caption wp-caption-text\">Charbonnettes voor pizzeria's<\/figcaption>\n\t\t\t\t\t\t\t\t\t\t<\/figure>\n\t\t\t\t\t\t\t\t\t<\/div>\n\t\t\t\t<\/div>\n\t\t\t\t<div class=\"elementor-element elementor-element-40455f9 elementor-widget elementor-widget-image\" data-id=\"40455f9\" data-element_type=\"widget\" data-e-type=\"widget\" data-widget_type=\"image.default\">\n\t\t\t\t<div class=\"elementor-widget-container\">\n\t\t\t\t\t\t\t\t\t\t\t\t<figure class=\"wp-caption\">\n\t\t\t\t\t\t\t\t\t\t<img decoding=\"async\" width=\"768\" height=\"432\" src=\"https:\/\/sotransbois.com\/wp-content\/uploads\/2024\/03\/Buches-en-70cm-pour-boulangerie-cuisson-bouleau-resineux-bois-tendre-768x432.webp\" class=\"attachment-medium_large size-medium_large wp-image-8761\" alt=\"70cm blokken voor bakkerij bakken berken harsachtig naaldhout\" srcset=\"https:\/\/sotransbois.com\/wp-content\/uploads\/2024\/03\/Buches-en-70cm-pour-boulangerie-cuisson-bouleau-resineux-bois-tendre-768x432.webp 768w, https:\/\/sotransbois.com\/wp-content\/uploads\/2024\/03\/Buches-en-70cm-pour-boulangerie-cuisson-bouleau-resineux-bois-tendre-300x169.webp 300w, https:\/\/sotransbois.com\/wp-content\/uploads\/2024\/03\/Buches-en-70cm-pour-boulangerie-cuisson-bouleau-resineux-bois-tendre-1024x576.webp 1024w, https:\/\/sotransbois.com\/wp-content\/uploads\/2024\/03\/Buches-en-70cm-pour-boulangerie-cuisson-bouleau-resineux-bois-tendre.webp 1280w\" sizes=\"(max-width: 768px) 100vw, 768px\" \/>\t\t\t\t\t\t\t\t\t\t\t<figcaption class=\"widget-image-caption wp-caption-text\">Zacht hout van 70 cm en extrafijn<\/figcaption>\n\t\t\t\t\t\t\t\t\t\t<\/figure>\n\t\t\t\t\t\t\t\t\t<\/div>\n\t\t\t\t<\/div>\n\t\t\t\t<div class=\"elementor-element elementor-element-787bd9b elementor-widget elementor-widget-image\" data-id=\"787bd9b\" data-element_type=\"widget\" data-e-type=\"widget\" data-widget_type=\"image.default\">\n\t\t\t\t<div class=\"elementor-widget-container\">\n\t\t\t\t\t\t\t\t\t\t\t\t<figure class=\"wp-caption\">\n\t\t\t\t\t\t\t\t\t\t<img loading=\"lazy\" decoding=\"async\" width=\"768\" height=\"432\" src=\"https:\/\/sotransbois.com\/wp-content\/uploads\/2025\/04\/bouleau-en-1m-768x432.webp\" class=\"attachment-medium_large size-medium_large wp-image-22580\" alt=\"berk in 1m\" srcset=\"https:\/\/sotransbois.com\/wp-content\/uploads\/2025\/04\/bouleau-en-1m-768x432.webp 768w, https:\/\/sotransbois.com\/wp-content\/uploads\/2025\/04\/bouleau-en-1m-300x169.webp 300w, https:\/\/sotransbois.com\/wp-content\/uploads\/2025\/04\/bouleau-en-1m-1024x576.webp 1024w, https:\/\/sotransbois.com\/wp-content\/uploads\/2025\/04\/bouleau-en-1m-18x10.webp 18w, https:\/\/sotransbois.com\/wp-content\/uploads\/2025\/04\/bouleau-en-1m.webp 1280w\" sizes=\"(max-width: 768px) 100vw, 768px\" \/>\t\t\t\t\t\t\t\t\t\t\t<figcaption class=\"widget-image-caption wp-caption-text\">Stammen van 1m 100% berkenhout<\/figcaption>\n\t\t\t\t\t\t\t\t\t\t<\/figure>\n\t\t\t\t\t\t\t\t\t<\/div>\n\t\t\t\t<\/div>\n\t\t\t\t<div class=\"elementor-element elementor-element-6d177c5 elementor-widget elementor-widget-image\" data-id=\"6d177c5\" data-element_type=\"widget\" data-e-type=\"widget\" data-widget_type=\"image.default\">\n\t\t\t\t<div class=\"elementor-widget-container\">\n\t\t\t\t\t\t\t\t\t\t\t\t<figure class=\"wp-caption\">\n\t\t\t\t\t\t\t\t\t\t<img loading=\"lazy\" decoding=\"async\" width=\"768\" height=\"432\" src=\"https:\/\/sotransbois.com\/wp-content\/uploads\/2024\/02\/Chene-en-1-metre-768x432.webp\" class=\"attachment-medium_large size-medium_large wp-image-3835\" alt=\"Eikenhout gezaagd in lengtes van 1 meter\" srcset=\"https:\/\/sotransbois.com\/wp-content\/uploads\/2024\/02\/Chene-en-1-metre-768x432.webp 768w, https:\/\/sotransbois.com\/wp-content\/uploads\/2024\/02\/Chene-en-1-metre-300x169.webp 300w, https:\/\/sotransbois.com\/wp-content\/uploads\/2024\/02\/Chene-en-1-metre-1024x576.webp 1024w, https:\/\/sotransbois.com\/wp-content\/uploads\/2024\/02\/Chene-en-1-metre.webp 1280w\" sizes=\"(max-width: 768px) 100vw, 768px\" \/>\t\t\t\t\t\t\t\t\t\t\t<figcaption class=\"widget-image-caption wp-caption-text\">1m stammen 100% eik voor een visrokerij<\/figcaption>\n\t\t\t\t\t\t\t\t\t\t<\/figure>\n\t\t\t\t\t\t\t\t\t<\/div>\n\t\t\t\t<\/div>\n\t\t\t\t\t<\/div>\n\t\t\t\t<\/div>\n\t\t<div class=\"elementor-element elementor-element-afd5e33 e-flex e-con-boxed e-con e-parent\" data-id=\"afd5e33\" data-element_type=\"container\" data-e-type=\"container\">\n\t\t\t\t\t<div class=\"e-con-inner\">\n\t\t\t\t<div class=\"elementor-element elementor-element-1aca9991 elementor-widget elementor-widget-button\" data-id=\"1aca9991\" data-element_type=\"widget\" data-e-type=\"widget\" data-widget_type=\"button.default\">\n\t\t\t\t<div class=\"elementor-widget-container\">\n\t\t\t\t\t\t\t\t\t<div class=\"elementor-button-wrapper\">\n\t\t\t\t\t<a class=\"elementor-button elementor-button-link elementor-size-sm\" href=\"https:\/\/sotransbois.com\/nl\/tarieven\/\">\n\t\t\t\t\t\t<span class=\"elementor-button-content-wrapper\">\n\t\t\t\t\t\t<span class=\"elementor-button-icon\">\n\t\t\t\t<i aria-hidden=\"true\" class=\"fas fa-arrow-alt-circle-right\"><\/i>\t\t\t<\/span>\n\t\t\t\t\t\t\t\t\t<span class=\"elementor-button-text\">Prijzen Incl. BTW<\/span>\n\t\t\t\t\t<\/span>\n\t\t\t\t\t<\/a>\n\t\t\t\t<\/div>\n\t\t\t\t\t\t\t\t<\/div>\n\t\t\t\t<\/div>\n\t\t\t\t<div class=\"elementor-element elementor-element-76b8c46f elementor-widget elementor-widget-button\" data-id=\"76b8c46f\" data-element_type=\"widget\" data-e-type=\"widget\" data-widget_type=\"button.default\">\n\t\t\t\t<div class=\"elementor-widget-container\">\n\t\t\t\t\t\t\t\t\t<div class=\"elementor-button-wrapper\">\n\t\t\t\t\t<a class=\"elementor-button elementor-button-link elementor-size-sm\" href=\"https:\/\/sotransbois.com\/nl\/pro-contact\/\">\n\t\t\t\t\t\t<span class=\"elementor-button-content-wrapper\">\n\t\t\t\t\t\t<span class=\"elementor-button-icon\">\n\t\t\t\t<i aria-hidden=\"true\" class=\"fas fa-arrow-alt-circle-right\"><\/i>\t\t\t<\/span>\n\t\t\t\t\t\t\t\t\t<span class=\"elementor-button-text\">Prijzen Excl. BTW (Professionals)<\/span>\n\t\t\t\t\t<\/span>\n\t\t\t\t\t<\/a>\n\t\t\t\t<\/div>\n\t\t\t\t\t\t\t\t<\/div>\n\t\t\t\t<\/div>\n\t\t\t\t\t<\/div>\n\t\t\t\t<\/div>\n\t\t\t\t<\/div>","protected":false},"excerpt":{"rendered":"<p>Bois pour cuisson Sotransbois, ce n&rsquo;est pas seulement du bois de chauffage. Nous produisons aussi du bois pour cuisson et pour tout autre besoin. Nous produisons \u00e0 la demande. Vous choisissez la longueur, le diam\u00e8tre, et les essences. La plupart des professionnels de la cuisson exigent du bois tendre, mais cela d\u00e9pend. Nous nous adaptons [&hellip;]<\/p>\n","protected":false},"author":1,"featured_media":0,"parent":0,"menu_order":0,"comment_status":"closed","ping_status":"closed","template":"","meta":{"footnotes":""},"class_list":["post-6053","page","type-page","status-publish","hentry"],"_links":{"self":[{"href":"https:\/\/sotransbois.com\/nl\/wp-json\/wp\/v2\/pages\/6053","targetHints":{"allow":["GET"]}}],"collection":[{"href":"https:\/\/sotransbois.com\/nl\/wp-json\/wp\/v2\/pages"}],"about":[{"href":"https:\/\/sotransbois.com\/nl\/wp-json\/wp\/v2\/types\/page"}],"author":[{"embeddable":true,"href":"https:\/\/sotransbois.com\/nl\/wp-json\/wp\/v2\/users\/1"}],"replies":[{"embeddable":true,"href":"https:\/\/sotransbois.com\/nl\/wp-json\/wp\/v2\/comments?post=6053"}],"version-history":[{"count":97,"href":"https:\/\/sotransbois.com\/nl\/wp-json\/wp\/v2\/pages\/6053\/revisions"}],"predecessor-version":[{"id":32052,"href":"https:\/\/sotransbois.com\/nl\/wp-json\/wp\/v2\/pages\/6053\/revisions\/32052"}],"wp:attachment":[{"href":"https:\/\/sotransbois.com\/nl\/wp-json\/wp\/v2\/media?parent=6053"}],"curies":[{"name":"wp","href":"https:\/\/api.w.org\/{rel}","templated":true}]}}