{"id":6193,"date":"2024-02-25T15:02:13","date_gmt":"2024-02-25T14:02:13","guid":{"rendered":"http:\/\/sotransbois.com\/?page_id=6193"},"modified":"2026-04-06T19:09:39","modified_gmt":"2026-04-06T18:09:39","slug":"presentatie","status":"publish","type":"page","link":"https:\/\/sotransbois.com\/nl\/presentation\/","title":{"rendered":"Presentatie van Sotransbois"},"content":{"rendered":"<div data-elementor-type=\"wp-page\" data-elementor-id=\"6193\" class=\"elementor elementor-6193\" data-elementor-post-type=\"page\">\n\t\t\t\t<div class=\"elementor-element elementor-element-f56bd70 e-flex e-con-boxed e-con e-parent\" data-id=\"f56bd70\" data-element_type=\"container\" data-e-type=\"container\">\n\t\t\t\t\t<div class=\"e-con-inner\">\n\t\t\t\t<div class=\"elementor-element elementor-element-4511af5 elementor-widget elementor-widget-heading\" data-id=\"4511af5\" data-element_type=\"widget\" data-e-type=\"widget\" data-widget_type=\"heading.default\">\n\t\t\t\t<div class=\"elementor-widget-container\">\n\t\t\t\t\t<h1 class=\"elementor-heading-title elementor-size-default\">Presentatie van Sotransbois<\/h1>\t\t\t\t<\/div>\n\t\t\t\t<\/div>\n\t\t\t\t<div class=\"elementor-element elementor-element-e7b2b3a elementor-widget elementor-widget-image\" data-id=\"e7b2b3a\" data-element_type=\"widget\" data-e-type=\"widget\" data-widget_type=\"image.default\">\n\t\t\t\t<div class=\"elementor-widget-container\">\n\t\t\t\t\t\t\t\t\t\t\t\t\t\t\t<img fetchpriority=\"high\" decoding=\"async\" width=\"768\" height=\"432\" src=\"https:\/\/sotransbois.com\/wp-content\/uploads\/2024\/06\/parc-a-bois-grossiste-bois-de-chauffage-768x432.webp\" class=\"attachment-medium_large size-medium_large wp-image-13426\" alt=\"houtwerf groothandel in brandhout\" srcset=\"https:\/\/sotransbois.com\/wp-content\/uploads\/2024\/06\/parc-a-bois-grossiste-bois-de-chauffage-768x432.webp 768w, https:\/\/sotransbois.com\/wp-content\/uploads\/2024\/06\/parc-a-bois-grossiste-bois-de-chauffage-300x169.webp 300w, https:\/\/sotransbois.com\/wp-content\/uploads\/2024\/06\/parc-a-bois-grossiste-bois-de-chauffage-1024x576.webp 1024w, https:\/\/sotransbois.com\/wp-content\/uploads\/2024\/06\/parc-a-bois-grossiste-bois-de-chauffage-18x10.webp 18w, https:\/\/sotransbois.com\/wp-content\/uploads\/2024\/06\/parc-a-bois-grossiste-bois-de-chauffage.webp 1280w\" sizes=\"(max-width: 768px) 100vw, 768px\" \/>\t\t\t\t\t\t\t\t\t\t\t\t\t\t\t<\/div>\n\t\t\t\t<\/div>\n\t\t\t\t<div class=\"elementor-element elementor-element-58de23e elementor-widget elementor-widget-text-editor\" data-id=\"58de23e\" data-element_type=\"widget\" data-e-type=\"widget\" data-widget_type=\"text-editor.default\">\n\t\t\t\t<div class=\"elementor-widget-container\">\n\t\t\t\t\t\t\t\t\t<p><strong>In 2025 produceerden en verkochten we meer dan 60.000 ton brandhout!<\/strong><\/p><p>Sotransbois werd in 1990 opgericht door drie broers: G\u00e9rard, Alfred en Giancarlo Minucci.<\/p><p>We vestigden ons in Gu\u00e9-d'Hossus, vlakbij Rocroi, net onder de Belgische grens. We haalden het beste uit ons depot van vier hectare, midden in de Ardense bossen, een van de grootste van Europa!<\/p><p>Aanvankelijk bestond onze hoofdactiviteit uit het leveren van boomstammen aan pulpfabrieken. Vanaf het einde van de jaren negentig gingen deze fabrieken echter \u00e9\u00e9n voor \u00e9\u00e9n dicht. Dus profiteerden we van de storm in 1999, die de houtprijs deed kelderen, om de fabriekssluitingen te overleven en onze focus te verleggen naar brandhout.<\/p><p>Vandaag de dag handelen we nog steeds in boomstammen, maar onze hoofdactiviteit is nu de productie van brandhout. Dit leveren we voornamelijk aan wederverkopers in Frankrijk en de Benelux en aan particulieren.<\/p><p>We leveren brandhout in ijzeren dozen, pallets en big bags, maar ook in bulk per verhuisvloer. We leveren ook 2m hout en boomstammen.<\/p>\t\t\t\t\t\t\t\t<\/div>\n\t\t\t\t<\/div>\n\t\t\t\t\t<\/div>\n\t\t\t\t<\/div>\n\t\t<div class=\"elementor-element elementor-element-cc046a5 e-flex e-con-boxed e-con e-parent\" data-id=\"cc046a5\" data-element_type=\"container\" data-e-type=\"container\">\n\t\t\t\t\t<div class=\"e-con-inner\">\n\t\t\t\t<div class=\"elementor-element elementor-element-d290bcc elementor-widget elementor-widget-heading\" data-id=\"d290bcc\" data-element_type=\"widget\" data-e-type=\"widget\" data-widget_type=\"heading.default\">\n\t\t\t\t<div class=\"elementor-widget-container\">\n\t\t\t\t\t<h2 class=\"elementor-heading-title elementor-size-default\">Foto's<\/h2>\t\t\t\t<\/div>\n\t\t\t\t<\/div>\n\t\t\t\t<div class=\"elementor-element elementor-element-e2a6d9e elementor-widget elementor-widget-image\" data-id=\"e2a6d9e\" data-element_type=\"widget\" data-e-type=\"widget\" data-widget_type=\"image.default\">\n\t\t\t\t<div class=\"elementor-widget-container\">\n\t\t\t\t\t\t\t\t\t\t\t\t<figure class=\"wp-caption\">\n\t\t\t\t\t\t\t\t\t\t<img decoding=\"async\" width=\"768\" height=\"576\" src=\"https:\/\/sotransbois.com\/wp-content\/uploads\/2023\/04\/gerant-sotransbois-producteur-bois-chauffage-e1715746684689-768x576.webp\" class=\"attachment-medium_large size-medium_large wp-image-1747\" alt=\"manager sotransbois\" srcset=\"https:\/\/sotransbois.com\/wp-content\/uploads\/2023\/04\/gerant-sotransbois-producteur-bois-chauffage-e1715746684689-768x576.webp 768w, https:\/\/sotransbois.com\/wp-content\/uploads\/2023\/04\/gerant-sotransbois-producteur-bois-chauffage-e1715746684689-300x225.webp 300w, https:\/\/sotransbois.com\/wp-content\/uploads\/2023\/04\/gerant-sotransbois-producteur-bois-chauffage-e1715746684689-16x12.webp 16w, https:\/\/sotransbois.com\/wp-content\/uploads\/2023\/04\/gerant-sotransbois-producteur-bois-chauffage-e1715746684689.webp 779w\" sizes=\"(max-width: 768px) 100vw, 768px\" \/>\t\t\t\t\t\t\t\t\t\t\t<figcaption class=\"widget-image-caption wp-caption-text\">G\u00e9rard Minucci, Algemeen directeur<\/figcaption>\n\t\t\t\t\t\t\t\t\t\t<\/figure>\n\t\t\t\t\t\t\t\t\t<\/div>\n\t\t\t\t<\/div>\n\t\t\t\t<div class=\"elementor-element elementor-element-e57bd87 elementor-widget elementor-widget-image\" data-id=\"e57bd87\" data-element_type=\"widget\" data-e-type=\"widget\" data-widget_type=\"image.default\">\n\t\t\t\t<div class=\"elementor-widget-container\">\n\t\t\t\t\t\t\t\t\t\t\t\t<figure class=\"wp-caption\">\n\t\t\t\t\t\t\t\t\t\t<img decoding=\"async\" width=\"768\" height=\"450\" src=\"https:\/\/sotransbois.com\/wp-content\/uploads\/2023\/04\/livraison-grumes-et-billons-sotransbois-e1728982875144-768x450.webp\" class=\"attachment-medium_large size-medium_large wp-image-1852\" alt=\"levering van houtblokken en bouten in frankrijk en belgi\u00eb sotransbois\" srcset=\"https:\/\/sotransbois.com\/wp-content\/uploads\/2023\/04\/livraison-grumes-et-billons-sotransbois-e1728982875144-768x450.webp 768w, https:\/\/sotransbois.com\/wp-content\/uploads\/2023\/04\/livraison-grumes-et-billons-sotransbois-e1728982875144-300x176.webp 300w, https:\/\/sotransbois.com\/wp-content\/uploads\/2023\/04\/livraison-grumes-et-billons-sotransbois-e1728982875144-18x12.webp 18w, https:\/\/sotransbois.com\/wp-content\/uploads\/2023\/04\/livraison-grumes-et-billons-sotransbois-e1728982875144.webp 800w\" sizes=\"(max-width: 768px) 100vw, 768px\" \/>\t\t\t\t\t\t\t\t\t\t\t<figcaption class=\"widget-image-caption wp-caption-text\">Het vervoeren van boomstammen was in het begin onze belangrijkste activiteit.<\/figcaption>\n\t\t\t\t\t\t\t\t\t\t<\/figure>\n\t\t\t\t\t\t\t\t\t<\/div>\n\t\t\t\t<\/div>\n\t\t\t\t<div class=\"elementor-element elementor-element-1fffd3a elementor-widget elementor-widget-image\" data-id=\"1fffd3a\" data-element_type=\"widget\" data-e-type=\"widget\" data-widget_type=\"image.default\">\n\t\t\t\t<div class=\"elementor-widget-container\">\n\t\t\t\t\t\t\t\t\t\t\t\t<figure class=\"wp-caption\">\n\t\t\t\t\t\t\t\t\t\t<img loading=\"lazy\" decoding=\"async\" width=\"768\" height=\"597\" src=\"https:\/\/sotransbois.com\/wp-content\/uploads\/2024\/02\/Article-journal-Ardennais-Sotransbois-Gerard-Minucci-768x597.webp\" class=\"attachment-medium_large size-medium_large wp-image-6195\" alt=\"Krantenartikel Sotransbois G\u00e9rard Minucci\" srcset=\"https:\/\/sotransbois.com\/wp-content\/uploads\/2024\/02\/Article-journal-Ardennais-Sotransbois-Gerard-Minucci-768x597.webp 768w, https:\/\/sotransbois.com\/wp-content\/uploads\/2024\/02\/Article-journal-Ardennais-Sotransbois-Gerard-Minucci-300x233.webp 300w, https:\/\/sotransbois.com\/wp-content\/uploads\/2024\/02\/Article-journal-Ardennais-Sotransbois-Gerard-Minucci.webp 900w\" sizes=\"(max-width: 768px) 100vw, 768px\" \/>\t\t\t\t\t\t\t\t\t\t\t<figcaption class=\"widget-image-caption wp-caption-text\">Fragment uit een artikel over Sotransbois, gepubliceerd in de krant L'Ardennais in 2005. (Foto: G\u00e9rard Minucci)<\/figcaption>\n\t\t\t\t\t\t\t\t\t\t<\/figure>\n\t\t\t\t\t\t\t\t\t<\/div>\n\t\t\t\t<\/div>\n\t\t\t\t<div class=\"elementor-element elementor-element-4619204 elementor-widget elementor-widget-image\" data-id=\"4619204\" data-element_type=\"widget\" data-e-type=\"widget\" data-widget_type=\"image.default\">\n\t\t\t\t<div class=\"elementor-widget-container\">\n\t\t\t\t\t\t\t\t\t\t\t\t<figure class=\"wp-caption\">\n\t\t\t\t\t\t\t\t\t\t<img loading=\"lazy\" decoding=\"async\" width=\"768\" height=\"432\" src=\"https:\/\/sotransbois.com\/wp-content\/uploads\/2024\/06\/producteur-bois-de-chauffage-768x432.webp\" class=\"attachment-medium_large size-medium_large wp-image-13476\" alt=\"producent van brandhout\" srcset=\"https:\/\/sotransbois.com\/wp-content\/uploads\/2024\/06\/producteur-bois-de-chauffage-768x432.webp 768w, https:\/\/sotransbois.com\/wp-content\/uploads\/2024\/06\/producteur-bois-de-chauffage-300x169.webp 300w, https:\/\/sotransbois.com\/wp-content\/uploads\/2024\/06\/producteur-bois-de-chauffage-1024x576.webp 1024w, https:\/\/sotransbois.com\/wp-content\/uploads\/2024\/06\/producteur-bois-de-chauffage-18x10.webp 18w, https:\/\/sotransbois.com\/wp-content\/uploads\/2024\/06\/producteur-bois-de-chauffage.webp 1280w\" sizes=\"(max-width: 768px) 100vw, 768px\" \/>\t\t\t\t\t\t\t\t\t\t\t<figcaption class=\"widget-image-caption wp-caption-text\">Sinds 2023 wordt al onze productie overdekt uitgevoerd<\/figcaption>\n\t\t\t\t\t\t\t\t\t\t<\/figure>\n\t\t\t\t\t\t\t\t\t<\/div>\n\t\t\t\t<\/div>\n\t\t\t\t<div class=\"elementor-element elementor-element-72a0a2f elementor-widget elementor-widget-image\" data-id=\"72a0a2f\" data-element_type=\"widget\" data-e-type=\"widget\" data-widget_type=\"image.default\">\n\t\t\t\t<div class=\"elementor-widget-container\">\n\t\t\t\t\t\t\t\t\t\t\t\t<figure class=\"wp-caption\">\n\t\t\t\t\t\t\t\t\t\t<img loading=\"lazy\" decoding=\"async\" width=\"768\" height=\"432\" src=\"https:\/\/sotransbois.com\/wp-content\/uploads\/2024\/07\/producteur-bois-de-chauffage-rabaud-768x432.webp\" class=\"attachment-medium_large size-medium_large wp-image-13708\" alt=\"producent brandhout rabaud\" srcset=\"https:\/\/sotransbois.com\/wp-content\/uploads\/2024\/07\/producteur-bois-de-chauffage-rabaud-768x432.webp 768w, https:\/\/sotransbois.com\/wp-content\/uploads\/2024\/07\/producteur-bois-de-chauffage-rabaud-300x169.webp 300w, https:\/\/sotransbois.com\/wp-content\/uploads\/2024\/07\/producteur-bois-de-chauffage-rabaud-1024x576.webp 1024w, https:\/\/sotransbois.com\/wp-content\/uploads\/2024\/07\/producteur-bois-de-chauffage-rabaud-18x10.webp 18w, https:\/\/sotransbois.com\/wp-content\/uploads\/2024\/07\/producteur-bois-de-chauffage-rabaud.webp 1280w\" sizes=\"(max-width: 768px) 100vw, 768px\" \/>\t\t\t\t\t\t\t\t\t\t\t<figcaption class=\"widget-image-caption wp-caption-text\">Onze 2 belangrijkste Rabaud-splijteenheden<\/figcaption>\n\t\t\t\t\t\t\t\t\t\t<\/figure>\n\t\t\t\t\t\t\t\t\t<\/div>\n\t\t\t\t<\/div>\n\t\t\t\t<div class=\"elementor-element elementor-element-8a9de2c elementor-widget elementor-widget-image\" data-id=\"8a9de2c\" data-element_type=\"widget\" data-e-type=\"widget\" data-widget_type=\"image.default\">\n\t\t\t\t<div class=\"elementor-widget-container\">\n\t\t\t\t\t\t\t\t\t\t\t\t<figure class=\"wp-caption\">\n\t\t\t\t\t\t\t\t\t\t<img loading=\"lazy\" decoding=\"async\" width=\"768\" height=\"433\" src=\"https:\/\/sotransbois.com\/wp-content\/uploads\/2025\/07\/sotransbois-fournisseur-bois-de-chauffage-frontiere-belgique-e1775482526818-768x433.webp\" class=\"attachment-medium_large size-medium_large wp-image-23333\" alt=\"leverancier brandhout sotransbois belgische grens\" srcset=\"https:\/\/sotransbois.com\/wp-content\/uploads\/2025\/07\/sotransbois-fournisseur-bois-de-chauffage-frontiere-belgique-e1775482526818-768x433.webp 768w, https:\/\/sotransbois.com\/wp-content\/uploads\/2025\/07\/sotransbois-fournisseur-bois-de-chauffage-frontiere-belgique-e1775482526818-300x169.webp 300w, https:\/\/sotransbois.com\/wp-content\/uploads\/2025\/07\/sotransbois-fournisseur-bois-de-chauffage-frontiere-belgique-e1775482526818-18x10.webp 18w, https:\/\/sotransbois.com\/wp-content\/uploads\/2025\/07\/sotransbois-fournisseur-bois-de-chauffage-frontiere-belgique-e1775482526818.webp 800w\" sizes=\"(max-width: 768px) 100vw, 768px\" \/>\t\t\t\t\t\t\t\t\t\t\t<figcaption class=\"widget-image-caption wp-caption-text\">We bevinden ons aan de Belgische grens<\/figcaption>\n\t\t\t\t\t\t\t\t\t\t<\/figure>\n\t\t\t\t\t\t\t\t\t<\/div>\n\t\t\t\t<\/div>\n\t\t\t\t\t<\/div>\n\t\t\t\t<\/div>\n\t\t<div class=\"elementor-element elementor-element-e610ac7 e-flex e-con-boxed e-con e-parent\" data-id=\"e610ac7\" data-element_type=\"container\" data-e-type=\"container\">\n\t\t\t\t\t<div class=\"e-con-inner\">\n\t\t\t\t<div class=\"elementor-element elementor-element-912355d elementor-widget elementor-widget-heading\" data-id=\"912355d\" data-element_type=\"widget\" data-e-type=\"widget\" data-widget_type=\"heading.default\">\n\t\t\t\t<div class=\"elementor-widget-container\">\n\t\t\t\t\t<h2 class=\"elementor-heading-title elementor-size-default\">Video<\/h2>\t\t\t\t<\/div>\n\t\t\t\t<\/div>\n\t\t\t\t<div class=\"elementor-element elementor-element-31d331d elementor-widget__width-initial elementor-widget elementor-widget-video\" data-id=\"31d331d\" data-element_type=\"widget\" data-e-type=\"widget\" data-settings=\"{&quot;youtube_url&quot;:&quot;https:\\\/\\\/www.youtube.com\\\/watch?v=Oq-pud8w-rw&amp;t=1s&quot;,&quot;video_type&quot;:&quot;youtube&quot;,&quot;controls&quot;:&quot;yes&quot;}\" data-widget_type=\"video.default\">\n\t\t\t\t<div class=\"elementor-widget-container\">\n\t\t\t\t\t\t\t<div class=\"elementor-wrapper elementor-open-inline\">\n\t\t\t<div class=\"elementor-video\"><\/div>\t\t<\/div>\n\t\t\t\t\t\t<\/div>\n\t\t\t\t<\/div>\n\t\t\t\t\t<\/div>\n\t\t\t\t<\/div>\n\t\t\t\t<\/div>","protected":false},"excerpt":{"rendered":"<p>Pr\u00e9sentation de Sotransbois En 2025, nous avons produit et vendu plus de 60 000 st\u00e8res de bois de chauffage ! Sotransbois a \u00e9t\u00e9 fond\u00e9e en 1990 par trois fr\u00e8res : G\u00e9rard, Alfred et Giancarlo Minucci. Nous nous sommes install\u00e9s \u00e0 Gu\u00e9-d&rsquo;Hossus, \u00e0 c\u00f4t\u00e9 de Rocroi, juste en-dessous de la fronti\u00e8re belge. Nous avons mis \u00e0 [&hellip;]<\/p>\n","protected":false},"author":1,"featured_media":0,"parent":0,"menu_order":0,"comment_status":"closed","ping_status":"closed","template":"","meta":{"footnotes":""},"class_list":["post-6193","page","type-page","status-publish","hentry"],"_links":{"self":[{"href":"https:\/\/sotransbois.com\/nl\/wp-json\/wp\/v2\/pages\/6193","targetHints":{"allow":["GET"]}}],"collection":[{"href":"https:\/\/sotransbois.com\/nl\/wp-json\/wp\/v2\/pages"}],"about":[{"href":"https:\/\/sotransbois.com\/nl\/wp-json\/wp\/v2\/types\/page"}],"author":[{"embeddable":true,"href":"https:\/\/sotransbois.com\/nl\/wp-json\/wp\/v2\/users\/1"}],"replies":[{"embeddable":true,"href":"https:\/\/sotransbois.com\/nl\/wp-json\/wp\/v2\/comments?post=6193"}],"version-history":[{"count":86,"href":"https:\/\/sotransbois.com\/nl\/wp-json\/wp\/v2\/pages\/6193\/revisions"}],"predecessor-version":[{"id":32106,"href":"https:\/\/sotransbois.com\/nl\/wp-json\/wp\/v2\/pages\/6193\/revisions\/32106"}],"wp:attachment":[{"href":"https:\/\/sotransbois.com\/nl\/wp-json\/wp\/v2\/media?parent=6193"}],"curies":[{"name":"wp","href":"https:\/\/api.w.org\/{rel}","templated":true}]}}