{"id":728,"date":"2022-12-29T22:38:58","date_gmt":"2022-12-29T21:38:58","guid":{"rendered":"https:\/\/mci-medias.flywheelsites.com\/?page_id=728"},"modified":"2026-04-10T10:11:12","modified_gmt":"2026-04-10T09:11:12","slug":"grote-zak-brandhout","status":"publish","type":"page","link":"https:\/\/sotransbois.com\/nl\/big-bag-bois-de-chauffage\/","title":{"rendered":"Brandhout geleverd in grote zakken"},"content":{"rendered":"<div data-elementor-type=\"wp-page\" data-elementor-id=\"728\" class=\"elementor elementor-728\" data-elementor-post-type=\"page\">\n\t\t\t\t<div class=\"elementor-element elementor-element-517fb2e e-flex e-con-boxed e-con e-parent\" data-id=\"517fb2e\" data-element_type=\"container\" data-e-type=\"container\">\n\t\t\t\t\t<div class=\"e-con-inner\">\n\t\t\t\t<div class=\"elementor-element elementor-element-a807de7 elementor-widget elementor-widget-heading\" data-id=\"a807de7\" data-element_type=\"widget\" data-e-type=\"widget\" data-widget_type=\"heading.default\">\n\t\t\t\t<div class=\"elementor-widget-container\">\n\t\t\t\t\t<h1 class=\"elementor-heading-title elementor-size-default\">Brandhout in grote zakken<\/h1>\t\t\t\t<\/div>\n\t\t\t\t<\/div>\n\t\t\t\t<div class=\"elementor-element elementor-element-53eb121 elementor-widget elementor-widget-image\" data-id=\"53eb121\" data-element_type=\"widget\" data-e-type=\"widget\" data-widget_type=\"image.default\">\n\t\t\t\t<div class=\"elementor-widget-container\">\n\t\t\t\t\t\t\t\t\t\t\t\t\t\t\t<img fetchpriority=\"high\" decoding=\"async\" width=\"768\" height=\"432\" src=\"https:\/\/sotransbois.com\/wp-content\/uploads\/2024\/06\/3-768x432.webp\" class=\"attachment-medium_large size-medium_large wp-image-13577\" alt=\"Levering van brandhout in big bags\" srcset=\"https:\/\/sotransbois.com\/wp-content\/uploads\/2024\/06\/3-768x432.webp 768w, https:\/\/sotransbois.com\/wp-content\/uploads\/2024\/06\/3-300x169.webp 300w, https:\/\/sotransbois.com\/wp-content\/uploads\/2024\/06\/3-1024x576.webp 1024w, https:\/\/sotransbois.com\/wp-content\/uploads\/2024\/06\/3-18x10.webp 18w, https:\/\/sotransbois.com\/wp-content\/uploads\/2024\/06\/3.webp 1280w\" sizes=\"(max-width: 768px) 100vw, 768px\" \/>\t\t\t\t\t\t\t\t\t\t\t\t\t\t\t<\/div>\n\t\t\t\t<\/div>\n\t\t\t\t<div class=\"elementor-element elementor-element-34611d9 elementor-widget elementor-widget-text-editor\" data-id=\"34611d9\" data-element_type=\"widget\" data-e-type=\"widget\" data-widget_type=\"text-editor.default\">\n\t\t\t\t<div class=\"elementor-widget-container\">\n\t\t\t\t\t\t\t\t\t<p>Onze big bags, in XXL-formaat, zijn grote zakken met een lengte van ongeveer 215 cm en een diameter van 1 meter.<\/p><p>Ze worden gelost met een kraan met een reikwijdte van 6 meter, die zich in het midden van de vrachtwagen bevindt. Deze kraan maakt het gemakkelijk om over een heg of een lage muur te reiken, en zo zo dicht mogelijk bij de plek te leveren waar u het hout opslaat. Levering per kraan heeft ook het voordeel dat het snel gaat.<\/p><p>Het is een leveringsmethode die door particulieren wordt gewaardeerd vanwege de concurrerende prijs en het praktische aspect. De houtblokken worden niet los op de stoep geleverd, maar zitten in zakken en indien mogelijk direct op uw erf. U kunt de zakken dus openen en het hout op uw gemak opbergen. Daarna kunt u de zakken naar wens weggooien, het is een verpakking die na gebruik weggegooid kan worden.<\/p><p>Het hout in de big bags is hetzelfde als in onze andere producten, met het enige verschil dat het niet met de hand gesorteerd is. Er zitten dus wat aftakkingen en kleine takken in die je kunt gebruiken als aanmaakhout, en die niet worden meegeteld in het volume.<\/p><p>De big bags zijn beschikbaar in <strong>40cm (2,50 st\u00e8re)<\/strong>, <strong>30 cm (2,50 m\u00b3)<\/strong>en <strong>25cm (2,75 st\u00e8re)<\/strong>.<\/p><p>Een volledige vrachtwagen bevat 30 big bags (75 m\u00b3). Levering mogelijk vanaf 4 big bags (10 m\u00b3) in Hauts-de-France en Waals-Belgi\u00eb, vanaf 8 big bags (20 m\u00b3) in Vlaams-Belgi\u00eb, en per volledige vrachtwagen in Nederland en verder dan 250 km.<\/p>\t\t\t\t\t\t\t\t<\/div>\n\t\t\t\t<\/div>\n\t\t\t\t\t<\/div>\n\t\t\t\t<\/div>\n\t\t<div class=\"elementor-element elementor-element-a9fc6df e-flex e-con-boxed e-con e-parent\" data-id=\"a9fc6df\" data-element_type=\"container\" data-e-type=\"container\" data-settings=\"{&quot;background_background&quot;:&quot;classic&quot;}\">\n\t\t\t\t\t<div class=\"e-con-inner\">\n\t\t\t\t<div class=\"elementor-element elementor-element-c2265ba elementor-widget elementor-widget-heading\" data-id=\"c2265ba\" data-element_type=\"widget\" data-e-type=\"widget\" data-widget_type=\"heading.default\">\n\t\t\t\t<div class=\"elementor-widget-container\">\n\t\t\t\t\t<h2 class=\"elementor-heading-title elementor-size-default\">Foto's<\/h2>\t\t\t\t<\/div>\n\t\t\t\t<\/div>\n\t\t\t\t<div class=\"elementor-element elementor-element-5605b29 elementor-widget elementor-widget-image\" data-id=\"5605b29\" data-element_type=\"widget\" data-e-type=\"widget\" data-widget_type=\"image.default\">\n\t\t\t\t<div class=\"elementor-widget-container\">\n\t\t\t\t\t\t\t\t\t\t\t\t\t\t\t<img decoding=\"async\" width=\"768\" height=\"432\" src=\"https:\/\/sotransbois.com\/wp-content\/uploads\/2024\/06\/11-768x432.webp\" class=\"attachment-medium_large size-medium_large wp-image-13583\" alt=\"Levering van brandhout in big bags\" srcset=\"https:\/\/sotransbois.com\/wp-content\/uploads\/2024\/06\/11-768x432.webp 768w, https:\/\/sotransbois.com\/wp-content\/uploads\/2024\/06\/11-300x169.webp 300w, https:\/\/sotransbois.com\/wp-content\/uploads\/2024\/06\/11-1024x576.webp 1024w, https:\/\/sotransbois.com\/wp-content\/uploads\/2024\/06\/11-18x10.webp 18w, https:\/\/sotransbois.com\/wp-content\/uploads\/2024\/06\/11.webp 1280w\" sizes=\"(max-width: 768px) 100vw, 768px\" \/>\t\t\t\t\t\t\t\t\t\t\t\t\t\t\t<\/div>\n\t\t\t\t<\/div>\n\t\t\t\t<div class=\"elementor-element elementor-element-191d3c6 elementor-widget elementor-widget-image\" data-id=\"191d3c6\" data-element_type=\"widget\" data-e-type=\"widget\" data-widget_type=\"image.default\">\n\t\t\t\t<div class=\"elementor-widget-container\">\n\t\t\t\t\t\t\t\t\t\t\t\t\t\t\t<img decoding=\"async\" width=\"768\" height=\"432\" src=\"https:\/\/sotransbois.com\/wp-content\/uploads\/2026\/03\/Img-sotransbois-1280\u00d7720PX-6-768x432.jpg\" class=\"attachment-medium_large size-medium_large wp-image-31759\" alt=\"vrachtwagen met brandhout\" srcset=\"https:\/\/sotransbois.com\/wp-content\/uploads\/2026\/03\/Img-sotransbois-1280\u00d7720PX-6-768x432.jpg 768w, https:\/\/sotransbois.com\/wp-content\/uploads\/2026\/03\/Img-sotransbois-1280\u00d7720PX-6-300x169.webp 300w, https:\/\/sotransbois.com\/wp-content\/uploads\/2026\/03\/Img-sotransbois-1280\u00d7720PX-6-1024x576.webp 1024w, https:\/\/sotransbois.com\/wp-content\/uploads\/2026\/03\/Img-sotransbois-1280\u00d7720PX-6-18x10.jpg 18w, https:\/\/sotransbois.com\/wp-content\/uploads\/2026\/03\/Img-sotransbois-1280\u00d7720PX-6.webp 1280w\" sizes=\"(max-width: 768px) 100vw, 768px\" \/>\t\t\t\t\t\t\t\t\t\t\t\t\t\t\t<\/div>\n\t\t\t\t<\/div>\n\t\t\t\t<div class=\"elementor-element elementor-element-e24ea6e elementor-widget elementor-widget-image\" data-id=\"e24ea6e\" data-element_type=\"widget\" data-e-type=\"widget\" data-widget_type=\"image.default\">\n\t\t\t\t<div class=\"elementor-widget-container\">\n\t\t\t\t\t\t\t\t\t\t\t\t\t\t\t<img loading=\"lazy\" decoding=\"async\" width=\"768\" height=\"432\" src=\"https:\/\/sotransbois.com\/wp-content\/uploads\/2024\/06\/8-768x432.webp\" class=\"attachment-medium_large size-medium_large wp-image-13581\" alt=\"Levering van brandhout in big bags\" srcset=\"https:\/\/sotransbois.com\/wp-content\/uploads\/2024\/06\/8-768x432.webp 768w, https:\/\/sotransbois.com\/wp-content\/uploads\/2024\/06\/8-300x169.webp 300w, https:\/\/sotransbois.com\/wp-content\/uploads\/2024\/06\/8-1024x576.webp 1024w, https:\/\/sotransbois.com\/wp-content\/uploads\/2024\/06\/8-18x10.webp 18w, https:\/\/sotransbois.com\/wp-content\/uploads\/2024\/06\/8.webp 1280w\" sizes=\"(max-width: 768px) 100vw, 768px\" \/>\t\t\t\t\t\t\t\t\t\t\t\t\t\t\t<\/div>\n\t\t\t\t<\/div>\n\t\t\t\t<div class=\"elementor-element elementor-element-48bf587 elementor-widget elementor-widget-image\" data-id=\"48bf587\" data-element_type=\"widget\" data-e-type=\"widget\" data-widget_type=\"image.default\">\n\t\t\t\t<div class=\"elementor-widget-container\">\n\t\t\t\t\t\t\t\t\t\t\t\t\t\t\t<img loading=\"lazy\" decoding=\"async\" width=\"768\" height=\"432\" src=\"https:\/\/sotransbois.com\/wp-content\/uploads\/2024\/06\/12-768x432.webp\" class=\"attachment-medium_large size-medium_large wp-image-13584\" alt=\"Levering van brandhout in big bags\" srcset=\"https:\/\/sotransbois.com\/wp-content\/uploads\/2024\/06\/12-768x432.webp 768w, https:\/\/sotransbois.com\/wp-content\/uploads\/2024\/06\/12-300x169.webp 300w, https:\/\/sotransbois.com\/wp-content\/uploads\/2024\/06\/12-1024x576.webp 1024w, https:\/\/sotransbois.com\/wp-content\/uploads\/2024\/06\/12-18x10.webp 18w, https:\/\/sotransbois.com\/wp-content\/uploads\/2024\/06\/12.webp 1280w\" sizes=\"(max-width: 768px) 100vw, 768px\" \/>\t\t\t\t\t\t\t\t\t\t\t\t\t\t\t<\/div>\n\t\t\t\t<\/div>\n\t\t\t\t<div class=\"elementor-element elementor-element-9798f95 elementor-widget elementor-widget-image\" data-id=\"9798f95\" data-element_type=\"widget\" data-e-type=\"widget\" data-widget_type=\"image.default\">\n\t\t\t\t<div class=\"elementor-widget-container\">\n\t\t\t\t\t\t\t\t\t\t\t\t\t\t\t<img loading=\"lazy\" decoding=\"async\" width=\"768\" height=\"432\" src=\"https:\/\/sotransbois.com\/wp-content\/uploads\/2024\/06\/camion-livraison-big-bag-bois-de-chauffage-768x432.webp\" class=\"attachment-medium_large size-medium_large wp-image-13400\" alt=\"Vrachtwagen geladen met grote zakken brandhout\" srcset=\"https:\/\/sotransbois.com\/wp-content\/uploads\/2024\/06\/camion-livraison-big-bag-bois-de-chauffage-768x432.webp 768w, https:\/\/sotransbois.com\/wp-content\/uploads\/2024\/06\/camion-livraison-big-bag-bois-de-chauffage-300x169.webp 300w, https:\/\/sotransbois.com\/wp-content\/uploads\/2024\/06\/camion-livraison-big-bag-bois-de-chauffage-1024x576.webp 1024w, https:\/\/sotransbois.com\/wp-content\/uploads\/2024\/06\/camion-livraison-big-bag-bois-de-chauffage-18x10.webp 18w, https:\/\/sotransbois.com\/wp-content\/uploads\/2024\/06\/camion-livraison-big-bag-bois-de-chauffage.webp 1280w\" sizes=\"(max-width: 768px) 100vw, 768px\" \/>\t\t\t\t\t\t\t\t\t\t\t\t\t\t\t<\/div>\n\t\t\t\t<\/div>\n\t\t\t\t<div class=\"elementor-element elementor-element-3dcbe1d elementor-widget elementor-widget-image\" data-id=\"3dcbe1d\" data-element_type=\"widget\" data-e-type=\"widget\" data-widget_type=\"image.default\">\n\t\t\t\t<div class=\"elementor-widget-container\">\n\t\t\t\t\t\t\t\t\t\t\t\t\t\t\t<img loading=\"lazy\" decoding=\"async\" width=\"768\" height=\"432\" src=\"https:\/\/sotransbois.com\/wp-content\/uploads\/2026\/03\/Design-sans-titre-17-768x432.webp\" class=\"attachment-medium_large size-medium_large wp-image-31811\" alt=\"oplegger met brandhout in grote zakken\" srcset=\"https:\/\/sotransbois.com\/wp-content\/uploads\/2026\/03\/Design-sans-titre-17-768x432.webp 768w, https:\/\/sotransbois.com\/wp-content\/uploads\/2026\/03\/Design-sans-titre-17-300x169.webp 300w, https:\/\/sotransbois.com\/wp-content\/uploads\/2026\/03\/Design-sans-titre-17-1024x576.webp 1024w, https:\/\/sotransbois.com\/wp-content\/uploads\/2026\/03\/Design-sans-titre-17-18x10.jpg 18w, https:\/\/sotransbois.com\/wp-content\/uploads\/2026\/03\/Design-sans-titre-17.webp 1280w\" sizes=\"(max-width: 768px) 100vw, 768px\" \/>\t\t\t\t\t\t\t\t\t\t\t\t\t\t\t<\/div>\n\t\t\t\t<\/div>\n\t\t\t\t<div class=\"elementor-element elementor-element-d2217b2 elementor-widget elementor-widget-image\" data-id=\"d2217b2\" data-element_type=\"widget\" data-e-type=\"widget\" data-widget_type=\"image.default\">\n\t\t\t\t<div class=\"elementor-widget-container\">\n\t\t\t\t\t\t\t\t\t\t\t\t\t\t\t<img loading=\"lazy\" decoding=\"async\" width=\"768\" height=\"432\" src=\"https:\/\/sotransbois.com\/wp-content\/uploads\/2024\/06\/fournisseur-big-bag-bois-de-chauffage-768x432.webp\" class=\"attachment-medium_large size-medium_large wp-image-13489\" alt=\"brandhout grote zak leverancier\" srcset=\"https:\/\/sotransbois.com\/wp-content\/uploads\/2024\/06\/fournisseur-big-bag-bois-de-chauffage-768x432.webp 768w, https:\/\/sotransbois.com\/wp-content\/uploads\/2024\/06\/fournisseur-big-bag-bois-de-chauffage-300x169.webp 300w, https:\/\/sotransbois.com\/wp-content\/uploads\/2024\/06\/fournisseur-big-bag-bois-de-chauffage-1024x576.webp 1024w, https:\/\/sotransbois.com\/wp-content\/uploads\/2024\/06\/fournisseur-big-bag-bois-de-chauffage-18x10.webp 18w, https:\/\/sotransbois.com\/wp-content\/uploads\/2024\/06\/fournisseur-big-bag-bois-de-chauffage.webp 1280w\" sizes=\"(max-width: 768px) 100vw, 768px\" \/>\t\t\t\t\t\t\t\t\t\t\t\t\t\t\t<\/div>\n\t\t\t\t<\/div>\n\t\t\t\t<div class=\"elementor-element elementor-element-126b1d2 elementor-widget elementor-widget-image\" data-id=\"126b1d2\" data-element_type=\"widget\" data-e-type=\"widget\" data-widget_type=\"image.default\">\n\t\t\t\t<div class=\"elementor-widget-container\">\n\t\t\t\t\t\t\t\t\t\t\t\t\t\t\t<img loading=\"lazy\" decoding=\"async\" width=\"768\" height=\"432\" src=\"https:\/\/sotransbois.com\/wp-content\/uploads\/2024\/06\/big-bag-bois-de-chauffage-buches-30cm-768x432.webp\" class=\"attachment-medium_large size-medium_large wp-image-13488\" alt=\"grote zak brandhoutblokken 30cm\" srcset=\"https:\/\/sotransbois.com\/wp-content\/uploads\/2024\/06\/big-bag-bois-de-chauffage-buches-30cm-768x432.webp 768w, https:\/\/sotransbois.com\/wp-content\/uploads\/2024\/06\/big-bag-bois-de-chauffage-buches-30cm-300x169.webp 300w, https:\/\/sotransbois.com\/wp-content\/uploads\/2024\/06\/big-bag-bois-de-chauffage-buches-30cm-1024x576.webp 1024w, https:\/\/sotransbois.com\/wp-content\/uploads\/2024\/06\/big-bag-bois-de-chauffage-buches-30cm-18x10.webp 18w, https:\/\/sotransbois.com\/wp-content\/uploads\/2024\/06\/big-bag-bois-de-chauffage-buches-30cm.webp 1280w\" sizes=\"(max-width: 768px) 100vw, 768px\" \/>\t\t\t\t\t\t\t\t\t\t\t\t\t\t\t<\/div>\n\t\t\t\t<\/div>\n\t\t\t\t<div class=\"elementor-element elementor-element-fc1c8fa elementor-widget elementor-widget-image\" data-id=\"fc1c8fa\" data-element_type=\"widget\" data-e-type=\"widget\" data-widget_type=\"image.default\">\n\t\t\t\t<div class=\"elementor-widget-container\">\n\t\t\t\t\t\t\t\t\t\t\t\t\t\t\t<img loading=\"lazy\" decoding=\"async\" width=\"768\" height=\"432\" src=\"https:\/\/sotransbois.com\/wp-content\/uploads\/2024\/06\/17-768x432.webp\" class=\"attachment-medium_large size-medium_large wp-image-13588\" alt=\"Levering van brandhout in big bags\" srcset=\"https:\/\/sotransbois.com\/wp-content\/uploads\/2024\/06\/17-768x432.webp 768w, https:\/\/sotransbois.com\/wp-content\/uploads\/2024\/06\/17-300x169.webp 300w, https:\/\/sotransbois.com\/wp-content\/uploads\/2024\/06\/17-1024x576.webp 1024w, https:\/\/sotransbois.com\/wp-content\/uploads\/2024\/06\/17-18x10.webp 18w, https:\/\/sotransbois.com\/wp-content\/uploads\/2024\/06\/17.webp 1280w\" sizes=\"(max-width: 768px) 100vw, 768px\" \/>\t\t\t\t\t\t\t\t\t\t\t\t\t\t\t<\/div>\n\t\t\t\t<\/div>\n\t\t\t\t<div class=\"elementor-element elementor-element-a7b79cb elementor-widget elementor-widget-image\" data-id=\"a7b79cb\" data-element_type=\"widget\" data-e-type=\"widget\" data-widget_type=\"image.default\">\n\t\t\t\t<div class=\"elementor-widget-container\">\n\t\t\t\t\t\t\t\t\t\t\t\t\t\t\t<img loading=\"lazy\" decoding=\"async\" width=\"768\" height=\"432\" src=\"https:\/\/sotransbois.com\/wp-content\/uploads\/2025\/04\/semi-remorque-de-BIG-BAGS-BOIS-DE-CHAUFFAGE-1-768x432.webp\" class=\"attachment-medium_large size-medium_large wp-image-22307\" alt=\"oplegger GROTE ZAKKEN HOUT VOOR VERWARMING\" srcset=\"https:\/\/sotransbois.com\/wp-content\/uploads\/2025\/04\/semi-remorque-de-BIG-BAGS-BOIS-DE-CHAUFFAGE-1-768x432.webp 768w, https:\/\/sotransbois.com\/wp-content\/uploads\/2025\/04\/semi-remorque-de-BIG-BAGS-BOIS-DE-CHAUFFAGE-1-300x169.webp 300w, https:\/\/sotransbois.com\/wp-content\/uploads\/2025\/04\/semi-remorque-de-BIG-BAGS-BOIS-DE-CHAUFFAGE-1-1024x576.webp 1024w, https:\/\/sotransbois.com\/wp-content\/uploads\/2025\/04\/semi-remorque-de-BIG-BAGS-BOIS-DE-CHAUFFAGE-1-18x10.webp 18w, https:\/\/sotransbois.com\/wp-content\/uploads\/2025\/04\/semi-remorque-de-BIG-BAGS-BOIS-DE-CHAUFFAGE-1.webp 1280w\" sizes=\"(max-width: 768px) 100vw, 768px\" \/>\t\t\t\t\t\t\t\t\t\t\t\t\t\t\t<\/div>\n\t\t\t\t<\/div>\n\t\t\t\t<div class=\"elementor-element elementor-element-706e45d elementor-widget elementor-widget-image\" data-id=\"706e45d\" data-element_type=\"widget\" data-e-type=\"widget\" data-widget_type=\"image.default\">\n\t\t\t\t<div class=\"elementor-widget-container\">\n\t\t\t\t\t\t\t\t\t\t\t\t\t\t\t<img loading=\"lazy\" decoding=\"async\" width=\"768\" height=\"432\" src=\"https:\/\/sotransbois.com\/wp-content\/uploads\/2026\/03\/Design-sans-titre-21-768x432.webp\" class=\"attachment-medium_large size-medium_large wp-image-31816\" alt=\"\" srcset=\"https:\/\/sotransbois.com\/wp-content\/uploads\/2026\/03\/Design-sans-titre-21-768x432.webp 768w, https:\/\/sotransbois.com\/wp-content\/uploads\/2026\/03\/Design-sans-titre-21-300x169.webp 300w, https:\/\/sotransbois.com\/wp-content\/uploads\/2026\/03\/Design-sans-titre-21-1024x576.webp 1024w, https:\/\/sotransbois.com\/wp-content\/uploads\/2026\/03\/Design-sans-titre-21-18x10.jpg 18w, https:\/\/sotransbois.com\/wp-content\/uploads\/2026\/03\/Design-sans-titre-21.webp 1280w\" sizes=\"(max-width: 768px) 100vw, 768px\" \/>\t\t\t\t\t\t\t\t\t\t\t\t\t\t\t<\/div>\n\t\t\t\t<\/div>\n\t\t\t\t<div class=\"elementor-element elementor-element-1f531bb elementor-widget elementor-widget-image\" data-id=\"1f531bb\" data-element_type=\"widget\" data-e-type=\"widget\" data-widget_type=\"image.default\">\n\t\t\t\t<div class=\"elementor-widget-container\">\n\t\t\t\t\t\t\t\t\t\t\t\t\t\t\t<img loading=\"lazy\" decoding=\"async\" width=\"768\" height=\"432\" src=\"https:\/\/sotransbois.com\/wp-content\/uploads\/2026\/03\/Design-sans-titre-19-768x432.webp\" class=\"attachment-medium_large size-medium_large wp-image-31813\" alt=\"\" srcset=\"https:\/\/sotransbois.com\/wp-content\/uploads\/2026\/03\/Design-sans-titre-19-768x432.webp 768w, https:\/\/sotransbois.com\/wp-content\/uploads\/2026\/03\/Design-sans-titre-19-300x169.webp 300w, https:\/\/sotransbois.com\/wp-content\/uploads\/2026\/03\/Design-sans-titre-19-1024x576.webp 1024w, https:\/\/sotransbois.com\/wp-content\/uploads\/2026\/03\/Design-sans-titre-19-18x10.jpg 18w, https:\/\/sotransbois.com\/wp-content\/uploads\/2026\/03\/Design-sans-titre-19.webp 1280w\" sizes=\"(max-width: 768px) 100vw, 768px\" \/>\t\t\t\t\t\t\t\t\t\t\t\t\t\t\t<\/div>\n\t\t\t\t<\/div>\n\t\t\t\t<div class=\"elementor-element elementor-element-dc8494b elementor-widget elementor-widget-text-editor\" data-id=\"dc8494b\" data-element_type=\"widget\" data-e-type=\"widget\" data-widget_type=\"text-editor.default\">\n\t\t\t\t<div class=\"elementor-widget-container\">\n\t\t\t\t\t\t\t\t\t<p>u kunt mengen met <a href=\"https:\/\/sotransbois.com\/nl\/brandhout-2-meter\/\">hout in 2m<\/a> als u wilt, is dit dezelfde bestelwagen. Dit kan handig zijn bij gecombineerde bestellingen.<\/p>\t\t\t\t\t\t\t\t<\/div>\n\t\t\t\t<\/div>\n\t\t\t\t\t<\/div>\n\t\t\t\t<\/div>\n\t\t<div class=\"elementor-element elementor-element-c0a8eea e-flex e-con-boxed e-con e-parent\" data-id=\"c0a8eea\" data-element_type=\"container\" data-e-type=\"container\">\n\t\t\t\t\t<div class=\"e-con-inner\">\n\t\t\t\t<div class=\"elementor-element elementor-element-1f73b58 elementor-widget elementor-widget-heading\" data-id=\"1f73b58\" data-element_type=\"widget\" data-e-type=\"widget\" data-widget_type=\"heading.default\">\n\t\t\t\t<div class=\"elementor-widget-container\">\n\t\t\t\t\t<h2 class=\"elementor-heading-title elementor-size-default\">Video<\/h2>\t\t\t\t<\/div>\n\t\t\t\t<\/div>\n\t\t\t\t<div class=\"elementor-element elementor-element-021ad9a elementor-widget__width-initial elementor-widget elementor-widget-video\" data-id=\"021ad9a\" data-element_type=\"widget\" data-e-type=\"widget\" data-settings=\"{&quot;youtube_url&quot;:&quot;https:\\\/\\\/www.youtube.com\\\/watch?v=kxiD7bWoTwM&quot;,&quot;video_type&quot;:&quot;youtube&quot;,&quot;controls&quot;:&quot;yes&quot;}\" data-widget_type=\"video.default\">\n\t\t\t\t<div class=\"elementor-widget-container\">\n\t\t\t\t\t\t\t<div class=\"elementor-wrapper elementor-open-inline\">\n\t\t\t<div class=\"elementor-video\"><\/div>\t\t<\/div>\n\t\t\t\t\t\t<\/div>\n\t\t\t\t<\/div>\n\t\t\t\t\t<\/div>\n\t\t\t\t<\/div>\n\t\t<div class=\"elementor-element elementor-element-3f76ac39 e-flex e-con-boxed e-con e-parent\" data-id=\"3f76ac39\" data-element_type=\"container\" data-e-type=\"container\">\n\t\t\t\t\t<div class=\"e-con-inner\">\n\t\t\t\t<div class=\"elementor-element elementor-element-34b820b6 elementor-widget elementor-widget-button\" data-id=\"34b820b6\" data-element_type=\"widget\" data-e-type=\"widget\" data-widget_type=\"button.default\">\n\t\t\t\t<div class=\"elementor-widget-container\">\n\t\t\t\t\t\t\t\t\t<div class=\"elementor-button-wrapper\">\n\t\t\t\t\t<a class=\"elementor-button elementor-button-link elementor-size-sm\" href=\"https:\/\/sotransbois.com\/nl\/tarieven\/\">\n\t\t\t\t\t\t<span class=\"elementor-button-content-wrapper\">\n\t\t\t\t\t\t<span class=\"elementor-button-icon\">\n\t\t\t\t<i aria-hidden=\"true\" class=\"fas fa-arrow-alt-circle-right\"><\/i>\t\t\t<\/span>\n\t\t\t\t\t\t\t\t\t<span class=\"elementor-button-text\">Prijzen Incl. BTW<\/span>\n\t\t\t\t\t<\/span>\n\t\t\t\t\t<\/a>\n\t\t\t\t<\/div>\n\t\t\t\t\t\t\t\t<\/div>\n\t\t\t\t<\/div>\n\t\t\t\t<div class=\"elementor-element elementor-element-664d07ea elementor-widget elementor-widget-button\" data-id=\"664d07ea\" data-element_type=\"widget\" data-e-type=\"widget\" data-widget_type=\"button.default\">\n\t\t\t\t<div class=\"elementor-widget-container\">\n\t\t\t\t\t\t\t\t\t<div class=\"elementor-button-wrapper\">\n\t\t\t\t\t<a class=\"elementor-button elementor-button-link elementor-size-sm\" href=\"https:\/\/sotransbois.com\/nl\/pro-contact\/\">\n\t\t\t\t\t\t<span class=\"elementor-button-content-wrapper\">\n\t\t\t\t\t\t<span class=\"elementor-button-icon\">\n\t\t\t\t<i aria-hidden=\"true\" class=\"fas fa-arrow-alt-circle-right\"><\/i>\t\t\t<\/span>\n\t\t\t\t\t\t\t\t\t<span class=\"elementor-button-text\">Prijzen Excl. BTW (Professionals)<\/span>\n\t\t\t\t\t<\/span>\n\t\t\t\t\t<\/a>\n\t\t\t\t<\/div>\n\t\t\t\t\t\t\t\t<\/div>\n\t\t\t\t<\/div>\n\t\t\t\t\t<\/div>\n\t\t\t\t<\/div>\n\t\t\t\t<\/div>","protected":false},"excerpt":{"rendered":"<p>Bois de chauffage en big bags Nos big bags, de taille XXL, sont des gros sacs d&rsquo;environ 215cm de longueur et 1m de diam\u00e8tre. Ils sont d\u00e9charg\u00e9s avec une grue de 6m de port\u00e9e, situ\u00e9e au milieu du camion. Cette grue permet de franchir ais\u00e9ment une haie ou un muret, et ainsi de livrer au [&hellip;]<\/p>\n","protected":false},"author":1,"featured_media":0,"parent":0,"menu_order":0,"comment_status":"closed","ping_status":"closed","template":"","meta":{"footnotes":""},"class_list":["post-728","page","type-page","status-publish","hentry"],"_links":{"self":[{"href":"https:\/\/sotransbois.com\/nl\/wp-json\/wp\/v2\/pages\/728","targetHints":{"allow":["GET"]}}],"collection":[{"href":"https:\/\/sotransbois.com\/nl\/wp-json\/wp\/v2\/pages"}],"about":[{"href":"https:\/\/sotransbois.com\/nl\/wp-json\/wp\/v2\/types\/page"}],"author":[{"embeddable":true,"href":"https:\/\/sotransbois.com\/nl\/wp-json\/wp\/v2\/users\/1"}],"replies":[{"embeddable":true,"href":"https:\/\/sotransbois.com\/nl\/wp-json\/wp\/v2\/comments?post=728"}],"version-history":[{"count":231,"href":"https:\/\/sotransbois.com\/nl\/wp-json\/wp\/v2\/pages\/728\/revisions"}],"predecessor-version":[{"id":32320,"href":"https:\/\/sotransbois.com\/nl\/wp-json\/wp\/v2\/pages\/728\/revisions\/32320"}],"wp:attachment":[{"href":"https:\/\/sotransbois.com\/nl\/wp-json\/wp\/v2\/media?parent=728"}],"curies":[{"name":"wp","href":"https:\/\/api.w.org\/{rel}","templated":true}]}}