{"id":731,"date":"2022-12-29T22:39:04","date_gmt":"2022-12-29T21:39:04","guid":{"rendered":"https:\/\/mci-medias.flywheelsites.com\/?page_id=731"},"modified":"2026-04-06T13:00:34","modified_gmt":"2026-04-06T12:00:34","slug":"ijzeren-doos","status":"publish","type":"page","link":"https:\/\/sotransbois.com\/nl\/box-fer\/","title":{"rendered":"Brandhout in kist ijzer"},"content":{"rendered":"<div data-elementor-type=\"wp-page\" data-elementor-id=\"731\" class=\"elementor elementor-731\" data-elementor-post-type=\"page\">\n\t\t\t\t<div class=\"elementor-element elementor-element-589d2f7 e-flex e-con-boxed e-con e-parent\" data-id=\"589d2f7\" data-element_type=\"container\" data-e-type=\"container\">\n\t\t\t\t\t<div class=\"e-con-inner\">\n\t\t\t\t<div class=\"elementor-element elementor-element-aee8a15 elementor-widget elementor-widget-heading\" data-id=\"aee8a15\" data-element_type=\"widget\" data-e-type=\"widget\" data-widget_type=\"heading.default\">\n\t\t\t\t<div class=\"elementor-widget-container\">\n\t\t\t\t\t<h1 class=\"elementor-heading-title elementor-size-default\">Stapelbakken van brandhout<\/h1>\t\t\t\t<\/div>\n\t\t\t\t<\/div>\n\t\t\t\t<div class=\"elementor-element elementor-element-81fbbd4 elementor-widget elementor-widget-image\" data-id=\"81fbbd4\" data-element_type=\"widget\" data-e-type=\"widget\" data-widget_type=\"image.default\">\n\t\t\t\t<div class=\"elementor-widget-container\">\n\t\t\t\t\t\t\t\t\t\t\t\t\t\t\t<img fetchpriority=\"high\" decoding=\"async\" width=\"768\" height=\"329\" src=\"https:\/\/sotransbois.com\/wp-content\/uploads\/2024\/02\/camion-de-bois-de-chauffage-en-box-768x329.webp\" class=\"attachment-medium_large size-medium_large wp-image-5685\" alt=\"vrachtwagen met brandhout in een doos\" srcset=\"https:\/\/sotransbois.com\/wp-content\/uploads\/2024\/02\/camion-de-bois-de-chauffage-en-box-768x329.webp 768w, https:\/\/sotransbois.com\/wp-content\/uploads\/2024\/02\/camion-de-bois-de-chauffage-en-box-300x129.webp 300w, https:\/\/sotransbois.com\/wp-content\/uploads\/2024\/02\/camion-de-bois-de-chauffage-en-box-1024x439.webp 1024w, https:\/\/sotransbois.com\/wp-content\/uploads\/2024\/02\/camion-de-bois-de-chauffage-en-box.webp 1400w\" sizes=\"(max-width: 768px) 100vw, 768px\" \/>\t\t\t\t\t\t\t\t\t\t\t\t\t\t\t<\/div>\n\t\t\t\t<\/div>\n\t\t\t\t<div class=\"elementor-element elementor-element-8eb4e6f elementor-widget elementor-widget-text-editor\" data-id=\"8eb4e6f\" data-element_type=\"widget\" data-e-type=\"widget\" data-widget_type=\"text-editor.default\">\n\t\t\t\t<div class=\"elementor-widget-container\">\n\t\t\t\t\t\t\t\t\t<p>De ijzeren kisten zijn een stapelbare en herbruikbare verpakking. Hiermee kunnen we hout opslaan in industri\u00eble hoeveelheden en onze logistiek optimaliseren. Veel retailers, in Frankrijk en de Benelux, kopen hout bij ons in ijzeren kisten. We gebruiken deze kisten ook om aan particulieren te leveren, in dat geval kiepen we ze meestal los uit. Zie de pagina: <a href=\"https:\/\/sotransbois.com\/nl\/dozen-van-stortsteen\/\">doos getipt in bulk<\/a><\/p><p>Een volle vrachtwagen bevat 44 boxen als wij met onze eigen apparatuur komen om te lossen, of 52 boxen als u de vrachtwagen zelf lost.<\/p><p>Wij leveren per volle vrachtwagen door heel Frankrijk en de Benelux, of in halfvolle vrachten binnen een straal van ongeveer 300 km.<\/p><p>De boxen van 1,20 m\u00b3 met gestapelde boomstammen zijn verkrijgbaar in <strong>1m (1,20 gestrekte m)<\/strong>, <strong>50cm (1.50 st\u00e8res)<\/strong>, <strong>40cm (1,60 m\u00b3)<\/strong>, <strong>33 cm (1,80 m\u00b3)<\/strong> en <strong>25 cm (2,00 m\u00b3)<\/strong>.<\/p>\t\t\t\t\t\t\t\t<\/div>\n\t\t\t\t<\/div>\n\t\t\t\t\t<\/div>\n\t\t\t\t<\/div>\n\t\t<div class=\"elementor-element elementor-element-2e4ee0e e-flex e-con-boxed e-con e-parent\" data-id=\"2e4ee0e\" data-element_type=\"container\" data-e-type=\"container\">\n\t\t\t\t\t<div class=\"e-con-inner\">\n\t\t\t\t<div class=\"elementor-element elementor-element-5fd10c2 elementor-widget elementor-widget-heading\" data-id=\"5fd10c2\" data-element_type=\"widget\" data-e-type=\"widget\" data-widget_type=\"heading.default\">\n\t\t\t\t<div class=\"elementor-widget-container\">\n\t\t\t\t\t<h2 class=\"elementor-heading-title elementor-size-default\">Foto's<\/h2>\t\t\t\t<\/div>\n\t\t\t\t<\/div>\n\t\t\t\t<div class=\"elementor-element elementor-element-0569123 elementor-widget elementor-widget-image\" data-id=\"0569123\" data-element_type=\"widget\" data-e-type=\"widget\" data-widget_type=\"image.default\">\n\t\t\t\t<div class=\"elementor-widget-container\">\n\t\t\t\t\t\t\t\t\t\t\t\t<figure class=\"wp-caption\">\n\t\t\t\t\t\t\t\t\t\t<img decoding=\"async\" width=\"768\" height=\"432\" src=\"https:\/\/sotransbois.com\/wp-content\/uploads\/2025\/12\/STB-1280\u00d7720PX-bis-2-768x432.webp\" class=\"attachment-medium_large size-medium_large wp-image-29926\" alt=\"\" srcset=\"https:\/\/sotransbois.com\/wp-content\/uploads\/2025\/12\/STB-1280\u00d7720PX-bis-2-768x432.webp 768w, https:\/\/sotransbois.com\/wp-content\/uploads\/2025\/12\/STB-1280\u00d7720PX-bis-2-300x169.webp 300w, https:\/\/sotransbois.com\/wp-content\/uploads\/2025\/12\/STB-1280\u00d7720PX-bis-2-1024x576.webp 1024w, https:\/\/sotransbois.com\/wp-content\/uploads\/2025\/12\/STB-1280\u00d7720PX-bis-2-18x10.jpg 18w, https:\/\/sotransbois.com\/wp-content\/uploads\/2025\/12\/STB-1280\u00d7720PX-bis-2.webp 1280w\" sizes=\"(max-width: 768px) 100vw, 768px\" \/>\t\t\t\t\t\t\t\t\t\t\t<figcaption class=\"widget-image-caption wp-caption-text\">Dozen in 25cm<\/figcaption>\n\t\t\t\t\t\t\t\t\t\t<\/figure>\n\t\t\t\t\t\t\t\t\t<\/div>\n\t\t\t\t<\/div>\n\t\t\t\t<div class=\"elementor-element elementor-element-32e8187 elementor-widget elementor-widget-image\" data-id=\"32e8187\" data-element_type=\"widget\" data-e-type=\"widget\" data-widget_type=\"image.default\">\n\t\t\t\t<div class=\"elementor-widget-container\">\n\t\t\t\t\t\t\t\t\t\t\t\t<figure class=\"wp-caption\">\n\t\t\t\t\t\t\t\t\t\t<img decoding=\"async\" width=\"768\" height=\"432\" src=\"https:\/\/sotransbois.com\/wp-content\/uploads\/2024\/02\/Camion-de-bois-de-chauffage-BOX-en-40cm-768x432.webp\" class=\"attachment-medium_large size-medium_large wp-image-6445\" alt=\"Brandhout vrachtwagen BOX in 40cm\" srcset=\"https:\/\/sotransbois.com\/wp-content\/uploads\/2024\/02\/Camion-de-bois-de-chauffage-BOX-en-40cm-768x432.webp 768w, https:\/\/sotransbois.com\/wp-content\/uploads\/2024\/02\/Camion-de-bois-de-chauffage-BOX-en-40cm-300x169.webp 300w, https:\/\/sotransbois.com\/wp-content\/uploads\/2024\/02\/Camion-de-bois-de-chauffage-BOX-en-40cm-1024x576.webp 1024w, https:\/\/sotransbois.com\/wp-content\/uploads\/2024\/02\/Camion-de-bois-de-chauffage-BOX-en-40cm.webp 1280w\" sizes=\"(max-width: 768px) 100vw, 768px\" \/>\t\t\t\t\t\t\t\t\t\t\t<figcaption class=\"widget-image-caption wp-caption-text\">Boxen en 40cm<\/figcaption>\n\t\t\t\t\t\t\t\t\t\t<\/figure>\n\t\t\t\t\t\t\t\t\t<\/div>\n\t\t\t\t<\/div>\n\t\t\t\t<div class=\"elementor-element elementor-element-b30f423 elementor-widget elementor-widget-image\" data-id=\"b30f423\" data-element_type=\"widget\" data-e-type=\"widget\" data-widget_type=\"image.default\">\n\t\t\t\t<div class=\"elementor-widget-container\">\n\t\t\t\t\t\t\t\t\t\t\t\t<figure class=\"wp-caption\">\n\t\t\t\t\t\t\t\t\t\t<img loading=\"lazy\" decoding=\"async\" width=\"768\" height=\"432\" src=\"https:\/\/sotransbois.com\/wp-content\/uploads\/2024\/10\/box-de-buches-de-25cm-768x432.webp\" class=\"attachment-medium_large size-medium_large wp-image-18497\" alt=\"\" srcset=\"https:\/\/sotransbois.com\/wp-content\/uploads\/2024\/10\/box-de-buches-de-25cm-768x432.webp 768w, https:\/\/sotransbois.com\/wp-content\/uploads\/2024\/10\/box-de-buches-de-25cm-300x169.webp 300w, https:\/\/sotransbois.com\/wp-content\/uploads\/2024\/10\/box-de-buches-de-25cm-1024x576.webp 1024w, https:\/\/sotransbois.com\/wp-content\/uploads\/2024\/10\/box-de-buches-de-25cm-18x10.webp 18w, https:\/\/sotransbois.com\/wp-content\/uploads\/2024\/10\/box-de-buches-de-25cm.webp 1280w\" sizes=\"(max-width: 768px) 100vw, 768px\" \/>\t\t\t\t\t\t\t\t\t\t\t<figcaption class=\"widget-image-caption wp-caption-text\">Dozen in 25cm<\/figcaption>\n\t\t\t\t\t\t\t\t\t\t<\/figure>\n\t\t\t\t\t\t\t\t\t<\/div>\n\t\t\t\t<\/div>\n\t\t\t\t<div class=\"elementor-element elementor-element-400bf7e elementor-widget elementor-widget-image\" data-id=\"400bf7e\" data-element_type=\"widget\" data-e-type=\"widget\" data-widget_type=\"image.default\">\n\t\t\t\t<div class=\"elementor-widget-container\">\n\t\t\t\t\t\t\t\t\t\t\t\t<figure class=\"wp-caption\">\n\t\t\t\t\t\t\t\t\t\t<img loading=\"lazy\" decoding=\"async\" width=\"768\" height=\"432\" src=\"https:\/\/sotransbois.com\/wp-content\/uploads\/2024\/03\/Stock-de-bois-buches-en-box-fer-768x432.webp\" class=\"attachment-medium_large size-medium_large wp-image-8764\" alt=\"Voorraad houtblokken in dozen\" srcset=\"https:\/\/sotransbois.com\/wp-content\/uploads\/2024\/03\/Stock-de-bois-buches-en-box-fer-768x432.webp 768w, https:\/\/sotransbois.com\/wp-content\/uploads\/2024\/03\/Stock-de-bois-buches-en-box-fer-300x169.webp 300w, https:\/\/sotransbois.com\/wp-content\/uploads\/2024\/03\/Stock-de-bois-buches-en-box-fer-1024x576.webp 1024w, https:\/\/sotransbois.com\/wp-content\/uploads\/2024\/03\/Stock-de-bois-buches-en-box-fer.webp 1280w\" sizes=\"(max-width: 768px) 100vw, 768px\" \/>\t\t\t\t\t\t\t\t\t\t\t<figcaption class=\"widget-image-caption wp-caption-text\">Dozen in 30cm<\/figcaption>\n\t\t\t\t\t\t\t\t\t\t<\/figure>\n\t\t\t\t\t\t\t\t\t<\/div>\n\t\t\t\t<\/div>\n\t\t\t\t<div class=\"elementor-element elementor-element-622565a elementor-widget elementor-widget-image\" data-id=\"622565a\" data-element_type=\"widget\" data-e-type=\"widget\" data-widget_type=\"image.default\">\n\t\t\t\t<div class=\"elementor-widget-container\">\n\t\t\t\t\t\t\t\t\t\t\t\t<figure class=\"wp-caption\">\n\t\t\t\t\t\t\t\t\t\t<img loading=\"lazy\" decoding=\"async\" width=\"768\" height=\"432\" src=\"https:\/\/sotransbois.com\/wp-content\/uploads\/2024\/06\/camion-bois-de-chauffage-en-box-768x432.webp\" class=\"attachment-medium_large size-medium_large wp-image-13507\" alt=\"vrachtwagen met brandhout in een doos\" srcset=\"https:\/\/sotransbois.com\/wp-content\/uploads\/2024\/06\/camion-bois-de-chauffage-en-box-768x432.webp 768w, https:\/\/sotransbois.com\/wp-content\/uploads\/2024\/06\/camion-bois-de-chauffage-en-box-300x169.webp 300w, https:\/\/sotransbois.com\/wp-content\/uploads\/2024\/06\/camion-bois-de-chauffage-en-box-1024x576.webp 1024w, https:\/\/sotransbois.com\/wp-content\/uploads\/2024\/06\/camion-bois-de-chauffage-en-box-18x10.webp 18w, https:\/\/sotransbois.com\/wp-content\/uploads\/2024\/06\/camion-bois-de-chauffage-en-box.webp 1280w\" sizes=\"(max-width: 768px) 100vw, 768px\" \/>\t\t\t\t\t\t\t\t\t\t\t<figcaption class=\"widget-image-caption wp-caption-text\">Dozen in 25cm<\/figcaption>\n\t\t\t\t\t\t\t\t\t\t<\/figure>\n\t\t\t\t\t\t\t\t\t<\/div>\n\t\t\t\t<\/div>\n\t\t\t\t<div class=\"elementor-element elementor-element-f5cc547 elementor-widget elementor-widget-image\" data-id=\"f5cc547\" data-element_type=\"widget\" data-e-type=\"widget\" data-widget_type=\"image.default\">\n\t\t\t\t<div class=\"elementor-widget-container\">\n\t\t\t\t\t\t\t\t\t\t\t\t<figure class=\"wp-caption\">\n\t\t\t\t\t\t\t\t\t\t<img loading=\"lazy\" decoding=\"async\" width=\"768\" height=\"432\" src=\"https:\/\/sotransbois.com\/wp-content\/uploads\/2024\/06\/camion-de-box-vrac-768x432.webp\" class=\"attachment-medium_large size-medium_large wp-image-13508\" alt=\"dozen haardhout in bulk\" srcset=\"https:\/\/sotransbois.com\/wp-content\/uploads\/2024\/06\/camion-de-box-vrac-768x432.webp 768w, https:\/\/sotransbois.com\/wp-content\/uploads\/2024\/06\/camion-de-box-vrac-300x169.webp 300w, https:\/\/sotransbois.com\/wp-content\/uploads\/2024\/06\/camion-de-box-vrac-1024x576.webp 1024w, https:\/\/sotransbois.com\/wp-content\/uploads\/2024\/06\/camion-de-box-vrac-18x10.webp 18w, https:\/\/sotransbois.com\/wp-content\/uploads\/2024\/06\/camion-de-box-vrac.webp 1280w\" sizes=\"(max-width: 768px) 100vw, 768px\" \/>\t\t\t\t\t\t\t\t\t\t\t<figcaption class=\"widget-image-caption wp-caption-text\">Bulk dozen in 30cm en 25cm<\/figcaption>\n\t\t\t\t\t\t\t\t\t\t<\/figure>\n\t\t\t\t\t\t\t\t\t<\/div>\n\t\t\t\t<\/div>\n\t\t\t\t<div class=\"elementor-element elementor-element-c4f2e3e elementor-widget elementor-widget-image\" data-id=\"c4f2e3e\" data-element_type=\"widget\" data-e-type=\"widget\" data-widget_type=\"image.default\">\n\t\t\t\t<div class=\"elementor-widget-container\">\n\t\t\t\t\t\t\t\t\t\t\t\t<figure class=\"wp-caption\">\n\t\t\t\t\t\t\t\t\t\t<img loading=\"lazy\" decoding=\"async\" width=\"768\" height=\"432\" src=\"https:\/\/sotransbois.com\/wp-content\/uploads\/2024\/04\/Buches-de-1m-en-box-768x432.webp\" class=\"attachment-medium_large size-medium_large wp-image-9631\" alt=\"1m houtblokken in dozen\" srcset=\"https:\/\/sotransbois.com\/wp-content\/uploads\/2024\/04\/Buches-de-1m-en-box-768x432.webp 768w, https:\/\/sotransbois.com\/wp-content\/uploads\/2024\/04\/Buches-de-1m-en-box-300x169.webp 300w, https:\/\/sotransbois.com\/wp-content\/uploads\/2024\/04\/Buches-de-1m-en-box-1024x576.webp 1024w, https:\/\/sotransbois.com\/wp-content\/uploads\/2024\/04\/Buches-de-1m-en-box.webp 1280w\" sizes=\"(max-width: 768px) 100vw, 768px\" \/>\t\t\t\t\t\t\t\t\t\t\t<figcaption class=\"widget-image-caption wp-caption-text\">Dozen in 1m<\/figcaption>\n\t\t\t\t\t\t\t\t\t\t<\/figure>\n\t\t\t\t\t\t\t\t\t<\/div>\n\t\t\t\t<\/div>\n\t\t\t\t<div class=\"elementor-element elementor-element-734e807 elementor-widget elementor-widget-image\" data-id=\"734e807\" data-element_type=\"widget\" data-e-type=\"widget\" data-widget_type=\"image.default\">\n\t\t\t\t<div class=\"elementor-widget-container\">\n\t\t\t\t\t\t\t\t\t\t\t\t\t\t\t<img loading=\"lazy\" decoding=\"async\" width=\"768\" height=\"432\" src=\"https:\/\/sotransbois.com\/wp-content\/uploads\/2025\/12\/STB-1280\u00d7720PX-bis-3-768x432.webp\" class=\"attachment-medium_large size-medium_large wp-image-29928\" alt=\"\" srcset=\"https:\/\/sotransbois.com\/wp-content\/uploads\/2025\/12\/STB-1280\u00d7720PX-bis-3-768x432.webp 768w, https:\/\/sotransbois.com\/wp-content\/uploads\/2025\/12\/STB-1280\u00d7720PX-bis-3-300x169.webp 300w, https:\/\/sotransbois.com\/wp-content\/uploads\/2025\/12\/STB-1280\u00d7720PX-bis-3-1024x576.webp 1024w, https:\/\/sotransbois.com\/wp-content\/uploads\/2025\/12\/STB-1280\u00d7720PX-bis-3-18x10.jpg 18w, https:\/\/sotransbois.com\/wp-content\/uploads\/2025\/12\/STB-1280\u00d7720PX-bis-3.webp 1280w\" sizes=\"(max-width: 768px) 100vw, 768px\" \/>\t\t\t\t\t\t\t\t\t\t\t\t\t\t\t<\/div>\n\t\t\t\t<\/div>\n\t\t\t\t<div class=\"elementor-element elementor-element-9735950 elementor-widget elementor-widget-image\" data-id=\"9735950\" data-element_type=\"widget\" data-e-type=\"widget\" data-widget_type=\"image.default\">\n\t\t\t\t<div class=\"elementor-widget-container\">\n\t\t\t\t\t\t\t\t\t\t\t\t\t\t\t<img loading=\"lazy\" decoding=\"async\" width=\"768\" height=\"432\" src=\"https:\/\/sotransbois.com\/wp-content\/uploads\/2025\/12\/STB-1280\u00d7720PX-bis-4-768x432.webp\" class=\"attachment-medium_large size-medium_large wp-image-29930\" alt=\"\" srcset=\"https:\/\/sotransbois.com\/wp-content\/uploads\/2025\/12\/STB-1280\u00d7720PX-bis-4-768x432.webp 768w, https:\/\/sotransbois.com\/wp-content\/uploads\/2025\/12\/STB-1280\u00d7720PX-bis-4-300x169.webp 300w, https:\/\/sotransbois.com\/wp-content\/uploads\/2025\/12\/STB-1280\u00d7720PX-bis-4-1024x576.webp 1024w, https:\/\/sotransbois.com\/wp-content\/uploads\/2025\/12\/STB-1280\u00d7720PX-bis-4-18x10.jpg 18w, https:\/\/sotransbois.com\/wp-content\/uploads\/2025\/12\/STB-1280\u00d7720PX-bis-4.webp 1280w\" sizes=\"(max-width: 768px) 100vw, 768px\" \/>\t\t\t\t\t\t\t\t\t\t\t\t\t\t\t<\/div>\n\t\t\t\t<\/div>\n\t\t\t\t\t<\/div>\n\t\t\t\t<\/div>\n\t\t<div class=\"elementor-element elementor-element-00c7403 e-flex e-con-boxed e-con e-parent\" data-id=\"00c7403\" data-element_type=\"container\" data-e-type=\"container\">\n\t\t\t\t\t<div class=\"e-con-inner\">\n\t\t\t\t<div class=\"elementor-element elementor-element-9dff38f elementor-widget elementor-widget-heading\" data-id=\"9dff38f\" data-element_type=\"widget\" data-e-type=\"widget\" data-widget_type=\"heading.default\">\n\t\t\t\t<div class=\"elementor-widget-container\">\n\t\t\t\t\t<h2 class=\"elementor-heading-title elementor-size-default\">Video<\/h2>\t\t\t\t<\/div>\n\t\t\t\t<\/div>\n\t\t\t\t<div class=\"elementor-element elementor-element-f263d6a elementor-widget__width-initial elementor-widget elementor-widget-video\" data-id=\"f263d6a\" data-element_type=\"widget\" data-e-type=\"widget\" data-settings=\"{&quot;youtube_url&quot;:&quot;https:\\\/\\\/www.youtube.com\\\/watch?v=F2HxXQX1E4U&quot;,&quot;video_type&quot;:&quot;youtube&quot;,&quot;controls&quot;:&quot;yes&quot;}\" data-widget_type=\"video.default\">\n\t\t\t\t<div class=\"elementor-widget-container\">\n\t\t\t\t\t\t\t<div class=\"elementor-wrapper elementor-open-inline\">\n\t\t\t<div class=\"elementor-video\"><\/div>\t\t<\/div>\n\t\t\t\t\t\t<\/div>\n\t\t\t\t<\/div>\n\t\t\t\t\t<\/div>\n\t\t\t\t<\/div>\n\t\t<div class=\"elementor-element elementor-element-7c0f2fcd e-flex e-con-boxed e-con e-parent\" data-id=\"7c0f2fcd\" data-element_type=\"container\" data-e-type=\"container\">\n\t\t\t\t\t<div class=\"e-con-inner\">\n\t\t\t\t<div class=\"elementor-element elementor-element-4579938c elementor-widget elementor-widget-button\" data-id=\"4579938c\" data-element_type=\"widget\" data-e-type=\"widget\" data-widget_type=\"button.default\">\n\t\t\t\t<div class=\"elementor-widget-container\">\n\t\t\t\t\t\t\t\t\t<div class=\"elementor-button-wrapper\">\n\t\t\t\t\t<a class=\"elementor-button elementor-button-link elementor-size-sm\" href=\"https:\/\/sotransbois.com\/nl\/tarieven\/\">\n\t\t\t\t\t\t<span class=\"elementor-button-content-wrapper\">\n\t\t\t\t\t\t<span class=\"elementor-button-icon\">\n\t\t\t\t<i aria-hidden=\"true\" class=\"fas fa-arrow-alt-circle-right\"><\/i>\t\t\t<\/span>\n\t\t\t\t\t\t\t\t\t<span class=\"elementor-button-text\">Prijzen Incl. BTW<\/span>\n\t\t\t\t\t<\/span>\n\t\t\t\t\t<\/a>\n\t\t\t\t<\/div>\n\t\t\t\t\t\t\t\t<\/div>\n\t\t\t\t<\/div>\n\t\t\t\t<div class=\"elementor-element elementor-element-36e99ab3 elementor-widget elementor-widget-button\" data-id=\"36e99ab3\" data-element_type=\"widget\" data-e-type=\"widget\" data-widget_type=\"button.default\">\n\t\t\t\t<div class=\"elementor-widget-container\">\n\t\t\t\t\t\t\t\t\t<div class=\"elementor-button-wrapper\">\n\t\t\t\t\t<a class=\"elementor-button elementor-button-link elementor-size-sm\" href=\"https:\/\/sotransbois.com\/nl\/pro-contact\/\">\n\t\t\t\t\t\t<span class=\"elementor-button-content-wrapper\">\n\t\t\t\t\t\t<span class=\"elementor-button-icon\">\n\t\t\t\t<i aria-hidden=\"true\" class=\"fas fa-arrow-alt-circle-right\"><\/i>\t\t\t<\/span>\n\t\t\t\t\t\t\t\t\t<span class=\"elementor-button-text\">Prijzen Excl. BTW (Professionals)<\/span>\n\t\t\t\t\t<\/span>\n\t\t\t\t\t<\/a>\n\t\t\t\t<\/div>\n\t\t\t\t\t\t\t\t<\/div>\n\t\t\t\t<\/div>\n\t\t\t\t\t<\/div>\n\t\t\t\t<\/div>\n\t\t\t\t<\/div>","protected":false},"excerpt":{"rendered":"<p>Bois de chauffage en box fer Le box fer est un conditionnement empilable et r\u00e9utilisable. Il nous permet de stocker du bois en quantit\u00e9 industrielle et d&rsquo;optimiser notre logistique. Beaucoup de revendeurs, en France et au Benelux, nous ach\u00e8tent du bois en box fer. Nous utilisons aussi ces boxs pour livrer des particuliers, dans ce [&hellip;]<\/p>\n","protected":false},"author":1,"featured_media":0,"parent":0,"menu_order":0,"comment_status":"closed","ping_status":"closed","template":"","meta":{"footnotes":""},"class_list":["post-731","page","type-page","status-publish","hentry"],"_links":{"self":[{"href":"https:\/\/sotransbois.com\/nl\/wp-json\/wp\/v2\/pages\/731","targetHints":{"allow":["GET"]}}],"collection":[{"href":"https:\/\/sotransbois.com\/nl\/wp-json\/wp\/v2\/pages"}],"about":[{"href":"https:\/\/sotransbois.com\/nl\/wp-json\/wp\/v2\/types\/page"}],"author":[{"embeddable":true,"href":"https:\/\/sotransbois.com\/nl\/wp-json\/wp\/v2\/users\/1"}],"replies":[{"embeddable":true,"href":"https:\/\/sotransbois.com\/nl\/wp-json\/wp\/v2\/comments?post=731"}],"version-history":[{"count":208,"href":"https:\/\/sotransbois.com\/nl\/wp-json\/wp\/v2\/pages\/731\/revisions"}],"predecessor-version":[{"id":32012,"href":"https:\/\/sotransbois.com\/nl\/wp-json\/wp\/v2\/pages\/731\/revisions\/32012"}],"wp:attachment":[{"href":"https:\/\/sotransbois.com\/nl\/wp-json\/wp\/v2\/media?parent=731"}],"curies":[{"name":"wp","href":"https:\/\/api.w.org\/{rel}","templated":true}]}}