{"id":737,"date":"2022-12-29T22:39:23","date_gmt":"2022-12-29T21:39:23","guid":{"rendered":"https:\/\/mci-medias.flywheelsites.com\/?page_id=737"},"modified":"2026-04-21T12:36:18","modified_gmt":"2026-04-21T11:36:18","slug":"brandhout-2-meter","status":"publish","type":"page","link":"https:\/\/sotransbois.com\/nl\/bois-de-chauffage-2-metres\/","title":{"rendered":"Hout in 2m"},"content":{"rendered":"<div data-elementor-type=\"wp-page\" data-elementor-id=\"737\" class=\"elementor elementor-737\" data-elementor-post-type=\"page\">\n\t\t\t\t<div class=\"elementor-element elementor-element-a7bb8e9 e-flex e-con-boxed e-con e-parent\" data-id=\"a7bb8e9\" data-element_type=\"container\" data-e-type=\"container\">\n\t\t\t\t\t<div class=\"e-con-inner\">\n\t\t\t\t<div class=\"elementor-element elementor-element-edabc9e elementor-widget elementor-widget-heading\" data-id=\"edabc9e\" data-element_type=\"widget\" data-e-type=\"widget\" data-widget_type=\"heading.default\">\n\t\t\t\t<div class=\"elementor-widget-container\">\n\t\t\t\t\t<h1 class=\"elementor-heading-title elementor-size-default\">2m hout en boomstammen<\/h1>\t\t\t\t<\/div>\n\t\t\t\t<\/div>\n\t\t\t\t<div class=\"elementor-element elementor-element-bd30409 elementor-widget elementor-widget-image\" data-id=\"bd30409\" data-element_type=\"widget\" data-e-type=\"widget\" data-widget_type=\"image.default\">\n\t\t\t\t<div class=\"elementor-widget-container\">\n\t\t\t\t\t\t\t\t\t\t\t\t\t\t\t<img fetchpriority=\"high\" decoding=\"async\" width=\"768\" height=\"432\" src=\"https:\/\/sotransbois.com\/wp-content\/uploads\/2024\/07\/semi-remorque-billons-bois-de-chauffage-1-768x432.webp\" class=\"attachment-medium_large size-medium_large wp-image-13726\" alt=\"oplegger boomstammen brandhout\" srcset=\"https:\/\/sotransbois.com\/wp-content\/uploads\/2024\/07\/semi-remorque-billons-bois-de-chauffage-1-768x432.webp 768w, https:\/\/sotransbois.com\/wp-content\/uploads\/2024\/07\/semi-remorque-billons-bois-de-chauffage-1-300x169.webp 300w, https:\/\/sotransbois.com\/wp-content\/uploads\/2024\/07\/semi-remorque-billons-bois-de-chauffage-1-1024x576.webp 1024w, https:\/\/sotransbois.com\/wp-content\/uploads\/2024\/07\/semi-remorque-billons-bois-de-chauffage-1-18x10.webp 18w, https:\/\/sotransbois.com\/wp-content\/uploads\/2024\/07\/semi-remorque-billons-bois-de-chauffage-1.webp 1280w\" sizes=\"(max-width: 768px) 100vw, 768px\" \/>\t\t\t\t\t\t\t\t\t\t\t\t\t\t\t<\/div>\n\t\t\t\t<\/div>\n\t\t\t\t<div class=\"elementor-element elementor-element-1de77ca elementor-widget elementor-widget-text-editor\" data-id=\"1de77ca\" data-element_type=\"widget\" data-e-type=\"widget\" data-widget_type=\"text-editor.default\">\n\t\t\t\t<div class=\"elementor-widget-container\">\n\t\t\t\t\t\t\t\t\t<p>De verkoop van hout in lengtes van 2 meter en boomstammen is een van onze specialiteiten sinds 1990. We leveren aan veel producenten, met name in Hauts-de-France en de Benelux, evenals aan particulieren. Het kopen van hout in lengtes van 2 meter of boomstammen blijft de goedkoopste optie om te verwarmen.<\/p><p>U kiest de<strong> lengte<\/strong> : 2 m, 4 m, of stammen van alle lengtes. De stammen hebben meestal dezelfde prijs als 2 m, terwijl 4 m iets duurder is, omdat deze zeldzamer is. Daarom kiezen de meeste van onze klanten voor 2 m hout.<\/p><p>U kiest ook<strong> de diameter<\/strong> : 10-25, 10-30 10-40, 10-50, 20-80cm. De gekozen diameter verandert de prijs niet. De meeste van onze klanten kiezen voor 10-30 of 10-40cm.\u00a0<\/p><p>Een volle vrachtwagen bevat 60 st\u00e8re, verdeeld over 5 stapels van 12 st\u00e8re.<\/p><p>Wij leveren vanaf 12 st\u00e8re in Hauts-de-France, de Ardennen en Walloni\u00eb, vanaf 24 st\u00e8re in Vlaanderen, en per volle vrachtwagen in Nederland en voorbij 250 km.<\/p><p>Als u een verticale klover heeft, bieden wij ook <a href=\"https:\/\/sotransbois.com\/nl\/stortkokers\/\">stortkokers<\/a> grote diameter.<\/p>\t\t\t\t\t\t\t\t<\/div>\n\t\t\t\t<\/div>\n\t\t\t\t\t<\/div>\n\t\t\t\t<\/div>\n\t\t<div class=\"elementor-element elementor-element-3c84919 e-flex e-con-boxed e-con e-parent\" data-id=\"3c84919\" data-element_type=\"container\" data-e-type=\"container\">\n\t\t\t\t\t<div class=\"e-con-inner\">\n\t\t\t\t<div class=\"elementor-element elementor-element-4fb85a7 elementor-widget elementor-widget-heading\" data-id=\"4fb85a7\" data-element_type=\"widget\" data-e-type=\"widget\" data-widget_type=\"heading.default\">\n\t\t\t\t<div class=\"elementor-widget-container\">\n\t\t\t\t\t<h2 class=\"elementor-heading-title elementor-size-default\">Foto's<\/h2>\t\t\t\t<\/div>\n\t\t\t\t<\/div>\n\t\t\t\t<div class=\"elementor-element elementor-element-1b12248 elementor-widget elementor-widget-image\" data-id=\"1b12248\" data-element_type=\"widget\" data-e-type=\"widget\" data-widget_type=\"image.default\">\n\t\t\t\t<div class=\"elementor-widget-container\">\n\t\t\t\t\t\t\t\t\t\t\t\t<figure class=\"wp-caption\">\n\t\t\t\t\t\t\t\t\t\t<img decoding=\"async\" width=\"768\" height=\"329\" src=\"https:\/\/sotransbois.com\/wp-content\/uploads\/2024\/04\/semi-remorque-de-bois-de-chauffage-en-2m-1-768x329.webp\" class=\"attachment-medium_large size-medium_large wp-image-9993\" alt=\"2m oplegger brandhout\" srcset=\"https:\/\/sotransbois.com\/wp-content\/uploads\/2024\/04\/semi-remorque-de-bois-de-chauffage-en-2m-1-768x329.webp 768w, https:\/\/sotransbois.com\/wp-content\/uploads\/2024\/04\/semi-remorque-de-bois-de-chauffage-en-2m-1-300x129.webp 300w, https:\/\/sotransbois.com\/wp-content\/uploads\/2024\/04\/semi-remorque-de-bois-de-chauffage-en-2m-1-1024x439.webp 1024w, https:\/\/sotransbois.com\/wp-content\/uploads\/2024\/04\/semi-remorque-de-bois-de-chauffage-en-2m-1-18x8.webp 18w, https:\/\/sotransbois.com\/wp-content\/uploads\/2024\/04\/semi-remorque-de-bois-de-chauffage-en-2m-1.webp 1400w\" sizes=\"(max-width: 768px) 100vw, 768px\" \/>\t\t\t\t\t\t\t\t\t\t\t<figcaption class=\"widget-image-caption wp-caption-text\">Diameter 10-25cm<\/figcaption>\n\t\t\t\t\t\t\t\t\t\t<\/figure>\n\t\t\t\t\t\t\t\t\t<\/div>\n\t\t\t\t<\/div>\n\t\t\t\t<div class=\"elementor-element elementor-element-d1aa0ce elementor-widget elementor-widget-image\" data-id=\"d1aa0ce\" data-element_type=\"widget\" data-e-type=\"widget\" data-widget_type=\"image.default\">\n\t\t\t\t<div class=\"elementor-widget-container\">\n\t\t\t\t\t\t\t\t\t\t\t\t<figure class=\"wp-caption\">\n\t\t\t\t\t\t\t\t\t\t<img decoding=\"async\" width=\"768\" height=\"329\" src=\"https:\/\/sotransbois.com\/wp-content\/uploads\/2024\/02\/grumier-de-rondins-de-2m-768x329.webp\" class=\"attachment-medium_large size-medium_large wp-image-5598\" alt=\"Houthakker met stammen van 2 meter.\" srcset=\"https:\/\/sotransbois.com\/wp-content\/uploads\/2024\/02\/grumier-de-rondins-de-2m-768x329.webp 768w, https:\/\/sotransbois.com\/wp-content\/uploads\/2024\/02\/grumier-de-rondins-de-2m-300x129.webp 300w, https:\/\/sotransbois.com\/wp-content\/uploads\/2024\/02\/grumier-de-rondins-de-2m-1024x439.webp 1024w, https:\/\/sotransbois.com\/wp-content\/uploads\/2024\/02\/grumier-de-rondins-de-2m.webp 1400w\" sizes=\"(max-width: 768px) 100vw, 768px\" \/>\t\t\t\t\t\t\t\t\t\t\t<figcaption class=\"widget-image-caption wp-caption-text\">Diameter 10-30cm<\/figcaption>\n\t\t\t\t\t\t\t\t\t\t<\/figure>\n\t\t\t\t\t\t\t\t\t<\/div>\n\t\t\t\t<\/div>\n\t\t\t\t<div class=\"elementor-element elementor-element-983771a elementor-widget elementor-widget-image\" data-id=\"983771a\" data-element_type=\"widget\" data-e-type=\"widget\" data-widget_type=\"image.default\">\n\t\t\t\t<div class=\"elementor-widget-container\">\n\t\t\t\t\t\t\t\t\t\t\t\t<figure class=\"wp-caption\">\n\t\t\t\t\t\t\t\t\t\t<img loading=\"lazy\" decoding=\"async\" width=\"768\" height=\"432\" src=\"https:\/\/sotransbois.com\/wp-content\/uploads\/2025\/09\/Img-sotransbois-1280\u00d7720PX-4-768x432.webp\" class=\"attachment-medium_large size-medium_large wp-image-29100\" alt=\"hout in 2m\" srcset=\"https:\/\/sotransbois.com\/wp-content\/uploads\/2025\/09\/Img-sotransbois-1280\u00d7720PX-4-768x432.webp 768w, https:\/\/sotransbois.com\/wp-content\/uploads\/2025\/09\/Img-sotransbois-1280\u00d7720PX-4-300x169.webp 300w, https:\/\/sotransbois.com\/wp-content\/uploads\/2025\/09\/Img-sotransbois-1280\u00d7720PX-4-1024x576.webp 1024w, https:\/\/sotransbois.com\/wp-content\/uploads\/2025\/09\/Img-sotransbois-1280\u00d7720PX-4-18x10.jpg 18w, https:\/\/sotransbois.com\/wp-content\/uploads\/2025\/09\/Img-sotransbois-1280\u00d7720PX-4.webp 1280w\" sizes=\"(max-width: 768px) 100vw, 768px\" \/>\t\t\t\t\t\t\t\t\t\t\t<figcaption class=\"widget-image-caption wp-caption-text\">Diameter 10-40cm<\/figcaption>\n\t\t\t\t\t\t\t\t\t\t<\/figure>\n\t\t\t\t\t\t\t\t\t<\/div>\n\t\t\t\t<\/div>\n\t\t\t\t<div class=\"elementor-element elementor-element-96c2d34 elementor-widget elementor-widget-image\" data-id=\"96c2d34\" data-element_type=\"widget\" data-e-type=\"widget\" data-widget_type=\"image.default\">\n\t\t\t\t<div class=\"elementor-widget-container\">\n\t\t\t\t\t\t\t\t\t\t\t\t<figure class=\"wp-caption\">\n\t\t\t\t\t\t\t\t\t\t<img loading=\"lazy\" decoding=\"async\" width=\"768\" height=\"329\" src=\"https:\/\/sotransbois.com\/wp-content\/uploads\/2024\/01\/Camion-de-billons-de-2-metres-e1711377373852-768x329.webp\" class=\"attachment-medium_large size-medium_large wp-image-3493\" alt=\"2-meter houtvrachtwagen\" srcset=\"https:\/\/sotransbois.com\/wp-content\/uploads\/2024\/01\/Camion-de-billons-de-2-metres-e1711377373852-768x329.webp 768w, https:\/\/sotransbois.com\/wp-content\/uploads\/2024\/01\/Camion-de-billons-de-2-metres-e1711377373852-300x128.webp 300w, https:\/\/sotransbois.com\/wp-content\/uploads\/2024\/01\/Camion-de-billons-de-2-metres-e1711377373852-1024x438.webp 1024w, https:\/\/sotransbois.com\/wp-content\/uploads\/2024\/01\/Camion-de-billons-de-2-metres-e1711377373852.webp 1400w\" sizes=\"(max-width: 768px) 100vw, 768px\" \/>\t\t\t\t\t\t\t\t\t\t\t<figcaption class=\"widget-image-caption wp-caption-text\">Diameter 10-40cm<\/figcaption>\n\t\t\t\t\t\t\t\t\t\t<\/figure>\n\t\t\t\t\t\t\t\t\t<\/div>\n\t\t\t\t<\/div>\n\t\t\t\t<div class=\"elementor-element elementor-element-145bc1e elementor-widget elementor-widget-image\" data-id=\"145bc1e\" data-element_type=\"widget\" data-e-type=\"widget\" data-widget_type=\"image.default\">\n\t\t\t\t<div class=\"elementor-widget-container\">\n\t\t\t\t\t\t\t\t\t\t\t\t<figure class=\"wp-caption\">\n\t\t\t\t\t\t\t\t\t\t<img loading=\"lazy\" decoding=\"async\" width=\"768\" height=\"432\" src=\"https:\/\/sotransbois.com\/wp-content\/uploads\/2025\/09\/Img-sotransbois-1280\u00d7720PX-3-768x432.webp\" class=\"attachment-medium_large size-medium_large wp-image-29101\" alt=\"brandhout in 2 meter\" srcset=\"https:\/\/sotransbois.com\/wp-content\/uploads\/2025\/09\/Img-sotransbois-1280\u00d7720PX-3-768x432.webp 768w, https:\/\/sotransbois.com\/wp-content\/uploads\/2025\/09\/Img-sotransbois-1280\u00d7720PX-3-300x169.webp 300w, https:\/\/sotransbois.com\/wp-content\/uploads\/2025\/09\/Img-sotransbois-1280\u00d7720PX-3-1024x576.webp 1024w, https:\/\/sotransbois.com\/wp-content\/uploads\/2025\/09\/Img-sotransbois-1280\u00d7720PX-3-18x10.jpg 18w, https:\/\/sotransbois.com\/wp-content\/uploads\/2025\/09\/Img-sotransbois-1280\u00d7720PX-3.webp 1280w\" sizes=\"(max-width: 768px) 100vw, 768px\" \/>\t\t\t\t\t\t\t\t\t\t\t<figcaption class=\"widget-image-caption wp-caption-text\">Diameter 10-40cm<\/figcaption>\n\t\t\t\t\t\t\t\t\t\t<\/figure>\n\t\t\t\t\t\t\t\t\t<\/div>\n\t\t\t\t<\/div>\n\t\t\t\t<div class=\"elementor-element elementor-element-66695ee elementor-widget elementor-widget-image\" data-id=\"66695ee\" data-element_type=\"widget\" data-e-type=\"widget\" data-widget_type=\"image.default\">\n\t\t\t\t<div class=\"elementor-widget-container\">\n\t\t\t\t\t\t\t\t\t\t\t\t<figure class=\"wp-caption\">\n\t\t\t\t\t\t\t\t\t\t<img loading=\"lazy\" decoding=\"async\" width=\"768\" height=\"395\" src=\"https:\/\/sotransbois.com\/wp-content\/uploads\/2024\/02\/semi-remorque-en-2m-frene-mi-sec-768x395.webp\" class=\"attachment-medium_large size-medium_large wp-image-5599\" alt=\"Oplegger van hout in 2m: halfdroge as\" srcset=\"https:\/\/sotransbois.com\/wp-content\/uploads\/2024\/02\/semi-remorque-en-2m-frene-mi-sec-768x395.webp 768w, https:\/\/sotransbois.com\/wp-content\/uploads\/2024\/02\/semi-remorque-en-2m-frene-mi-sec-300x154.webp 300w, https:\/\/sotransbois.com\/wp-content\/uploads\/2024\/02\/semi-remorque-en-2m-frene-mi-sec-1024x527.webp 1024w, https:\/\/sotransbois.com\/wp-content\/uploads\/2024\/02\/semi-remorque-en-2m-frene-mi-sec.webp 1400w\" sizes=\"(max-width: 768px) 100vw, 768px\" \/>\t\t\t\t\t\t\t\t\t\t\t<figcaption class=\"widget-image-caption wp-caption-text\">Diameter 10-40cm<\/figcaption>\n\t\t\t\t\t\t\t\t\t\t<\/figure>\n\t\t\t\t\t\t\t\t\t<\/div>\n\t\t\t\t<\/div>\n\t\t\t\t<div class=\"elementor-element elementor-element-c2c013a elementor-widget elementor-widget-image\" data-id=\"c2c013a\" data-element_type=\"widget\" data-e-type=\"widget\" data-widget_type=\"image.default\">\n\t\t\t\t<div class=\"elementor-widget-container\">\n\t\t\t\t\t\t\t\t\t\t\t\t<figure class=\"wp-caption\">\n\t\t\t\t\t\t\t\t\t\t<img loading=\"lazy\" decoding=\"async\" width=\"768\" height=\"432\" src=\"https:\/\/sotransbois.com\/wp-content\/uploads\/2025\/03\/bois-de-chauffage-en-2m-1-768x432.webp\" class=\"attachment-medium_large size-medium_large wp-image-21798\" alt=\"brandhout in 2m (1)\" srcset=\"https:\/\/sotransbois.com\/wp-content\/uploads\/2025\/03\/bois-de-chauffage-en-2m-1-768x432.webp 768w, https:\/\/sotransbois.com\/wp-content\/uploads\/2025\/03\/bois-de-chauffage-en-2m-1-300x169.webp 300w, https:\/\/sotransbois.com\/wp-content\/uploads\/2025\/03\/bois-de-chauffage-en-2m-1-1024x576.webp 1024w, https:\/\/sotransbois.com\/wp-content\/uploads\/2025\/03\/bois-de-chauffage-en-2m-1-18x10.webp 18w, https:\/\/sotransbois.com\/wp-content\/uploads\/2025\/03\/bois-de-chauffage-en-2m-1.webp 1280w\" sizes=\"(max-width: 768px) 100vw, 768px\" \/>\t\t\t\t\t\t\t\t\t\t\t<figcaption class=\"widget-image-caption wp-caption-text\">Diameter 10-50cm<\/figcaption>\n\t\t\t\t\t\t\t\t\t\t<\/figure>\n\t\t\t\t\t\t\t\t\t<\/div>\n\t\t\t\t<\/div>\n\t\t\t\t<div class=\"elementor-element elementor-element-a63f7e0 elementor-widget elementor-widget-image\" data-id=\"a63f7e0\" data-element_type=\"widget\" data-e-type=\"widget\" data-widget_type=\"image.default\">\n\t\t\t\t<div class=\"elementor-widget-container\">\n\t\t\t\t\t\t\t\t\t\t\t\t<figure class=\"wp-caption\">\n\t\t\t\t\t\t\t\t\t\t<img loading=\"lazy\" decoding=\"async\" width=\"768\" height=\"432\" src=\"https:\/\/sotransbois.com\/wp-content\/uploads\/2026\/04\/big-bags-768x432.webp\" class=\"attachment-medium_large size-medium_large wp-image-31926\" alt=\"2m\" srcset=\"https:\/\/sotransbois.com\/wp-content\/uploads\/2026\/04\/big-bags-768x432.webp 768w, https:\/\/sotransbois.com\/wp-content\/uploads\/2026\/04\/big-bags-300x169.webp 300w, https:\/\/sotransbois.com\/wp-content\/uploads\/2026\/04\/big-bags-1024x576.webp 1024w, https:\/\/sotransbois.com\/wp-content\/uploads\/2026\/04\/big-bags-18x10.jpg 18w, https:\/\/sotransbois.com\/wp-content\/uploads\/2026\/04\/big-bags.webp 1280w\" sizes=\"(max-width: 768px) 100vw, 768px\" \/>\t\t\t\t\t\t\t\t\t\t\t<figcaption class=\"widget-image-caption wp-caption-text\">Diameter 10-50cm<\/figcaption>\n\t\t\t\t\t\t\t\t\t\t<\/figure>\n\t\t\t\t\t\t\t\t\t<\/div>\n\t\t\t\t<\/div>\n\t\t\t\t<div class=\"elementor-element elementor-element-4b015c5 elementor-widget elementor-widget-image\" data-id=\"4b015c5\" data-element_type=\"widget\" data-e-type=\"widget\" data-widget_type=\"image.default\">\n\t\t\t\t<div class=\"elementor-widget-container\">\n\t\t\t\t\t\t\t\t\t\t\t\t<figure class=\"wp-caption\">\n\t\t\t\t\t\t\t\t\t\t<img loading=\"lazy\" decoding=\"async\" width=\"768\" height=\"432\" src=\"https:\/\/sotransbois.com\/wp-content\/uploads\/2025\/03\/camion-bois-de-chauffage-2m-et-4m-768x432.webp\" class=\"attachment-medium_large size-medium_large wp-image-21944\" alt=\"2m en 4m brandhout vrachtwagen\" srcset=\"https:\/\/sotransbois.com\/wp-content\/uploads\/2025\/03\/camion-bois-de-chauffage-2m-et-4m-768x432.webp 768w, https:\/\/sotransbois.com\/wp-content\/uploads\/2025\/03\/camion-bois-de-chauffage-2m-et-4m-300x169.webp 300w, https:\/\/sotransbois.com\/wp-content\/uploads\/2025\/03\/camion-bois-de-chauffage-2m-et-4m-1024x576.webp 1024w, https:\/\/sotransbois.com\/wp-content\/uploads\/2025\/03\/camion-bois-de-chauffage-2m-et-4m-18x10.webp 18w, https:\/\/sotransbois.com\/wp-content\/uploads\/2025\/03\/camion-bois-de-chauffage-2m-et-4m.webp 1280w\" sizes=\"(max-width: 768px) 100vw, 768px\" \/>\t\t\t\t\t\t\t\t\t\t\t<figcaption class=\"widget-image-caption wp-caption-text\">Hout Alle Lengtes, Diameter 10-50cm<\/figcaption>\n\t\t\t\t\t\t\t\t\t\t<\/figure>\n\t\t\t\t\t\t\t\t\t<\/div>\n\t\t\t\t<\/div>\n\t\t\t\t<div class=\"elementor-element elementor-element-08a6ac9 elementor-widget elementor-widget-image\" data-id=\"08a6ac9\" data-element_type=\"widget\" data-e-type=\"widget\" data-widget_type=\"image.default\">\n\t\t\t\t<div class=\"elementor-widget-container\">\n\t\t\t\t\t\t\t\t\t\t\t\t<figure class=\"wp-caption\">\n\t\t\t\t\t\t\t\t\t\t<img loading=\"lazy\" decoding=\"async\" width=\"768\" height=\"432\" src=\"https:\/\/sotransbois.com\/wp-content\/uploads\/2026\/03\/big-bags-3-768x432.webp\" class=\"attachment-medium_large size-medium_large wp-image-31869\" alt=\"\" srcset=\"https:\/\/sotransbois.com\/wp-content\/uploads\/2026\/03\/big-bags-3-768x432.webp 768w, https:\/\/sotransbois.com\/wp-content\/uploads\/2026\/03\/big-bags-3-300x169.webp 300w, https:\/\/sotransbois.com\/wp-content\/uploads\/2026\/03\/big-bags-3-1024x576.webp 1024w, https:\/\/sotransbois.com\/wp-content\/uploads\/2026\/03\/big-bags-3-18x10.jpg 18w, https:\/\/sotransbois.com\/wp-content\/uploads\/2026\/03\/big-bags-3.webp 1280w\" sizes=\"(max-width: 768px) 100vw, 768px\" \/>\t\t\t\t\t\t\t\t\t\t\t<figcaption class=\"widget-image-caption wp-caption-text\">Hout Alle Lengtes, Diameter 20-80cm<\/figcaption>\n\t\t\t\t\t\t\t\t\t\t<\/figure>\n\t\t\t\t\t\t\t\t\t<\/div>\n\t\t\t\t<\/div>\n\t\t\t\t<div class=\"elementor-element elementor-element-cd643e5 elementor-widget elementor-widget-image\" data-id=\"cd643e5\" data-element_type=\"widget\" data-e-type=\"widget\" data-widget_type=\"image.default\">\n\t\t\t\t<div class=\"elementor-widget-container\">\n\t\t\t\t\t\t\t\t\t\t\t\t<figure class=\"wp-caption\">\n\t\t\t\t\t\t\t\t\t\t<img loading=\"lazy\" decoding=\"async\" width=\"768\" height=\"432\" src=\"https:\/\/sotransbois.com\/wp-content\/uploads\/2026\/03\/big-bags-2-768x432.webp\" class=\"attachment-medium_large size-medium_large wp-image-31850\" alt=\"\" srcset=\"https:\/\/sotransbois.com\/wp-content\/uploads\/2026\/03\/big-bags-2-768x432.webp 768w, https:\/\/sotransbois.com\/wp-content\/uploads\/2026\/03\/big-bags-2-300x169.webp 300w, https:\/\/sotransbois.com\/wp-content\/uploads\/2026\/03\/big-bags-2-1024x576.webp 1024w, https:\/\/sotransbois.com\/wp-content\/uploads\/2026\/03\/big-bags-2-18x10.jpg 18w, https:\/\/sotransbois.com\/wp-content\/uploads\/2026\/03\/big-bags-2.webp 1280w\" sizes=\"(max-width: 768px) 100vw, 768px\" \/>\t\t\t\t\t\t\t\t\t\t\t<figcaption class=\"widget-image-caption wp-caption-text\">Hout van 4m en 2m<\/figcaption>\n\t\t\t\t\t\t\t\t\t\t<\/figure>\n\t\t\t\t\t\t\t\t\t<\/div>\n\t\t\t\t<\/div>\n\t\t\t\t<div class=\"elementor-element elementor-element-f842e04 elementor-widget elementor-widget-image\" data-id=\"f842e04\" data-element_type=\"widget\" data-e-type=\"widget\" data-widget_type=\"image.default\">\n\t\t\t\t<div class=\"elementor-widget-container\">\n\t\t\t\t\t\t\t\t\t\t\t\t<figure class=\"wp-caption\">\n\t\t\t\t\t\t\t\t\t\t<img loading=\"lazy\" decoding=\"async\" width=\"768\" height=\"432\" src=\"https:\/\/sotransbois.com\/wp-content\/uploads\/2026\/03\/Design-sans-titre-19-768x432.webp\" class=\"attachment-medium_large size-medium_large wp-image-31813\" alt=\"\" srcset=\"https:\/\/sotransbois.com\/wp-content\/uploads\/2026\/03\/Design-sans-titre-19-768x432.webp 768w, https:\/\/sotransbois.com\/wp-content\/uploads\/2026\/03\/Design-sans-titre-19-300x169.webp 300w, https:\/\/sotransbois.com\/wp-content\/uploads\/2026\/03\/Design-sans-titre-19-1024x576.webp 1024w, https:\/\/sotransbois.com\/wp-content\/uploads\/2026\/03\/Design-sans-titre-19-18x10.jpg 18w, https:\/\/sotransbois.com\/wp-content\/uploads\/2026\/03\/Design-sans-titre-19.webp 1280w\" sizes=\"(max-width: 768px) 100vw, 768px\" \/>\t\t\t\t\t\t\t\t\t\t\t<figcaption class=\"widget-image-caption wp-caption-text\">Vrachtwagen met big bags en 2 meter<\/figcaption>\n\t\t\t\t\t\t\t\t\t\t<\/figure>\n\t\t\t\t\t\t\t\t\t<\/div>\n\t\t\t\t<\/div>\n\t\t\t\t<div class=\"elementor-element elementor-element-2e93cfa elementor-widget elementor-widget-text-editor\" data-id=\"2e93cfa\" data-element_type=\"widget\" data-e-type=\"widget\" data-widget_type=\"text-editor.default\">\n\t\t\t\t<div class=\"elementor-widget-container\">\n\t\t\t\t\t\t\t\t\t<p>U kunt mengen met <a href=\"https:\/\/sotransbois.com\/nl\/grote-zak-brandhout\/\">grote tassen<\/a>\u00a0als u wilt, is dit dezelfde bestelwagen. Dit kan handig zijn bij gecombineerde bestellingen.<\/p>\t\t\t\t\t\t\t\t<\/div>\n\t\t\t\t<\/div>\n\t\t\t\t\t<\/div>\n\t\t\t\t<\/div>\n\t\t<div class=\"elementor-element elementor-element-9bd6b6f e-flex e-con-boxed e-con e-parent\" data-id=\"9bd6b6f\" data-element_type=\"container\" data-e-type=\"container\">\n\t\t\t\t\t<div class=\"e-con-inner\">\n\t\t\t\t<div class=\"elementor-element elementor-element-17500a10 elementor-widget elementor-widget-button\" data-id=\"17500a10\" data-element_type=\"widget\" data-e-type=\"widget\" data-widget_type=\"button.default\">\n\t\t\t\t<div class=\"elementor-widget-container\">\n\t\t\t\t\t\t\t\t\t<div class=\"elementor-button-wrapper\">\n\t\t\t\t\t<a class=\"elementor-button elementor-button-link elementor-size-sm\" href=\"https:\/\/sotransbois.com\/nl\/tarieven\/\">\n\t\t\t\t\t\t<span class=\"elementor-button-content-wrapper\">\n\t\t\t\t\t\t<span class=\"elementor-button-icon\">\n\t\t\t\t<i aria-hidden=\"true\" class=\"fas fa-arrow-alt-circle-right\"><\/i>\t\t\t<\/span>\n\t\t\t\t\t\t\t\t\t<span class=\"elementor-button-text\">Prijzen Incl. BTW<\/span>\n\t\t\t\t\t<\/span>\n\t\t\t\t\t<\/a>\n\t\t\t\t<\/div>\n\t\t\t\t\t\t\t\t<\/div>\n\t\t\t\t<\/div>\n\t\t\t\t<div class=\"elementor-element elementor-element-8964033 elementor-widget elementor-widget-button\" data-id=\"8964033\" data-element_type=\"widget\" data-e-type=\"widget\" data-widget_type=\"button.default\">\n\t\t\t\t<div class=\"elementor-widget-container\">\n\t\t\t\t\t\t\t\t\t<div class=\"elementor-button-wrapper\">\n\t\t\t\t\t<a class=\"elementor-button elementor-button-link elementor-size-sm\" href=\"https:\/\/sotransbois.com\/nl\/pro-contact\/\">\n\t\t\t\t\t\t<span class=\"elementor-button-content-wrapper\">\n\t\t\t\t\t\t<span class=\"elementor-button-icon\">\n\t\t\t\t<i aria-hidden=\"true\" class=\"fas fa-arrow-alt-circle-right\"><\/i>\t\t\t<\/span>\n\t\t\t\t\t\t\t\t\t<span class=\"elementor-button-text\">Prijzen Excl. BTW (Professionals)<\/span>\n\t\t\t\t\t<\/span>\n\t\t\t\t\t<\/a>\n\t\t\t\t<\/div>\n\t\t\t\t\t\t\t\t<\/div>\n\t\t\t\t<\/div>\n\t\t\t\t\t<\/div>\n\t\t\t\t<\/div>\n\t\t\t\t<\/div>","protected":false},"excerpt":{"rendered":"<p>Bois en 2m et grumes La vente de bois en 2m et de grumes est l&rsquo;une de nos sp\u00e9cialit\u00e9s depuis 1990. Nous fournissons beaucoup de producteurs, notamment dans les Hauts-de-France et le Benelux, ainsi que des particuliers. Acheter du bois en 2m ou des grumes, reste l&rsquo;option la moins ch\u00e8re pour se chauffer. Vous choisissez [&hellip;]<\/p>\n","protected":false},"author":1,"featured_media":0,"parent":0,"menu_order":0,"comment_status":"closed","ping_status":"closed","template":"","meta":{"footnotes":""},"class_list":["post-737","page","type-page","status-publish","hentry"],"_links":{"self":[{"href":"https:\/\/sotransbois.com\/nl\/wp-json\/wp\/v2\/pages\/737","targetHints":{"allow":["GET"]}}],"collection":[{"href":"https:\/\/sotransbois.com\/nl\/wp-json\/wp\/v2\/pages"}],"about":[{"href":"https:\/\/sotransbois.com\/nl\/wp-json\/wp\/v2\/types\/page"}],"author":[{"embeddable":true,"href":"https:\/\/sotransbois.com\/nl\/wp-json\/wp\/v2\/users\/1"}],"replies":[{"embeddable":true,"href":"https:\/\/sotransbois.com\/nl\/wp-json\/wp\/v2\/comments?post=737"}],"version-history":[{"count":308,"href":"https:\/\/sotransbois.com\/nl\/wp-json\/wp\/v2\/pages\/737\/revisions"}],"predecessor-version":[{"id":32384,"href":"https:\/\/sotransbois.com\/nl\/wp-json\/wp\/v2\/pages\/737\/revisions\/32384"}],"wp:attachment":[{"href":"https:\/\/sotransbois.com\/nl\/wp-json\/wp\/v2\/media?parent=737"}],"curies":[{"name":"wp","href":"https:\/\/api.w.org\/{rel}","templated":true}]}}