{"id":764,"date":"2022-12-30T10:23:36","date_gmt":"2022-12-30T09:23:36","guid":{"rendered":"https:\/\/mci-medias.flywheelsites.com\/?page_id=764"},"modified":"2026-04-06T14:10:22","modified_gmt":"2026-04-06T13:10:22","slug":"vuurstarter","status":"publish","type":"page","link":"https:\/\/sotransbois.com\/nl\/allume-feu\/","title":{"rendered":"Aanmaakblokjes"},"content":{"rendered":"<div data-elementor-type=\"wp-page\" data-elementor-id=\"764\" class=\"elementor elementor-764\" data-elementor-post-type=\"page\">\n\t\t\t\t<div class=\"elementor-element elementor-element-22f9d13 e-flex e-con-boxed e-con e-parent\" data-id=\"22f9d13\" data-element_type=\"container\" data-e-type=\"container\">\n\t\t\t\t\t<div class=\"e-con-inner\">\n\t\t\t\t<div class=\"elementor-element elementor-element-162b6f3 elementor-widget elementor-widget-heading\" data-id=\"162b6f3\" data-element_type=\"widget\" data-e-type=\"widget\" data-widget_type=\"heading.default\">\n\t\t\t\t<div class=\"elementor-widget-container\">\n\t\t\t\t\t<h1 class=\"elementor-heading-title elementor-size-default\">Aanmaakblokjes<\/h1>\t\t\t\t<\/div>\n\t\t\t\t<\/div>\n\t\t\t\t<div class=\"elementor-element elementor-element-5f0ae24 elementor-widget elementor-widget-image\" data-id=\"5f0ae24\" data-element_type=\"widget\" data-e-type=\"widget\" data-widget_type=\"image.default\">\n\t\t\t\t<div class=\"elementor-widget-container\">\n\t\t\t\t\t\t\t\t\t\t\t\t\t\t\t<img fetchpriority=\"high\" decoding=\"async\" width=\"768\" height=\"432\" src=\"https:\/\/sotransbois.com\/wp-content\/uploads\/2024\/09\/filets-bois-dallumage-allume-feu-768x432.webp\" class=\"attachment-medium_large size-medium_large wp-image-14635\" alt=\"aanmaaknetten aanmaakblokjes\" srcset=\"https:\/\/sotransbois.com\/wp-content\/uploads\/2024\/09\/filets-bois-dallumage-allume-feu-768x432.webp 768w, https:\/\/sotransbois.com\/wp-content\/uploads\/2024\/09\/filets-bois-dallumage-allume-feu-300x169.webp 300w, https:\/\/sotransbois.com\/wp-content\/uploads\/2024\/09\/filets-bois-dallumage-allume-feu-1024x576.webp 1024w, https:\/\/sotransbois.com\/wp-content\/uploads\/2024\/09\/filets-bois-dallumage-allume-feu-18x10.webp 18w, https:\/\/sotransbois.com\/wp-content\/uploads\/2024\/09\/filets-bois-dallumage-allume-feu.webp 1280w\" sizes=\"(max-width: 768px) 100vw, 768px\" \/>\t\t\t\t\t\t\t\t\t\t\t\t\t\t\t<\/div>\n\t\t\t\t<\/div>\n\t\t\t\t<div class=\"elementor-element elementor-element-6b81d8b elementor-widget elementor-widget-text-editor\" data-id=\"6b81d8b\" data-element_type=\"widget\" data-e-type=\"widget\" data-widget_type=\"text-editor.default\">\n\t\t\t\t<div class=\"elementor-widget-container\">\n\t\t\t\t\t\t\t\t\t<p>Wij produceren aanmaakvuren, ook wel \u00abaanmaakhout\u00bb genoemd, bestaande uit 100% zachthout en naaldhout (ideaal om aan te steken). Wij verpakken deze aanmaakvuren voornamelijk in stalen kisten.<\/p><p>Wij bieden netten van 20 liter, evenals netten van 40 liter. Hoewel de netten van 40 liter iets goedkoper zijn, blijven de netten van 20 liter het best verkocht vanwege hun lichtgewicht en gebruiksgemak.<\/p><p>U kunt de vrachtwagen mixen met andere producten.<\/p>\t\t\t\t\t\t\t\t<\/div>\n\t\t\t\t<\/div>\n\t\t\t\t\t<\/div>\n\t\t\t\t<\/div>\n\t\t<div class=\"elementor-element elementor-element-2096b47e e-flex e-con-boxed e-con e-parent\" data-id=\"2096b47e\" data-element_type=\"container\" data-e-type=\"container\">\n\t\t\t\t\t<div class=\"e-con-inner\">\n\t\t\t\t<div class=\"elementor-element elementor-element-33f31135 elementor-widget elementor-widget-button\" data-id=\"33f31135\" data-element_type=\"widget\" data-e-type=\"widget\" data-widget_type=\"button.default\">\n\t\t\t\t<div class=\"elementor-widget-container\">\n\t\t\t\t\t\t\t\t\t<div class=\"elementor-button-wrapper\">\n\t\t\t\t\t<a class=\"elementor-button elementor-button-link elementor-size-sm\" href=\"https:\/\/sotransbois.com\/nl\/tarieven\/\">\n\t\t\t\t\t\t<span class=\"elementor-button-content-wrapper\">\n\t\t\t\t\t\t<span class=\"elementor-button-icon\">\n\t\t\t\t<i aria-hidden=\"true\" class=\"fas fa-arrow-alt-circle-right\"><\/i>\t\t\t<\/span>\n\t\t\t\t\t\t\t\t\t<span class=\"elementor-button-text\">Prijzen Incl. BTW<\/span>\n\t\t\t\t\t<\/span>\n\t\t\t\t\t<\/a>\n\t\t\t\t<\/div>\n\t\t\t\t\t\t\t\t<\/div>\n\t\t\t\t<\/div>\n\t\t\t\t<div class=\"elementor-element elementor-element-7df0dc8e elementor-widget elementor-widget-button\" data-id=\"7df0dc8e\" data-element_type=\"widget\" data-e-type=\"widget\" data-widget_type=\"button.default\">\n\t\t\t\t<div class=\"elementor-widget-container\">\n\t\t\t\t\t\t\t\t\t<div class=\"elementor-button-wrapper\">\n\t\t\t\t\t<a class=\"elementor-button elementor-button-link elementor-size-sm\" href=\"https:\/\/sotransbois.com\/nl\/pro-contact\/\">\n\t\t\t\t\t\t<span class=\"elementor-button-content-wrapper\">\n\t\t\t\t\t\t<span class=\"elementor-button-icon\">\n\t\t\t\t<i aria-hidden=\"true\" class=\"fas fa-arrow-alt-circle-right\"><\/i>\t\t\t<\/span>\n\t\t\t\t\t\t\t\t\t<span class=\"elementor-button-text\">Prijzen Excl. BTW (Professionals)<\/span>\n\t\t\t\t\t<\/span>\n\t\t\t\t\t<\/a>\n\t\t\t\t<\/div>\n\t\t\t\t\t\t\t\t<\/div>\n\t\t\t\t<\/div>\n\t\t\t\t\t<\/div>\n\t\t\t\t<\/div>\n\t\t\t\t<\/div>","protected":false},"excerpt":{"rendered":"<p>Allume-feu Nous produisons des filets d&rsquo;allume-feu, aussi appel\u00e9 \u00ab\u00a0bois d&rsquo;allumage\u00a0\u00bb, compos\u00e9 \u00e0 100% de bois tendre et de r\u00e9sineux (id\u00e9al pour l&rsquo;allumage). Nous conditionnons ces filets principalement en box fer. Nous proposons des filets de 20L, ainsi que des filets de 40L. Bien que les filets de 40L sont l\u00e9g\u00e8rement moins chers, les filets de [&hellip;]<\/p>\n","protected":false},"author":1,"featured_media":0,"parent":0,"menu_order":0,"comment_status":"closed","ping_status":"closed","template":"","meta":{"footnotes":""},"class_list":["post-764","page","type-page","status-publish","hentry"],"_links":{"self":[{"href":"https:\/\/sotransbois.com\/nl\/wp-json\/wp\/v2\/pages\/764","targetHints":{"allow":["GET"]}}],"collection":[{"href":"https:\/\/sotransbois.com\/nl\/wp-json\/wp\/v2\/pages"}],"about":[{"href":"https:\/\/sotransbois.com\/nl\/wp-json\/wp\/v2\/types\/page"}],"author":[{"embeddable":true,"href":"https:\/\/sotransbois.com\/nl\/wp-json\/wp\/v2\/users\/1"}],"replies":[{"embeddable":true,"href":"https:\/\/sotransbois.com\/nl\/wp-json\/wp\/v2\/comments?post=764"}],"version-history":[{"count":78,"href":"https:\/\/sotransbois.com\/nl\/wp-json\/wp\/v2\/pages\/764\/revisions"}],"predecessor-version":[{"id":32058,"href":"https:\/\/sotransbois.com\/nl\/wp-json\/wp\/v2\/pages\/764\/revisions\/32058"}],"wp:attachment":[{"href":"https:\/\/sotransbois.com\/nl\/wp-json\/wp\/v2\/media?parent=764"}],"curies":[{"name":"wp","href":"https:\/\/api.w.org\/{rel}","templated":true}]}}