{"id":9233,"date":"2024-03-27T14:38:27","date_gmt":"2024-03-27T13:38:27","guid":{"rendered":"http:\/\/sotransbois.com\/?page_id=9233"},"modified":"2026-02-20T07:16:53","modified_gmt":"2026-02-20T06:16:53","slug":"brandhoutschroot","status":"publish","type":"page","link":"https:\/\/sotransbois.com\/nl\/chutes-bois-de-chauffage\/","title":{"rendered":"Brandhout"},"content":{"rendered":"<div data-elementor-type=\"wp-page\" data-elementor-id=\"9233\" class=\"elementor elementor-9233\" data-elementor-post-type=\"page\">\n\t\t\t\t<div class=\"elementor-element elementor-element-25fed8e e-flex e-con-boxed e-con e-parent\" data-id=\"25fed8e\" data-element_type=\"container\" data-e-type=\"container\">\n\t\t\t\t\t<div class=\"e-con-inner\">\n\t\t\t\t<div class=\"elementor-element elementor-element-6726459 elementor-widget elementor-widget-heading\" data-id=\"6726459\" data-element_type=\"widget\" data-e-type=\"widget\" data-widget_type=\"heading.default\">\n\t\t\t\t<div class=\"elementor-widget-container\">\n\t\t\t\t\t<h1 class=\"elementor-heading-title elementor-size-default\">Brandhout<\/h1>\t\t\t\t<\/div>\n\t\t\t\t<\/div>\n\t\t\t\t<div class=\"elementor-element elementor-element-a9401e7 elementor-widget elementor-widget-image\" data-id=\"a9401e7\" data-element_type=\"widget\" data-e-type=\"widget\" data-widget_type=\"image.default\">\n\t\t\t\t<div class=\"elementor-widget-container\">\n\t\t\t\t\t\t\t\t\t\t\t\t<figure class=\"wp-caption\">\n\t\t\t\t\t\t\t\t\t\t<img fetchpriority=\"high\" decoding=\"async\" width=\"768\" height=\"432\" src=\"https:\/\/sotransbois.com\/wp-content\/uploads\/2024\/04\/Chutes-de-bois-de-chauffage-768x432.webp\" class=\"attachment-medium_large size-medium_large wp-image-9874\" alt=\"\" srcset=\"https:\/\/sotransbois.com\/wp-content\/uploads\/2024\/04\/Chutes-de-bois-de-chauffage-768x432.webp 768w, https:\/\/sotransbois.com\/wp-content\/uploads\/2024\/04\/Chutes-de-bois-de-chauffage-300x169.webp 300w, https:\/\/sotransbois.com\/wp-content\/uploads\/2024\/04\/Chutes-de-bois-de-chauffage-1024x576.webp 1024w, https:\/\/sotransbois.com\/wp-content\/uploads\/2024\/04\/Chutes-de-bois-de-chauffage.webp 1280w\" sizes=\"(max-width: 768px) 100vw, 768px\" \/>\t\t\t\t\t\t\t\t\t\t\t<figcaption class=\"widget-image-caption wp-caption-text\">Afvalstammen verpakt in ijzeren dozen<\/figcaption>\n\t\t\t\t\t\t\t\t\t\t<\/figure>\n\t\t\t\t\t\t\t\t\t<\/div>\n\t\t\t\t<\/div>\n\t\t\t\t<div class=\"elementor-element elementor-element-6ddd9b4 elementor-widget elementor-widget-image\" data-id=\"6ddd9b4\" data-element_type=\"widget\" data-e-type=\"widget\" data-widget_type=\"image.default\">\n\t\t\t\t<div class=\"elementor-widget-container\">\n\t\t\t\t\t\t\t\t\t\t\t\t<figure class=\"wp-caption\">\n\t\t\t\t\t\t\t\t\t\t<img decoding=\"async\" width=\"768\" height=\"432\" src=\"https:\/\/sotransbois.com\/wp-content\/uploads\/2025\/07\/benne-de-purges-chutes-de-grumes-768x432.webp\" class=\"attachment-medium_large size-medium_large wp-image-23400\" alt=\"overslaan (afsnijdsels)\" srcset=\"https:\/\/sotransbois.com\/wp-content\/uploads\/2025\/07\/benne-de-purges-chutes-de-grumes-768x432.webp 768w, https:\/\/sotransbois.com\/wp-content\/uploads\/2025\/07\/benne-de-purges-chutes-de-grumes-300x169.webp 300w, https:\/\/sotransbois.com\/wp-content\/uploads\/2025\/07\/benne-de-purges-chutes-de-grumes-1024x576.webp 1024w, https:\/\/sotransbois.com\/wp-content\/uploads\/2025\/07\/benne-de-purges-chutes-de-grumes-18x10.webp 18w, https:\/\/sotransbois.com\/wp-content\/uploads\/2025\/07\/benne-de-purges-chutes-de-grumes.webp 1280w\" sizes=\"(max-width: 768px) 100vw, 768px\" \/>\t\t\t\t\t\t\t\t\t\t\t<figcaption class=\"widget-image-caption wp-caption-text\">Vallende houtblokken (zuiveringen)<\/figcaption>\n\t\t\t\t\t\t\t\t\t\t<\/figure>\n\t\t\t\t\t\t\t\t\t<\/div>\n\t\t\t\t<\/div>\n\t\t\t\t<div class=\"elementor-element elementor-element-f2d6ed6 elementor-widget elementor-widget-text-editor\" data-id=\"f2d6ed6\" data-element_type=\"widget\" data-e-type=\"widget\" data-widget_type=\"text-editor.default\">\n\t\t\t\t<div class=\"elementor-widget-container\">\n\t\t\t\t\t\t\t\t\t<p>De afsnijdsels zijn onconventionele stukken van verschillende afmetingen.<\/p><p>We verkopen voornamelijk <strong>twee soorten val<\/strong> :<\/p><ul><li><strong>Afval stammen<\/strong> Stukken van standaardformaat, ongeveer 5 tot 20 cm in diameter.<\/li><li><strong>Vallende boomstammen<\/strong>genaamd \"purgen\". Vrij grote diameter.<\/li><\/ul>\t\t\t\t\t\t\t\t<\/div>\n\t\t\t\t<\/div>\n\t\t\t\t<div class=\"elementor-element elementor-element-44c5eeb elementor-widget elementor-widget-image\" data-id=\"44c5eeb\" data-element_type=\"widget\" data-e-type=\"widget\" data-widget_type=\"image.default\">\n\t\t\t\t<div class=\"elementor-widget-container\">\n\t\t\t\t\t\t\t\t\t\t\t\t<figure class=\"wp-caption\">\n\t\t\t\t\t\t\t\t\t\t<img decoding=\"async\" width=\"768\" height=\"432\" src=\"https:\/\/sotransbois.com\/wp-content\/uploads\/2026\/02\/Livraison-Chutes-de-grumes-768x432.webp\" class=\"attachment-medium_large size-medium_large wp-image-30995\" alt=\"Levering van 30 m\u00b3 bulk\" srcset=\"https:\/\/sotransbois.com\/wp-content\/uploads\/2026\/02\/Livraison-Chutes-de-grumes-768x432.webp 768w, https:\/\/sotransbois.com\/wp-content\/uploads\/2026\/02\/Livraison-Chutes-de-grumes-300x169.webp 300w, https:\/\/sotransbois.com\/wp-content\/uploads\/2026\/02\/Livraison-Chutes-de-grumes-1024x576.webp 1024w, https:\/\/sotransbois.com\/wp-content\/uploads\/2026\/02\/Livraison-Chutes-de-grumes-18x10.jpg 18w, https:\/\/sotransbois.com\/wp-content\/uploads\/2026\/02\/Livraison-Chutes-de-grumes.webp 1280w\" sizes=\"(max-width: 768px) 100vw, 768px\" \/>\t\t\t\t\t\t\t\t\t\t\t<figcaption class=\"widget-image-caption wp-caption-text\">Vallende boomstammen<\/figcaption>\n\t\t\t\t\t\t\t\t\t\t<\/figure>\n\t\t\t\t\t\t\t\t\t<\/div>\n\t\t\t\t<\/div>\n\t\t\t\t<div class=\"elementor-element elementor-element-8f43ef0 elementor-widget elementor-widget-text-editor\" data-id=\"8f43ef0\" data-element_type=\"widget\" data-e-type=\"widget\" data-widget_type=\"text-editor.default\">\n\t\t\t\t<div class=\"elementor-widget-container\">\n\t\t\t\t\t\t\t\t\t<p><a href=\"https:\/\/sotransbois.com\/nl\/stortkokers\/\">Klik hier voor meer informatie over onze houtafval.<\/a><\/p>\t\t\t\t\t\t\t\t<\/div>\n\t\t\t\t<\/div>\n\t\t\t\t\t<\/div>\n\t\t\t\t<\/div>\n\t\t<div class=\"elementor-element elementor-element-af4139c e-flex e-con-boxed e-con e-parent\" data-id=\"af4139c\" data-element_type=\"container\" data-e-type=\"container\">\n\t\t\t\t\t<div class=\"e-con-inner\">\n\t\t\t\t<div class=\"elementor-element elementor-element-83e9b41 elementor-widget elementor-widget-heading\" data-id=\"83e9b41\" data-element_type=\"widget\" data-e-type=\"widget\" data-widget_type=\"heading.default\">\n\t\t\t\t<div class=\"elementor-widget-container\">\n\t\t\t\t\t<h2 class=\"elementor-heading-title elementor-size-default\">Veelgestelde vragen<\/h2>\t\t\t\t<\/div>\n\t\t\t\t<\/div>\n\t\t\t\t<div class=\"elementor-element elementor-element-39fe482 elementor-widget__width-initial elementor-widget elementor-widget-n-accordion\" data-id=\"39fe482\" data-element_type=\"widget\" data-e-type=\"widget\" data-settings=\"{&quot;max_items_expended&quot;:&quot;multiple&quot;,&quot;default_state&quot;:&quot;all_collapsed&quot;,&quot;n_accordion_animation_duration&quot;:{&quot;unit&quot;:&quot;ms&quot;,&quot;size&quot;:400,&quot;sizes&quot;:[]}}\" data-widget_type=\"nested-accordion.default\">\n\t\t\t\t<div class=\"elementor-widget-container\">\n\t\t\t\t\t\t\t<div class=\"e-n-accordion\" aria-label=\"Accordeon. Links openen met Enter of Spatie, sluiten met Escape en navigeren met Pijltjestoetsen\">\n\t\t\t\t\t\t<details id=\"e-n-accordion-item-6080\" class=\"e-n-accordion-item\" >\n\t\t\t\t<summary class=\"e-n-accordion-item-title\" data-accordion-index=\"1\" tabindex=\"0\" aria-expanded=\"false\" aria-controls=\"e-n-accordion-item-6080\" >\n\t\t\t\t\t<span class='e-n-accordion-item-title-header'><div class=\"e-n-accordion-item-title-text\"> Wanneer moet je snijafval kopen? <\/div><\/span>\n\t\t\t\t\t\t\t<span class='e-n-accordion-item-title-icon'>\n\t\t\t<span class='e-opened' ><i aria-hidden=\"true\" class=\"fas fa-caret-up\"><\/i><\/span>\n\t\t\t<span class='e-closed'><i aria-hidden=\"true\" class=\"fas fa-caret-down\"><\/i><\/span>\n\t\t<\/span>\n\n\t\t\t\t\t\t<\/summary>\n\t\t\t\t<div role=\"region\" aria-labelledby=\"e-n-accordion-item-6080\" class=\"elementor-element elementor-element-6c9dbc4 e-con-full e-flex e-con e-child\" data-id=\"6c9dbc4\" data-element_type=\"container\" data-e-type=\"container\">\n\t\t\t\t<div class=\"elementor-element elementor-element-ca7b3f9 elementor-widget elementor-widget-text-editor\" data-id=\"ca7b3f9\" data-element_type=\"widget\" data-e-type=\"widget\" data-widget_type=\"text-editor.default\">\n\t\t\t\t<div class=\"elementor-widget-container\">\n\t\t\t\t\t\t\t\t\t<p>De glijbanen zijn aantrekkelijk geprijsd, maar niet voor iedereen.<\/p><p><strong>Hier zijn een paar toepassingen voor vallen:<\/strong><\/p><ul><li>Ketel met grote capaciteit voor grote stukken.<\/li><li>Klassieke ketel voor standaard stukken.<\/li><li>Als je een verticale splitter hebt.<\/li><\/ul>\t\t\t\t\t\t\t\t<\/div>\n\t\t\t\t<\/div>\n\t\t\t\t<\/div>\n\t\t\t\t\t<\/details>\n\t\t\t\t\t\t<details id=\"e-n-accordion-item-6081\" class=\"e-n-accordion-item\" >\n\t\t\t\t<summary class=\"e-n-accordion-item-title\" data-accordion-index=\"2\" tabindex=\"-1\" aria-expanded=\"false\" aria-controls=\"e-n-accordion-item-6081\" >\n\t\t\t\t\t<span class='e-n-accordion-item-title-header'><div class=\"e-n-accordion-item-title-text\"> Hoeveel sterren in een ijzeren doos? <\/div><\/span>\n\t\t\t\t\t\t\t<span class='e-n-accordion-item-title-icon'>\n\t\t\t<span class='e-opened' ><i aria-hidden=\"true\" class=\"fas fa-caret-up\"><\/i><\/span>\n\t\t\t<span class='e-closed'><i aria-hidden=\"true\" class=\"fas fa-caret-down\"><\/i><\/span>\n\t\t<\/span>\n\n\t\t\t\t\t\t<\/summary>\n\t\t\t\t<div role=\"region\" aria-labelledby=\"e-n-accordion-item-6081\" class=\"elementor-element elementor-element-8928a66 e-con-full e-flex e-con e-child\" data-id=\"8928a66\" data-element_type=\"container\" data-e-type=\"container\">\n\t\t\t\t<div class=\"elementor-element elementor-element-0619376 elementor-widget elementor-widget-text-editor\" data-id=\"0619376\" data-element_type=\"widget\" data-e-type=\"widget\" data-widget_type=\"text-editor.default\">\n\t\t\t\t<div class=\"elementor-widget-container\">\n\t\t\t\t\t\t\t\t\t<p>Een doos oud ijzer bevat +\/- 1,50 ster. Dit hangt af van de grootte van de afsnijdsels.<\/p>\t\t\t\t\t\t\t\t<\/div>\n\t\t\t\t<\/div>\n\t\t\t\t<\/div>\n\t\t\t\t\t<\/details>\n\t\t\t\t\t\t<details id=\"e-n-accordion-item-6082\" class=\"e-n-accordion-item\" >\n\t\t\t\t<summary class=\"e-n-accordion-item-title\" data-accordion-index=\"3\" tabindex=\"-1\" aria-expanded=\"false\" aria-controls=\"e-n-accordion-item-6082\" >\n\t\t\t\t\t<span class='e-n-accordion-item-title-header'><div class=\"e-n-accordion-item-title-text\"> Kunnen de dozen worden geretourneerd? <\/div><\/span>\n\t\t\t\t\t\t\t<span class='e-n-accordion-item-title-icon'>\n\t\t\t<span class='e-opened' ><i aria-hidden=\"true\" class=\"fas fa-caret-up\"><\/i><\/span>\n\t\t\t<span class='e-closed'><i aria-hidden=\"true\" class=\"fas fa-caret-down\"><\/i><\/span>\n\t\t<\/span>\n\n\t\t\t\t\t\t<\/summary>\n\t\t\t\t<div role=\"region\" aria-labelledby=\"e-n-accordion-item-6082\" class=\"elementor-element elementor-element-f95d92e e-con-full e-flex e-con e-child\" data-id=\"f95d92e\" data-element_type=\"container\" data-e-type=\"container\">\n\t\t\t\t<div class=\"elementor-element elementor-element-fb8f2a0 elementor-widget elementor-widget-text-editor\" data-id=\"fb8f2a0\" data-element_type=\"widget\" data-e-type=\"widget\" data-widget_type=\"text-editor.default\">\n\t\t\t\t<div class=\"elementor-widget-container\">\n\t\t\t\t\t\t\t\t\t<p>IJzeren dozen kunnen worden verkocht in niet-retourneerbare of retourneerbare verpakkingen.<\/p><p>Als de levering is aan <strong>meer dan 250 km<\/strong>Dozen worden over het algemeen verkocht in verpakkingen die niet kunnen worden geretourneerd.<\/p><p>Als je een vaste klant bent, gevestigd in <strong>minder dan 250 km<\/strong>Als je wilt, kunnen we bij elke levering statiegeld en omruilboxen toepassen.<\/p>\t\t\t\t\t\t\t\t<\/div>\n\t\t\t\t<\/div>\n\t\t\t\t<\/div>\n\t\t\t\t\t<\/details>\n\t\t\t\t\t\t<details id=\"e-n-accordion-item-6083\" class=\"e-n-accordion-item\" >\n\t\t\t\t<summary class=\"e-n-accordion-item-title\" data-accordion-index=\"4\" tabindex=\"-1\" aria-expanded=\"false\" aria-controls=\"e-n-accordion-item-6083\" >\n\t\t\t\t\t<span class='e-n-accordion-item-title-header'><div class=\"e-n-accordion-item-title-text\"> Hoe ver kun je leveren? <\/div><\/span>\n\t\t\t\t\t\t\t<span class='e-n-accordion-item-title-icon'>\n\t\t\t<span class='e-opened' ><i aria-hidden=\"true\" class=\"fas fa-caret-up\"><\/i><\/span>\n\t\t\t<span class='e-closed'><i aria-hidden=\"true\" class=\"fas fa-caret-down\"><\/i><\/span>\n\t\t<\/span>\n\n\t\t\t\t\t\t<\/summary>\n\t\t\t\t<div role=\"region\" aria-labelledby=\"e-n-accordion-item-6083\" class=\"elementor-element elementor-element-2689490 e-con-full e-flex e-con e-child\" data-id=\"2689490\" data-element_type=\"container\" data-e-type=\"container\">\n\t\t\t\t<div class=\"elementor-element elementor-element-73a24b2 elementor-widget elementor-widget-text-editor\" data-id=\"73a24b2\" data-element_type=\"widget\" data-e-type=\"widget\" data-widget_type=\"text-editor.default\">\n\t\t\t\t<div class=\"elementor-widget-container\">\n\t\t\t\t\t\t\t\t\t<p>Onze maximale leveringsafstanden zijn afhankelijk van de omstandigheden:<\/p><ul><li>Schroot verpakt in ijzeren dozen: levering tot 800km.<\/li><li>Goten geleverd per kipper: tot 200 km.<\/li><\/ul>\t\t\t\t\t\t\t\t<\/div>\n\t\t\t\t<\/div>\n\t\t\t\t<\/div>\n\t\t\t\t\t<\/details>\n\t\t\t\t\t<\/div>\n\t\t\t\t\t\t<\/div>\n\t\t\t\t<\/div>\n\t\t\t\t\t<\/div>\n\t\t\t\t<\/div>\n\t\t<div class=\"elementor-element elementor-element-32a69f56 e-flex e-con-boxed e-con e-parent\" data-id=\"32a69f56\" data-element_type=\"container\" data-e-type=\"container\">\n\t\t\t\t\t<div class=\"e-con-inner\">\n\t\t\t\t<div class=\"elementor-element elementor-element-57399ee1 elementor-widget elementor-widget-button\" data-id=\"57399ee1\" data-element_type=\"widget\" data-e-type=\"widget\" data-widget_type=\"button.default\">\n\t\t\t\t<div class=\"elementor-widget-container\">\n\t\t\t\t\t\t\t\t\t<div class=\"elementor-button-wrapper\">\n\t\t\t\t\t<a class=\"elementor-button elementor-button-link elementor-size-sm\" href=\"https:\/\/sotransbois.com\/nl\/tarieven\/\">\n\t\t\t\t\t\t<span class=\"elementor-button-content-wrapper\">\n\t\t\t\t\t\t<span class=\"elementor-button-icon\">\n\t\t\t\t<i aria-hidden=\"true\" class=\"fas fa-arrow-alt-circle-right\"><\/i>\t\t\t<\/span>\n\t\t\t\t\t\t\t\t\t<span class=\"elementor-button-text\">Prijzen Incl. BTW<\/span>\n\t\t\t\t\t<\/span>\n\t\t\t\t\t<\/a>\n\t\t\t\t<\/div>\n\t\t\t\t\t\t\t\t<\/div>\n\t\t\t\t<\/div>\n\t\t\t\t<div class=\"elementor-element elementor-element-59aa68b5 elementor-widget elementor-widget-button\" data-id=\"59aa68b5\" data-element_type=\"widget\" data-e-type=\"widget\" data-widget_type=\"button.default\">\n\t\t\t\t<div class=\"elementor-widget-container\">\n\t\t\t\t\t\t\t\t\t<div class=\"elementor-button-wrapper\">\n\t\t\t\t\t<a class=\"elementor-button elementor-button-link elementor-size-sm\" href=\"https:\/\/sotransbois.com\/nl\/pro-contact\/\">\n\t\t\t\t\t\t<span class=\"elementor-button-content-wrapper\">\n\t\t\t\t\t\t<span class=\"elementor-button-icon\">\n\t\t\t\t<i aria-hidden=\"true\" class=\"fas fa-arrow-alt-circle-right\"><\/i>\t\t\t<\/span>\n\t\t\t\t\t\t\t\t\t<span class=\"elementor-button-text\">Prijzen Excl. BTW (Professionals)<\/span>\n\t\t\t\t\t<\/span>\n\t\t\t\t\t<\/a>\n\t\t\t\t<\/div>\n\t\t\t\t\t\t\t\t<\/div>\n\t\t\t\t<\/div>\n\t\t\t\t\t<\/div>\n\t\t\t\t<\/div>\n\t\t\t\t<\/div>","protected":false},"excerpt":{"rendered":"<p>Chutes de bois de chauffage Chutes de b\u00fbches conditionn\u00e9es en box fer Chutes de grumes (purges) Les chutes sont des morceaux non conventionnels de divers gabarits. Nous vendons principalement deux types de chutes : Chutes de b\u00fbches : des morceaux de gabarit standard, environ 5 \u00e0 20cm de diam\u00e8tre. Chutes de grumes, appel\u00e9es \u00ab\u00a0purges\u00a0\u00bb. Diam\u00e8tre [&hellip;]<\/p>\n","protected":false},"author":1,"featured_media":0,"parent":0,"menu_order":0,"comment_status":"closed","ping_status":"closed","template":"","meta":{"footnotes":""},"class_list":["post-9233","page","type-page","status-publish","hentry"],"_links":{"self":[{"href":"https:\/\/sotransbois.com\/nl\/wp-json\/wp\/v2\/pages\/9233","targetHints":{"allow":["GET"]}}],"collection":[{"href":"https:\/\/sotransbois.com\/nl\/wp-json\/wp\/v2\/pages"}],"about":[{"href":"https:\/\/sotransbois.com\/nl\/wp-json\/wp\/v2\/types\/page"}],"author":[{"embeddable":true,"href":"https:\/\/sotransbois.com\/nl\/wp-json\/wp\/v2\/users\/1"}],"replies":[{"embeddable":true,"href":"https:\/\/sotransbois.com\/nl\/wp-json\/wp\/v2\/comments?post=9233"}],"version-history":[{"count":90,"href":"https:\/\/sotransbois.com\/nl\/wp-json\/wp\/v2\/pages\/9233\/revisions"}],"predecessor-version":[{"id":31073,"href":"https:\/\/sotransbois.com\/nl\/wp-json\/wp\/v2\/pages\/9233\/revisions\/31073"}],"wp:attachment":[{"href":"https:\/\/sotransbois.com\/nl\/wp-json\/wp\/v2\/media?parent=9233"}],"curies":[{"name":"wp","href":"https:\/\/api.w.org\/{rel}","templated":true}]}}